{"id":955,"date":"2024-06-17T17:07:51","date_gmt":"2024-06-17T17:07:51","guid":{"rendered":"https:\/\/www.houseluz.com\/?post_type=product&#038;p=955"},"modified":"2024-07-05T10:04:56","modified_gmt":"2024-07-05T10:04:56","slug":"clap-colgante-lineal-blanco","status":"publish","type":"product","link":"https:\/\/www.houseluz.com\/?product=clap-colgante-lineal-blanco","title":{"rendered":"Clap Colgante Lineal"},"content":{"rendered":"<p>El aplique CLAP COLGANTE LINEAL 3X6W 3000K 38\u00b0 es una luminaria de dise\u00f1o moderno que se fija al techo y cuenta con un voltaje de 220V-240V. Con una potencia m\u00e1xima total de 18W, cuenta con tecnolog\u00eda COB LED que proporciona una iluminaci\u00f3n eficiente y duradera. Su temperatura de color es de 3000K, ofreciendo una luz c\u00e1lida y acogedora.<\/p>\n<p>Adem\u00e1s, cuenta con un \u00edndice de reproducci\u00f3n crom\u00e1tica (CRI) de &gt;80, lo que garantiza una mejor percepci\u00f3n de los colores. Con una apertura de 38\u00b0, esta luminaria tiene una intensidad lum\u00ednica m\u00e1xima de 3x524lm. Es importante destacar que la fuente de luz est\u00e1 incluida y el aplique no es regulable en intensidad. Con un grado de protecci\u00f3n IP65, es adecuado para instalaciones en espacios interiores y exteriores.<\/p>\n","protected":false},"excerpt":{"rendered":"<p>El aplique CLAP COLGANTE LINEAL 3X6W 3000K 38\u00b0 es una luminaria de dise\u00f1o moderno que se fija al techo y cuenta con un voltaje de 220V-240V. Con una potencia m\u00e1xima total de 18W, cuenta con tecnolog\u00eda COB LED que proporciona una iluminaci\u00f3n eficiente y duradera. Su temperatura de color es de 3000K, ofreciendo una luz [&hellip;]<\/p>\n","protected":false},"featured_media":937,"comment_status":"open","ping_status":"closed","template":"","meta":[],"product_cat":[27,19],"product_tag":[],"_links":{"self":[{"href":"https:\/\/www.houseluz.com\/index.php?rest_route=\/wp\/v2\/product\/955"}],"collection":[{"href":"https:\/\/www.houseluz.com\/index.php?rest_route=\/wp\/v2\/product"}],"about":[{"href":"https:\/\/www.houseluz.com\/index.php?rest_route=\/wp\/v2\/types\/product"}],"replies":[{"embeddable":true,"href":"https:\/\/www.houseluz.com\/index.php?rest_route=%2Fwp%2Fv2%2Fcomments&post=955"}],"wp:featuredmedia":[{"embeddable":true,"href":"https:\/\/www.houseluz.com\/index.php?rest_route=\/wp\/v2\/media\/937"}],"wp:attachment":[{"href":"https:\/\/www.houseluz.com\/index.php?rest_route=%2Fwp%2Fv2%2Fmedia&parent=955"}],"wp:term":[{"taxonomy":"product_cat","embeddable":true,"href":"https:\/\/www.houseluz.com\/index.php?rest_route=%2Fwp%2Fv2%2Fproduct_cat&post=955"},{"taxonomy":"product_tag","embeddable":true,"href":"https:\/\/www.houseluz.com\/index.php?rest_route=%2Fwp%2Fv2%2Fproduct_tag&post=955"}],"curies":[{"name":"wp","href":"https:\/\/api.w.org\/{rel}","templated":true}]}}