{"id":953,"date":"2024-06-17T17:05:58","date_gmt":"2024-06-17T17:05:58","guid":{"rendered":"https:\/\/www.houseluz.com\/?post_type=product&#038;p=953"},"modified":"2024-06-17T17:05:59","modified_gmt":"2024-06-17T17:05:59","slug":"muffin-colgante-gris-oscuro","status":"publish","type":"product","link":"https:\/\/www.houseluz.com\/?product=muffin-colgante-gris-oscuro","title":{"rendered":"Muffin Colgante Gris Oscuro"},"content":{"rendered":"<p>El aplique MUFFIN COLGANTE GRIS OSCURO 1XE27 MAX 15W es una opci\u00f3n elegante y moderna para iluminar cualquier espacio. Con un dise\u00f1o colgante en color gris oscuro, este aplique se adapta perfectamente a cualquier estilo de decoraci\u00f3n.<\/p>\n<p>Con un voltaje de 100V-240V, este aplique se fija al techo con un grado de protecci\u00f3n IP44 y pertenece a la clase I de seguridad. Con una potencia m\u00e1xima de 15W y una frecuencia de 50\/60Hz, es una opci\u00f3n eficiente y duradera.<\/p>\n<p>La fuente de luz utilizada es un casquillo E27, que viene incluido, lo que facilita la instalaci\u00f3n. La orientaci\u00f3n de la luz es ambiental, proporcionando una iluminaci\u00f3n suave y agradable a cualquier espacio.<\/p>\n<p>Hecho con cuerpo de aluminio, este aplique es resistente y duradero, asegurando una larga vida \u00fatil y un alto rendimiento lum\u00ednico. Perfecto para cualquier ambiente donde se busque una iluminaci\u00f3n funcional y decorativa al mismo tiempo.<\/p>\n","protected":false},"excerpt":{"rendered":"<p>El aplique MUFFIN COLGANTE GRIS OSCURO 1XE27 MAX 15W es una opci\u00f3n elegante y moderna para iluminar cualquier espacio. Con un dise\u00f1o colgante en color gris oscuro, este aplique se adapta perfectamente a cualquier estilo de decoraci\u00f3n. Con un voltaje de 100V-240V, este aplique se fija al techo con un grado de protecci\u00f3n IP44 y [&hellip;]<\/p>\n","protected":false},"featured_media":936,"comment_status":"open","ping_status":"closed","template":"","meta":[],"product_cat":[27,19],"product_tag":[],"_links":{"self":[{"href":"https:\/\/www.houseluz.com\/index.php?rest_route=\/wp\/v2\/product\/953"}],"collection":[{"href":"https:\/\/www.houseluz.com\/index.php?rest_route=\/wp\/v2\/product"}],"about":[{"href":"https:\/\/www.houseluz.com\/index.php?rest_route=\/wp\/v2\/types\/product"}],"replies":[{"embeddable":true,"href":"https:\/\/www.houseluz.com\/index.php?rest_route=%2Fwp%2Fv2%2Fcomments&post=953"}],"wp:featuredmedia":[{"embeddable":true,"href":"https:\/\/www.houseluz.com\/index.php?rest_route=\/wp\/v2\/media\/936"}],"wp:attachment":[{"href":"https:\/\/www.houseluz.com\/index.php?rest_route=%2Fwp%2Fv2%2Fmedia&parent=953"}],"wp:term":[{"taxonomy":"product_cat","embeddable":true,"href":"https:\/\/www.houseluz.com\/index.php?rest_route=%2Fwp%2Fv2%2Fproduct_cat&post=953"},{"taxonomy":"product_tag","embeddable":true,"href":"https:\/\/www.houseluz.com\/index.php?rest_route=%2Fwp%2Fv2%2Fproduct_tag&post=953"}],"curies":[{"name":"wp","href":"https:\/\/api.w.org\/{rel}","templated":true}]}}