{"id":952,"date":"2024-06-17T17:04:21","date_gmt":"2024-06-17T17:04:21","guid":{"rendered":"https:\/\/www.houseluz.com\/?post_type=product&#038;p=952"},"modified":"2024-06-17T17:04:21","modified_gmt":"2024-06-17T17:04:21","slug":"mistu-colgante-gris-oscuro-2","status":"publish","type":"product","link":"https:\/\/www.houseluz.com\/?product=mistu-colgante-gris-oscuro-2","title":{"rendered":"Mistu Colgante Gris Oscuro"},"content":{"rendered":"<p>Adem\u00e1s, su di\u00e1metro de 30cm y altura de 20cm lo hacen perfecto para colocarlo en salas de estar, comedores, dormitorios o cualquier otro espacio que desees resaltar con una iluminaci\u00f3n sofisticada.<\/p>\n<p>Este colgante de color gris oscuro es vers\u00e1til y f\u00e1cil de instalar, por lo que no requerir\u00e1s de la ayuda de un profesional para colocarlo en el lugar deseado. Simplemente conecta la fuente de luz E27 a la corriente el\u00e9ctrica y cuelga el colgante en el techo utilizando el cable y el gancho incluido.<\/p>\n<p>Ilumina tu hogar u oficina con estilo y elegancia con este colgante moderno y funcional. No pierdas la oportunidad de a\u00f1adir un toque especial a tu decoraci\u00f3n con este accesorio de iluminaci\u00f3n de alta calidad. \u00a1Hazte con uno hoy!<\/p>\n","protected":false},"excerpt":{"rendered":"<p>Adem\u00e1s, su di\u00e1metro de 30cm y altura de 20cm lo hacen perfecto para colocarlo en salas de estar, comedores, dormitorios o cualquier otro espacio que desees resaltar con una iluminaci\u00f3n sofisticada. Este colgante de color gris oscuro es vers\u00e1til y f\u00e1cil de instalar, por lo que no requerir\u00e1s de la ayuda de un profesional para [&hellip;]<\/p>\n","protected":false},"featured_media":934,"comment_status":"open","ping_status":"closed","template":"","meta":[],"product_cat":[27,19],"product_tag":[],"_links":{"self":[{"href":"https:\/\/www.houseluz.com\/index.php?rest_route=\/wp\/v2\/product\/952"}],"collection":[{"href":"https:\/\/www.houseluz.com\/index.php?rest_route=\/wp\/v2\/product"}],"about":[{"href":"https:\/\/www.houseluz.com\/index.php?rest_route=\/wp\/v2\/types\/product"}],"replies":[{"embeddable":true,"href":"https:\/\/www.houseluz.com\/index.php?rest_route=%2Fwp%2Fv2%2Fcomments&post=952"}],"wp:featuredmedia":[{"embeddable":true,"href":"https:\/\/www.houseluz.com\/index.php?rest_route=\/wp\/v2\/media\/934"}],"wp:attachment":[{"href":"https:\/\/www.houseluz.com\/index.php?rest_route=%2Fwp%2Fv2%2Fmedia&parent=952"}],"wp:term":[{"taxonomy":"product_cat","embeddable":true,"href":"https:\/\/www.houseluz.com\/index.php?rest_route=%2Fwp%2Fv2%2Fproduct_cat&post=952"},{"taxonomy":"product_tag","embeddable":true,"href":"https:\/\/www.houseluz.com\/index.php?rest_route=%2Fwp%2Fv2%2Fproduct_tag&post=952"}],"curies":[{"name":"wp","href":"https:\/\/api.w.org\/{rel}","templated":true}]}}