{"id":943,"date":"2024-06-17T16:17:07","date_gmt":"2024-06-17T16:17:07","guid":{"rendered":"https:\/\/www.houseluz.com\/?post_type=product&#038;p=943"},"modified":"2024-07-05T10:24:18","modified_gmt":"2024-07-05T10:24:18","slug":"saigon-out-colgante-w70-cafe","status":"publish","type":"product","link":"https:\/\/www.houseluz.com\/?product=saigon-out-colgante-w70-cafe","title":{"rendered":"Saigon Out Colgante W70"},"content":{"rendered":"<p>Descubre la combinaci\u00f3n perfecta de estilo y funcionalidad con el aplique colgante Saigon Out W70 , equipado con una elegante tapa en forma de cono. Este aplique est\u00e1 dise\u00f1ado para realzar tus espacios exteriores, ofreciendo una iluminaci\u00f3n ambiental c\u00e1lida y acogedora.<\/p>\n<p>Funcionando con un voltaje de 100V a 240V, el aplique Saigon Out W70 es vers\u00e1til y se adapta a diferentes regiones. Se fija f\u00e1cilmente al techo, proporcionando una iluminaci\u00f3n colgante que se integra armoniosamente en cualquier espacio exterior. Con un grado de protecci\u00f3n IP44, este aplique est\u00e1 preparado para resistir las condiciones clim\u00e1ticas habituales en exteriores, garantizando una larga durabilidad. Opera con frecuencias de 50\/60Hz y ofrece una potencia m\u00e1xima de 15W, asegurando una iluminaci\u00f3n eficiente y de bajo consumo.<\/p>\n<p>El cable el\u00e9ctrico de 1200mm incluido permite una instalaci\u00f3n flexible y c\u00f3moda. Utiliza bombillas de casquillo E27, que vienen incluidas en el paquete, facilitando su uso inmediato. La luz se orienta de manera ambiental, ideal para crear un ambiente relajante y acogedor en tus \u00e1reas exteriores.<\/p>\n<p>Fabricado en aluminio de alta calidad, el aplique Saigon Out W70 garantiza resistencia a la intemperie y durabilidad, adem\u00e1s de ofrecer un acabado est\u00e9tico que complementa cualquier decoraci\u00f3n exterior.<\/p>\n","protected":false},"excerpt":{"rendered":"<p>Descubre la combinaci\u00f3n perfecta de estilo y funcionalidad con el aplique colgante Saigon Out W70 , equipado con una elegante tapa en forma de cono. Este aplique est\u00e1 dise\u00f1ado para realzar tus espacios exteriores, ofreciendo una iluminaci\u00f3n ambiental c\u00e1lida y acogedora. Funcionando con un voltaje de 100V a 240V, el aplique Saigon Out W70 es [&hellip;]<\/p>\n","protected":false},"featured_media":929,"comment_status":"open","ping_status":"closed","template":"","meta":[],"product_cat":[27,19],"product_tag":[],"_links":{"self":[{"href":"https:\/\/www.houseluz.com\/index.php?rest_route=\/wp\/v2\/product\/943"}],"collection":[{"href":"https:\/\/www.houseluz.com\/index.php?rest_route=\/wp\/v2\/product"}],"about":[{"href":"https:\/\/www.houseluz.com\/index.php?rest_route=\/wp\/v2\/types\/product"}],"replies":[{"embeddable":true,"href":"https:\/\/www.houseluz.com\/index.php?rest_route=%2Fwp%2Fv2%2Fcomments&post=943"}],"wp:featuredmedia":[{"embeddable":true,"href":"https:\/\/www.houseluz.com\/index.php?rest_route=\/wp\/v2\/media\/929"}],"wp:attachment":[{"href":"https:\/\/www.houseluz.com\/index.php?rest_route=%2Fwp%2Fv2%2Fmedia&parent=943"}],"wp:term":[{"taxonomy":"product_cat","embeddable":true,"href":"https:\/\/www.houseluz.com\/index.php?rest_route=%2Fwp%2Fv2%2Fproduct_cat&post=943"},{"taxonomy":"product_tag","embeddable":true,"href":"https:\/\/www.houseluz.com\/index.php?rest_route=%2Fwp%2Fv2%2Fproduct_tag&post=943"}],"curies":[{"name":"wp","href":"https:\/\/api.w.org\/{rel}","templated":true}]}}