{"id":941,"date":"2024-06-17T16:12:40","date_gmt":"2024-06-17T16:12:40","guid":{"rendered":"https:\/\/www.houseluz.com\/?post_type=product&#038;p=941"},"modified":"2024-06-17T16:12:40","modified_gmt":"2024-06-17T16:12:40","slug":"saigon-out-colgante-sin-tapa","status":"publish","type":"product","link":"https:\/\/www.houseluz.com\/?product=saigon-out-colgante-sin-tapa","title":{"rendered":"Saigon Out Colgante (Sin tapa)"},"content":{"rendered":"<p>El aplique colgante Saigon Out R55, sin tapa, es la elecci\u00f3n perfecta para quienes buscan una iluminaci\u00f3n exterior elegante y funcional. Dise\u00f1ado para realzar la est\u00e9tica de cualquier entorno al aire libre, ofrece una iluminaci\u00f3n ambiental suave y acogedora.<\/p>\n<p>Compatible con voltajes de 100V a 240V, asegura su versatilidad y adaptabilidad en diferentes regiones. Este aplique se instala f\u00e1cilmente en el techo, proporcionando una iluminaci\u00f3n colgante que destaca en cualquier espacio exterior. Con un grado de protecci\u00f3n IP44, est\u00e1 preparado para resistir las condiciones ambientales habituales en exteriores. Funciona con frecuencias de 50\/60Hz y ofrece una potencia m\u00e1xima de 15W, garantizando una iluminaci\u00f3n eficiente y de bajo consumo.<\/p>\n<p>Incluye un cable el\u00e9ctrico de 1200mm, suficiente para una instalaci\u00f3n flexible y c\u00f3moda. Utiliza bombillas de casquillo E27, que est\u00e1n incluidas en el paquete, facilitando su instalaci\u00f3n inmediata. La orientaci\u00f3n de la luz es ambiental, ideal para crear una atm\u00f3sfera acogedora y relajante en tus espacios exteriores.<\/p>\n<p>Fabricado en aluminio de alta calidad, este aplique garantiza durabilidad y resistencia a la intemperie, adem\u00e1s de un acabado est\u00e9tico que complementa cualquier decoraci\u00f3n. El dise\u00f1o sin tapa a\u00f1ade un toque moderno y minimalista, adapt\u00e1ndose a diversas preferencias de estilo.<\/p>\n","protected":false},"excerpt":{"rendered":"<p>El aplique colgante Saigon Out R55, sin tapa, es la elecci\u00f3n perfecta para quienes buscan una iluminaci\u00f3n exterior elegante y funcional. Dise\u00f1ado para realzar la est\u00e9tica de cualquier entorno al aire libre, ofrece una iluminaci\u00f3n ambiental suave y acogedora. Compatible con voltajes de 100V a 240V, asegura su versatilidad y adaptabilidad en diferentes regiones. Este [&hellip;]<\/p>\n","protected":false},"featured_media":926,"comment_status":"open","ping_status":"closed","template":"","meta":[],"product_cat":[27,19],"product_tag":[],"_links":{"self":[{"href":"https:\/\/www.houseluz.com\/index.php?rest_route=\/wp\/v2\/product\/941"}],"collection":[{"href":"https:\/\/www.houseluz.com\/index.php?rest_route=\/wp\/v2\/product"}],"about":[{"href":"https:\/\/www.houseluz.com\/index.php?rest_route=\/wp\/v2\/types\/product"}],"replies":[{"embeddable":true,"href":"https:\/\/www.houseluz.com\/index.php?rest_route=%2Fwp%2Fv2%2Fcomments&post=941"}],"wp:featuredmedia":[{"embeddable":true,"href":"https:\/\/www.houseluz.com\/index.php?rest_route=\/wp\/v2\/media\/926"}],"wp:attachment":[{"href":"https:\/\/www.houseluz.com\/index.php?rest_route=%2Fwp%2Fv2%2Fmedia&parent=941"}],"wp:term":[{"taxonomy":"product_cat","embeddable":true,"href":"https:\/\/www.houseluz.com\/index.php?rest_route=%2Fwp%2Fv2%2Fproduct_cat&post=941"},{"taxonomy":"product_tag","embeddable":true,"href":"https:\/\/www.houseluz.com\/index.php?rest_route=%2Fwp%2Fv2%2Fproduct_tag&post=941"}],"curies":[{"name":"wp","href":"https:\/\/api.w.org\/{rel}","templated":true}]}}