{"id":919,"date":"2024-06-13T16:43:54","date_gmt":"2024-06-13T16:43:54","guid":{"rendered":"https:\/\/www.houseluz.com\/?post_type=product&#038;p=919"},"modified":"2024-06-17T16:47:10","modified_gmt":"2024-06-17T16:47:10","slug":"wood-gris-oscuro","status":"publish","type":"product","link":"https:\/\/www.houseluz.com\/?product=wood-gris-oscuro","title":{"rendered":"Wood Gris Oscuro"},"content":{"rendered":"<p>\u00a1Descubre la elegancia y eficiencia del aplique exterior Wood en color gris oscuro con tecnolog\u00eda LED! Con una potencia m\u00e1xima de 11W y una temperatura de color de 3000K, este aplique es perfecto para iluminar tus espacios exteriores con un ambiente acogedor. Su dise\u00f1o de fijaci\u00f3n en pared y su \u00edndice de protecci\u00f3n IP54 lo hacen ideal para resistir las condiciones clim\u00e1ticas. Con una fuente de luz SMD LED incluida, este aplique emite hasta 600lm y cuenta con un CRI superior a 80 para una reproducci\u00f3n fiel de los colores. Adem\u00e1s, su amplio \u00e1ngulo de apertura de 95\u00b0 y orientaci\u00f3n de luz ambiental garantizan una iluminaci\u00f3n uniforme y acogedora. \u00a1Ahorra energ\u00eda con este aplique de clase energ\u00e9tica F y disfruta de la calidad y estilo que aportar\u00e1 a tu espacio exterior!<\/p>\n","protected":false},"excerpt":{"rendered":"<p>\u00a1Descubre la elegancia y eficiencia del aplique exterior Wood en color gris oscuro con tecnolog\u00eda LED! Con una potencia m\u00e1xima de 11W y una temperatura de color de 3000K, este aplique es perfecto para iluminar tus espacios exteriores con un ambiente acogedor. Su dise\u00f1o de fijaci\u00f3n en pared y su \u00edndice de protecci\u00f3n IP54 lo [&hellip;]<\/p>\n","protected":false},"featured_media":869,"comment_status":"open","ping_status":"closed","template":"","meta":[],"product_cat":[26,19],"product_tag":[],"_links":{"self":[{"href":"https:\/\/www.houseluz.com\/index.php?rest_route=\/wp\/v2\/product\/919"}],"collection":[{"href":"https:\/\/www.houseluz.com\/index.php?rest_route=\/wp\/v2\/product"}],"about":[{"href":"https:\/\/www.houseluz.com\/index.php?rest_route=\/wp\/v2\/types\/product"}],"replies":[{"embeddable":true,"href":"https:\/\/www.houseluz.com\/index.php?rest_route=%2Fwp%2Fv2%2Fcomments&post=919"}],"wp:featuredmedia":[{"embeddable":true,"href":"https:\/\/www.houseluz.com\/index.php?rest_route=\/wp\/v2\/media\/869"}],"wp:attachment":[{"href":"https:\/\/www.houseluz.com\/index.php?rest_route=%2Fwp%2Fv2%2Fmedia&parent=919"}],"wp:term":[{"taxonomy":"product_cat","embeddable":true,"href":"https:\/\/www.houseluz.com\/index.php?rest_route=%2Fwp%2Fv2%2Fproduct_cat&post=919"},{"taxonomy":"product_tag","embeddable":true,"href":"https:\/\/www.houseluz.com\/index.php?rest_route=%2Fwp%2Fv2%2Fproduct_tag&post=919"}],"curies":[{"name":"wp","href":"https:\/\/api.w.org\/{rel}","templated":true}]}}