{"id":918,"date":"2024-06-13T16:43:19","date_gmt":"2024-06-13T16:43:19","guid":{"rendered":"https:\/\/www.houseluz.com\/?post_type=product&#038;p=918"},"modified":"2024-06-13T16:43:19","modified_gmt":"2024-06-13T16:43:19","slug":"kerala-gris-oscuro","status":"publish","type":"product","link":"https:\/\/www.houseluz.com\/?product=kerala-gris-oscuro","title":{"rendered":"Kerala Gris Oscuro"},"content":{"rendered":"<p>El aplique Kerala 380 en color gris oscuro es una opci\u00f3n destacada para iluminaci\u00f3n interior con tecnolog\u00eda LED avanzada. Dise\u00f1ado para montaje en pared, es compatible con un amplio rango de voltajes de 100V a 240V y cuenta con una clasificaci\u00f3n IP54, lo que lo hace resistente al polvo y a las salpicaduras de agua, ideal para ambientes interiores donde pueda haber condiciones de humedad moderada.<\/p>\n<p>Este modelo pertenece a la clase de protecci\u00f3n I, asegurando conexi\u00f3n a tierra para una mayor seguridad el\u00e9ctrica. Con una potencia m\u00e1xima de 13W, utiliza fuentes de luz SMD LED que est\u00e1n incluidas, lo cual simplifica la instalaci\u00f3n y asegura un funcionamiento eficiente desde el inicio.<\/p>\n<p>La temperatura de color de 3000K proporciona una luz blanca c\u00e1lida, perfecta para crear ambientes acogedores y confortables. Adem\u00e1s, el \u00edndice de reproducci\u00f3n crom\u00e1tica (CRI) es superior a 80, asegurando una representaci\u00f3n fiel de los colores naturales. El aplique tambi\u00e9n cuenta con un Mac Adam Step de 2 SDCM, lo que indica una uniformidad en la calidad del color de la luz.<\/p>\n<p>Con un m\u00e1ximo de 600 l\u00famenes, el Kerala 380 ofrece una iluminaci\u00f3n ambiental efectiva y uniforme. No requiere de driver adicional para su funcionamiento, lo que facilita a\u00fan m\u00e1s su instalaci\u00f3n y mantenimiento.<\/p>\n<p>Fabricado en color gris oscuro, su dise\u00f1o moderno y funcional se adapta f\u00e1cilmente a una variedad de estilos decorativos en hogares, oficinas o espacios comerciales, proporcionando tanto eficiencia energ\u00e9tica como est\u00e9tica.<\/p>\n<p>En resumen, el aplique Kerala 380 LED es una excelente elecci\u00f3n para quienes buscan una iluminaci\u00f3n interior eficiente y de alta calidad, garantizando un ambiente iluminado y agradable con m\u00ednima complicaci\u00f3n durante la instalaci\u00f3n.<\/p>\n","protected":false},"excerpt":{"rendered":"<p>El aplique Kerala 380 en color gris oscuro es una opci\u00f3n destacada para iluminaci\u00f3n interior con tecnolog\u00eda LED avanzada. Dise\u00f1ado para montaje en pared, es compatible con un amplio rango de voltajes de 100V a 240V y cuenta con una clasificaci\u00f3n IP54, lo que lo hace resistente al polvo y a las salpicaduras de agua, [&hellip;]<\/p>\n","protected":false},"featured_media":868,"comment_status":"open","ping_status":"closed","template":"","meta":[],"product_cat":[26,19],"product_tag":[],"_links":{"self":[{"href":"https:\/\/www.houseluz.com\/index.php?rest_route=\/wp\/v2\/product\/918"}],"collection":[{"href":"https:\/\/www.houseluz.com\/index.php?rest_route=\/wp\/v2\/product"}],"about":[{"href":"https:\/\/www.houseluz.com\/index.php?rest_route=\/wp\/v2\/types\/product"}],"replies":[{"embeddable":true,"href":"https:\/\/www.houseluz.com\/index.php?rest_route=%2Fwp%2Fv2%2Fcomments&post=918"}],"wp:featuredmedia":[{"embeddable":true,"href":"https:\/\/www.houseluz.com\/index.php?rest_route=\/wp\/v2\/media\/868"}],"wp:attachment":[{"href":"https:\/\/www.houseluz.com\/index.php?rest_route=%2Fwp%2Fv2%2Fmedia&parent=918"}],"wp:term":[{"taxonomy":"product_cat","embeddable":true,"href":"https:\/\/www.houseluz.com\/index.php?rest_route=%2Fwp%2Fv2%2Fproduct_cat&post=918"},{"taxonomy":"product_tag","embeddable":true,"href":"https:\/\/www.houseluz.com\/index.php?rest_route=%2Fwp%2Fv2%2Fproduct_tag&post=918"}],"curies":[{"name":"wp","href":"https:\/\/api.w.org\/{rel}","templated":true}]}}