{"id":916,"date":"2024-06-13T16:41:29","date_gmt":"2024-06-13T16:41:29","guid":{"rendered":"https:\/\/www.houseluz.com\/?post_type=product&#038;p=916"},"modified":"2024-06-13T16:41:29","modified_gmt":"2024-06-13T16:41:29","slug":"datna-gris-oscuro","status":"publish","type":"product","link":"https:\/\/www.houseluz.com\/?product=datna-gris-oscuro","title":{"rendered":"Datna Gris Oscuro"},"content":{"rendered":"<p>El aplique DATNA en color gris oscuro es una opci\u00f3n robusta y funcional para iluminaci\u00f3n interior. Dise\u00f1ado para montaje en pared, es compatible con voltajes que van desde 100V hasta 240V y cuenta con una clasificaci\u00f3n IP44, ofreciendo protecci\u00f3n contra objetos s\u00f3lidos mayores a 1 mm y salpicaduras de agua, lo que lo hace adecuado para aplicaciones en interiores donde pueda estar expuesto a condiciones de humedad moderada.<\/p>\n<p>Este modelo pertenece a la clase de protecci\u00f3n I, indicando que dispone de conexi\u00f3n a tierra para una mayor seguridad el\u00e9ctrica. Tiene una potencia m\u00e1xima de 15W, aunque mencionas 20W, utilizando una fuente de luz E27 que viene incluida con el aplique, lo que facilita su instalaci\u00f3n y puesta en funcionamiento inmediato.<\/p>\n<p>La orientaci\u00f3n de la luz es ambiental, dise\u00f1ada para proporcionar una iluminaci\u00f3n general suave y confortable en cualquier ambiente interior. No requiere de un driver adicional para su operaci\u00f3n, lo que simplifica a\u00fan m\u00e1s su instalaci\u00f3n y mantenimiento.<\/p>\n<p>Fabricado en aluminio y con un \u00edndice de protecci\u00f3n IK05, indicando una buena resistencia al impacto, el aplique DATNA combina durabilidad con un dise\u00f1o moderno y discreto que se adapta f\u00e1cilmente a diferentes estilos decorativos en hogares, oficinas u otros entornos comerciales.<\/p>\n<p>En resumen, el aplique DATNA con su fuente de luz E27 incluida es una excelente opci\u00f3n para quienes buscan una iluminaci\u00f3n efectiva y decorativa, con la comodidad de una instalaci\u00f3n r\u00e1pida y sin complicaciones.<\/p>\n","protected":false},"excerpt":{"rendered":"<p>El aplique DATNA en color gris oscuro es una opci\u00f3n robusta y funcional para iluminaci\u00f3n interior. Dise\u00f1ado para montaje en pared, es compatible con voltajes que van desde 100V hasta 240V y cuenta con una clasificaci\u00f3n IP44, ofreciendo protecci\u00f3n contra objetos s\u00f3lidos mayores a 1 mm y salpicaduras de agua, lo que lo hace adecuado [&hellip;]<\/p>\n","protected":false},"featured_media":866,"comment_status":"open","ping_status":"closed","template":"","meta":[],"product_cat":[26,19],"product_tag":[],"_links":{"self":[{"href":"https:\/\/www.houseluz.com\/index.php?rest_route=\/wp\/v2\/product\/916"}],"collection":[{"href":"https:\/\/www.houseluz.com\/index.php?rest_route=\/wp\/v2\/product"}],"about":[{"href":"https:\/\/www.houseluz.com\/index.php?rest_route=\/wp\/v2\/types\/product"}],"replies":[{"embeddable":true,"href":"https:\/\/www.houseluz.com\/index.php?rest_route=%2Fwp%2Fv2%2Fcomments&post=916"}],"wp:featuredmedia":[{"embeddable":true,"href":"https:\/\/www.houseluz.com\/index.php?rest_route=\/wp\/v2\/media\/866"}],"wp:attachment":[{"href":"https:\/\/www.houseluz.com\/index.php?rest_route=%2Fwp%2Fv2%2Fmedia&parent=916"}],"wp:term":[{"taxonomy":"product_cat","embeddable":true,"href":"https:\/\/www.houseluz.com\/index.php?rest_route=%2Fwp%2Fv2%2Fproduct_cat&post=916"},{"taxonomy":"product_tag","embeddable":true,"href":"https:\/\/www.houseluz.com\/index.php?rest_route=%2Fwp%2Fv2%2Fproduct_tag&post=916"}],"curies":[{"name":"wp","href":"https:\/\/api.w.org\/{rel}","templated":true}]}}