{"id":915,"date":"2024-06-13T16:40:38","date_gmt":"2024-06-13T16:40:38","guid":{"rendered":"https:\/\/www.houseluz.com\/?post_type=product&#038;p=915"},"modified":"2024-06-13T16:40:38","modified_gmt":"2024-06-13T16:40:38","slug":"muffin-gris-oscuro","status":"publish","type":"product","link":"https:\/\/www.houseluz.com\/?product=muffin-gris-oscuro","title":{"rendered":"Muffin Gris Oscuro"},"content":{"rendered":"<p>El aplique MUFFIN en color gris oscuro es una soluci\u00f3n vers\u00e1til y eficiente para iluminaci\u00f3n interior. Dise\u00f1ado para montaje en pared, es compatible con voltajes de 100V a 240V y cuenta con una clasificaci\u00f3n IP44, lo que le proporciona protecci\u00f3n contra objetos s\u00f3lidos mayores a 1 mm y salpicaduras de agua, haci\u00e9ndolo adecuado para \u00e1reas interiores donde pueda estar expuesto a condiciones de humedad moderada.<\/p>\n<p>Pertenece a la clase de protecci\u00f3n I, lo que significa que tiene conexi\u00f3n a tierra para una mayor seguridad el\u00e9ctrica. Con una potencia m\u00e1xima de 15W, utiliza una fuente de luz E27, la cual viene incluida con el aplique, facilitando su instalaci\u00f3n y puesta en funcionamiento inmediato.<\/p>\n<p>La orientaci\u00f3n de la luz es ambiental, dise\u00f1ada para proporcionar una iluminaci\u00f3n general suave y confortable en cualquier espacio interior. No requiere de un driver adicional para su operaci\u00f3n, lo que simplifica a\u00fan m\u00e1s su instalaci\u00f3n y mantenimiento.<\/p>\n<p>Fabricado en color gris oscuro, el dise\u00f1o del aplique MUFFIN combina funcionalidad con un estilo moderno y discreto que se adapta f\u00e1cilmente a diferentes estilos decorativos en hogares, oficinas u otros entornos comerciales.<\/p>\n<p>En resumen, el aplique MUFFIN con su fuente de luz E27 incluida es una excelente opci\u00f3n para quienes buscan una iluminaci\u00f3n efectiva y decorativa, con la comodidad de una instalaci\u00f3n r\u00e1pida y sin complicaciones.<\/p>\n","protected":false},"excerpt":{"rendered":"<p>El aplique MUFFIN en color gris oscuro es una soluci\u00f3n vers\u00e1til y eficiente para iluminaci\u00f3n interior. Dise\u00f1ado para montaje en pared, es compatible con voltajes de 100V a 240V y cuenta con una clasificaci\u00f3n IP44, lo que le proporciona protecci\u00f3n contra objetos s\u00f3lidos mayores a 1 mm y salpicaduras de agua, haci\u00e9ndolo adecuado para \u00e1reas [&hellip;]<\/p>\n","protected":false},"featured_media":863,"comment_status":"open","ping_status":"closed","template":"","meta":[],"product_cat":[26,19],"product_tag":[],"_links":{"self":[{"href":"https:\/\/www.houseluz.com\/index.php?rest_route=\/wp\/v2\/product\/915"}],"collection":[{"href":"https:\/\/www.houseluz.com\/index.php?rest_route=\/wp\/v2\/product"}],"about":[{"href":"https:\/\/www.houseluz.com\/index.php?rest_route=\/wp\/v2\/types\/product"}],"replies":[{"embeddable":true,"href":"https:\/\/www.houseluz.com\/index.php?rest_route=%2Fwp%2Fv2%2Fcomments&post=915"}],"wp:featuredmedia":[{"embeddable":true,"href":"https:\/\/www.houseluz.com\/index.php?rest_route=\/wp\/v2\/media\/863"}],"wp:attachment":[{"href":"https:\/\/www.houseluz.com\/index.php?rest_route=%2Fwp%2Fv2%2Fmedia&parent=915"}],"wp:term":[{"taxonomy":"product_cat","embeddable":true,"href":"https:\/\/www.houseluz.com\/index.php?rest_route=%2Fwp%2Fv2%2Fproduct_cat&post=915"},{"taxonomy":"product_tag","embeddable":true,"href":"https:\/\/www.houseluz.com\/index.php?rest_route=%2Fwp%2Fv2%2Fproduct_tag&post=915"}],"curies":[{"name":"wp","href":"https:\/\/api.w.org\/{rel}","templated":true}]}}