{"id":914,"date":"2024-06-13T16:39:47","date_gmt":"2024-06-13T16:39:47","guid":{"rendered":"https:\/\/www.houseluz.com\/?post_type=product&#038;p=914"},"modified":"2024-06-13T16:39:47","modified_gmt":"2024-06-13T16:39:47","slug":"bulbs-gris-oscuro","status":"publish","type":"product","link":"https:\/\/www.houseluz.com\/?product=bulbs-gris-oscuro","title":{"rendered":"Bulbs Gris Oscuro"},"content":{"rendered":"<p>El aplique BLUBS en color gris oscuro ofrece una soluci\u00f3n pr\u00e1ctica y vers\u00e1til para iluminaci\u00f3n interior. Dise\u00f1ado para montaje en pared, es compatible con voltajes que van desde 100V hasta 240V y cuenta con una clasificaci\u00f3n IP44, lo que le proporciona protecci\u00f3n contra objetos s\u00f3lidos mayores a 1 mm y salpicaduras de agua, haci\u00e9ndolo ideal para aplicaciones en interiores donde pueda estar expuesto a condiciones de humedad moderada.<\/p>\n<p>Este modelo pertenece a la clase de protecci\u00f3n I, lo cual indica que tiene conexi\u00f3n a tierra para una mayor seguridad el\u00e9ctrica. Tiene una potencia m\u00e1xima de 15W y utiliza una fuente de luz E27, la cual viene incluida con el aplique. Esto facilita su instalaci\u00f3n y puesta en funcionamiento inmediato.<\/p>\n<p>La orientaci\u00f3n de la luz es ambiental, dise\u00f1ada para proporcionar una iluminaci\u00f3n general suave y confortable en cualquier ambiente interior. No requiere de un driver adicional para su operaci\u00f3n, lo que simplifica a\u00fan m\u00e1s su instalaci\u00f3n.<\/p>\n<p>Fabricado en color gris oscuro, el dise\u00f1o del aplique BLUBS combina funcionalidad con un estilo moderno que se adapta f\u00e1cilmente a una variedad de estilos decorativos en hogares, oficinas u otros espacios comerciales.<\/p>\n<p>En resumen, el aplique BLUBS con su fuente de luz E27 incluida es una excelente opci\u00f3n para quienes buscan una iluminaci\u00f3n efectiva y decorativa, con la conveniencia de una instalaci\u00f3n sencilla y r\u00e1pida.<\/p>\n","protected":false},"excerpt":{"rendered":"<p>El aplique BLUBS en color gris oscuro ofrece una soluci\u00f3n pr\u00e1ctica y vers\u00e1til para iluminaci\u00f3n interior. Dise\u00f1ado para montaje en pared, es compatible con voltajes que van desde 100V hasta 240V y cuenta con una clasificaci\u00f3n IP44, lo que le proporciona protecci\u00f3n contra objetos s\u00f3lidos mayores a 1 mm y salpicaduras de agua, haci\u00e9ndolo ideal [&hellip;]<\/p>\n","protected":false},"featured_media":864,"comment_status":"open","ping_status":"closed","template":"","meta":[],"product_cat":[26,19],"product_tag":[],"_links":{"self":[{"href":"https:\/\/www.houseluz.com\/index.php?rest_route=\/wp\/v2\/product\/914"}],"collection":[{"href":"https:\/\/www.houseluz.com\/index.php?rest_route=\/wp\/v2\/product"}],"about":[{"href":"https:\/\/www.houseluz.com\/index.php?rest_route=\/wp\/v2\/types\/product"}],"replies":[{"embeddable":true,"href":"https:\/\/www.houseluz.com\/index.php?rest_route=%2Fwp%2Fv2%2Fcomments&post=914"}],"wp:featuredmedia":[{"embeddable":true,"href":"https:\/\/www.houseluz.com\/index.php?rest_route=\/wp\/v2\/media\/864"}],"wp:attachment":[{"href":"https:\/\/www.houseluz.com\/index.php?rest_route=%2Fwp%2Fv2%2Fmedia&parent=914"}],"wp:term":[{"taxonomy":"product_cat","embeddable":true,"href":"https:\/\/www.houseluz.com\/index.php?rest_route=%2Fwp%2Fv2%2Fproduct_cat&post=914"},{"taxonomy":"product_tag","embeddable":true,"href":"https:\/\/www.houseluz.com\/index.php?rest_route=%2Fwp%2Fv2%2Fproduct_tag&post=914"}],"curies":[{"name":"wp","href":"https:\/\/api.w.org\/{rel}","templated":true}]}}