{"id":913,"date":"2024-06-13T16:38:13","date_gmt":"2024-06-13T16:38:13","guid":{"rendered":"https:\/\/www.houseluz.com\/?post_type=product&#038;p=913"},"modified":"2024-06-13T16:38:13","modified_gmt":"2024-06-13T16:38:13","slug":"ele-gris-oscuro","status":"publish","type":"product","link":"https:\/\/www.houseluz.com\/?product=ele-gris-oscuro","title":{"rendered":"Ele Gris Oscuro"},"content":{"rendered":"<p>El aplique ELE en color gris oscuro es una opci\u00f3n eficiente y est\u00e9tica para iluminaci\u00f3n interior. Dise\u00f1ado para fijaci\u00f3n en pared, es compatible con un amplio rango de voltajes de 100V a 240V y tiene una clasificaci\u00f3n IP54, lo que le proporciona protecci\u00f3n contra polvo y salpicaduras de agua, haci\u00e9ndolo adecuado para diversas aplicaciones en interiores.<\/p>\n<p>Pertenece a la clase de protecci\u00f3n I, lo que indica que tiene conexi\u00f3n a tierra para una mayor seguridad el\u00e9ctrica. Con una potencia m\u00e1xima de 6W y utilizando tecnolog\u00eda SMD LED, el aplique proporciona una iluminaci\u00f3n eficiente con una temperatura de color de 3000K, ofreciendo una luz blanca c\u00e1lida ideal para crear ambientes acogedores. El \u00edndice de reproducci\u00f3n crom\u00e1tica (CRI) superior a 80 asegura una representaci\u00f3n natural de los colores.<\/p>\n<p>Incluye la fuente de luz SMD LED, que emite hasta 450 l\u00famenes, con un \u00e1ngulo de apertura de 95\u00b0 que distribuye la luz de manera uniforme. La orientaci\u00f3n de la luz es ambiental, perfecta para proporcionar una iluminaci\u00f3n general suave y confortable en cualquier espacio.<\/p>\n<p>Con una clasificaci\u00f3n energ\u00e9tica de clase F para la fuente de luz, el aplique ELE garantiza un consumo eficiente de energ\u00eda, contribuyendo a la reducci\u00f3n del consumo el\u00e9ctrico y los costos asociados.<\/p>\n<p>Fabricado en color gris oscuro, este aplique combina funcionalidad con un dise\u00f1o moderno y discreto que se adapta f\u00e1cilmente a diferentes estilos decorativos, ya sea en entornos residenciales o comerciales.<\/p>\n<p>En resumen, el aplique ELE LED es una excelente elecci\u00f3n para quienes buscan una iluminaci\u00f3n eficiente y decorativa, proporcionando una luz suave y confortable que mejora la ambientaci\u00f3n de cualquier espacio interior.<\/p>\n","protected":false},"excerpt":{"rendered":"<p>El aplique ELE en color gris oscuro es una opci\u00f3n eficiente y est\u00e9tica para iluminaci\u00f3n interior. Dise\u00f1ado para fijaci\u00f3n en pared, es compatible con un amplio rango de voltajes de 100V a 240V y tiene una clasificaci\u00f3n IP54, lo que le proporciona protecci\u00f3n contra polvo y salpicaduras de agua, haci\u00e9ndolo adecuado para diversas aplicaciones en [&hellip;]<\/p>\n","protected":false},"featured_media":860,"comment_status":"open","ping_status":"closed","template":"","meta":[],"product_cat":[26,19],"product_tag":[],"_links":{"self":[{"href":"https:\/\/www.houseluz.com\/index.php?rest_route=\/wp\/v2\/product\/913"}],"collection":[{"href":"https:\/\/www.houseluz.com\/index.php?rest_route=\/wp\/v2\/product"}],"about":[{"href":"https:\/\/www.houseluz.com\/index.php?rest_route=\/wp\/v2\/types\/product"}],"replies":[{"embeddable":true,"href":"https:\/\/www.houseluz.com\/index.php?rest_route=%2Fwp%2Fv2%2Fcomments&post=913"}],"wp:featuredmedia":[{"embeddable":true,"href":"https:\/\/www.houseluz.com\/index.php?rest_route=\/wp\/v2\/media\/860"}],"wp:attachment":[{"href":"https:\/\/www.houseluz.com\/index.php?rest_route=%2Fwp%2Fv2%2Fmedia&parent=913"}],"wp:term":[{"taxonomy":"product_cat","embeddable":true,"href":"https:\/\/www.houseluz.com\/index.php?rest_route=%2Fwp%2Fv2%2Fproduct_cat&post=913"},{"taxonomy":"product_tag","embeddable":true,"href":"https:\/\/www.houseluz.com\/index.php?rest_route=%2Fwp%2Fv2%2Fproduct_tag&post=913"}],"curies":[{"name":"wp","href":"https:\/\/api.w.org\/{rel}","templated":true}]}}