{"id":912,"date":"2024-06-13T16:36:09","date_gmt":"2024-06-13T16:36:09","guid":{"rendered":"https:\/\/www.houseluz.com\/?post_type=product&#038;p=912"},"modified":"2024-06-13T16:36:09","modified_gmt":"2024-06-13T16:36:09","slug":"klamp-2xgu-gris-oscuro","status":"publish","type":"product","link":"https:\/\/www.houseluz.com\/?product=klamp-2xgu-gris-oscuro","title":{"rendered":"Klamp 2xGU Gris Oscuro"},"content":{"rendered":"<p>El aplique KLAMP en color gris oscuro con dos focos GU10 ofrece una soluci\u00f3n vers\u00e1til y efectiva para iluminaci\u00f3n interior. Dise\u00f1ado para montaje en pared, es compatible con un amplio rango de voltajes de 100V a 240V y cuenta con una clasificaci\u00f3n IP44, lo que lo hace adecuado para \u00e1reas interiores donde pueda estar expuesto a la humedad moderada.<\/p>\n<p>Este modelo pertenece a la clase de protecci\u00f3n I, lo cual indica que tiene conexi\u00f3n a tierra para mayor seguridad el\u00e9ctrica. Cada foco GU10 puede alcanzar una potencia m\u00e1xima de 8W, lo que permite una iluminaci\u00f3n eficiente y dirigida.<\/p>\n<p>La orientaci\u00f3n de la luz es de tipo acento, ideal para resaltar elementos espec\u00edficos o crear efectos decorativos dentro de un espacio. No requiere de un driver adicional para su funcionamiento, lo cual simplifica su instalaci\u00f3n y mantenimiento.<\/p>\n<p>Fabricado en color gris oscuro, el dise\u00f1o del aplique KLAMP combina funcionalidad con un estilo moderno que se adapta a diversos entornos decorativos, ya sea en hogares o en espacios comerciales.<\/p>\n<p>En resumen, el aplique KLAMP con dos focos GU10 es una excelente elecci\u00f3n para quienes buscan una iluminaci\u00f3n vers\u00e1til y decorativa, ofreciendo la capacidad de dirigir la luz de manera precisa para destacar elementos espec\u00edficos o crear ambientes atractivos y funcionales en interiores.<\/p>\n","protected":false},"excerpt":{"rendered":"<p>El aplique KLAMP en color gris oscuro con dos focos GU10 ofrece una soluci\u00f3n vers\u00e1til y efectiva para iluminaci\u00f3n interior. Dise\u00f1ado para montaje en pared, es compatible con un amplio rango de voltajes de 100V a 240V y cuenta con una clasificaci\u00f3n IP44, lo que lo hace adecuado para \u00e1reas interiores donde pueda estar expuesto [&hellip;]<\/p>\n","protected":false},"featured_media":873,"comment_status":"open","ping_status":"closed","template":"","meta":[],"product_cat":[26,19],"product_tag":[],"_links":{"self":[{"href":"https:\/\/www.houseluz.com\/index.php?rest_route=\/wp\/v2\/product\/912"}],"collection":[{"href":"https:\/\/www.houseluz.com\/index.php?rest_route=\/wp\/v2\/product"}],"about":[{"href":"https:\/\/www.houseluz.com\/index.php?rest_route=\/wp\/v2\/types\/product"}],"replies":[{"embeddable":true,"href":"https:\/\/www.houseluz.com\/index.php?rest_route=%2Fwp%2Fv2%2Fcomments&post=912"}],"wp:featuredmedia":[{"embeddable":true,"href":"https:\/\/www.houseluz.com\/index.php?rest_route=\/wp\/v2\/media\/873"}],"wp:attachment":[{"href":"https:\/\/www.houseluz.com\/index.php?rest_route=%2Fwp%2Fv2%2Fmedia&parent=912"}],"wp:term":[{"taxonomy":"product_cat","embeddable":true,"href":"https:\/\/www.houseluz.com\/index.php?rest_route=%2Fwp%2Fv2%2Fproduct_cat&post=912"},{"taxonomy":"product_tag","embeddable":true,"href":"https:\/\/www.houseluz.com\/index.php?rest_route=%2Fwp%2Fv2%2Fproduct_tag&post=912"}],"curies":[{"name":"wp","href":"https:\/\/api.w.org\/{rel}","templated":true}]}}