{"id":911,"date":"2024-06-13T16:35:28","date_gmt":"2024-06-13T16:35:28","guid":{"rendered":"https:\/\/www.houseluz.com\/?post_type=product&#038;p=911"},"modified":"2024-06-13T16:35:29","modified_gmt":"2024-06-13T16:35:29","slug":"klamp-1xgu-gris-oscuro","status":"publish","type":"product","link":"https:\/\/www.houseluz.com\/?product=klamp-1xgu-gris-oscuro","title":{"rendered":"Klamp 1xGU Gris Oscuro"},"content":{"rendered":"<p>El aplique KLAMP en color gris oscuro es una opci\u00f3n pr\u00e1ctica y vers\u00e1til para iluminaci\u00f3n interior. Dise\u00f1ado para fijaci\u00f3n en pared, es compatible con un amplio rango de voltajes de 100V a 240V y tiene una clasificaci\u00f3n IP44, ofreciendo protecci\u00f3n contra salpicaduras de agua y adecuado para \u00e1reas donde puede estar expuesto a la humedad moderada.<\/p>\n<p>Este modelo pertenece a la clase de protecci\u00f3n I, lo cual indica que tiene conexi\u00f3n a tierra para una mayor seguridad el\u00e9ctrica. Con una potencia m\u00e1xima de 8W, utiliza una fuente de luz GU10 (no incluida), lo que permite elegir la bombilla adecuada seg\u00fan las necesidades espec\u00edficas de iluminaci\u00f3n.<\/p>\n<p>La orientaci\u00f3n de la luz es de tipo acento, ideal para resaltar elementos espec\u00edficos o crear efectos decorativos en interiores. No requiere de un driver adicional para su funcionamiento, lo que simplifica su instalaci\u00f3n y mantenimiento.<\/p>\n<p>Fabricado en color gris oscuro, este aplique combina funcionalidad con un dise\u00f1o moderno que se adapta a diversos estilos decorativos, tanto en entornos residenciales como comerciales.<\/p>\n<p>En resumen, el aplique KLAMP es una excelente opci\u00f3n para quienes buscan una iluminaci\u00f3n dirigida y eficaz, con un dise\u00f1o est\u00e9tico que a\u00f1ade un toque de elegancia y funcionalidad a cualquier espacio interior.<\/p>\n","protected":false},"excerpt":{"rendered":"<p>El aplique KLAMP en color gris oscuro es una opci\u00f3n pr\u00e1ctica y vers\u00e1til para iluminaci\u00f3n interior. Dise\u00f1ado para fijaci\u00f3n en pared, es compatible con un amplio rango de voltajes de 100V a 240V y tiene una clasificaci\u00f3n IP44, ofreciendo protecci\u00f3n contra salpicaduras de agua y adecuado para \u00e1reas donde puede estar expuesto a la humedad [&hellip;]<\/p>\n","protected":false},"featured_media":874,"comment_status":"open","ping_status":"closed","template":"","meta":[],"product_cat":[26,19],"product_tag":[],"_links":{"self":[{"href":"https:\/\/www.houseluz.com\/index.php?rest_route=\/wp\/v2\/product\/911"}],"collection":[{"href":"https:\/\/www.houseluz.com\/index.php?rest_route=\/wp\/v2\/product"}],"about":[{"href":"https:\/\/www.houseluz.com\/index.php?rest_route=\/wp\/v2\/types\/product"}],"replies":[{"embeddable":true,"href":"https:\/\/www.houseluz.com\/index.php?rest_route=%2Fwp%2Fv2%2Fcomments&post=911"}],"wp:featuredmedia":[{"embeddable":true,"href":"https:\/\/www.houseluz.com\/index.php?rest_route=\/wp\/v2\/media\/874"}],"wp:attachment":[{"href":"https:\/\/www.houseluz.com\/index.php?rest_route=%2Fwp%2Fv2%2Fmedia&parent=911"}],"wp:term":[{"taxonomy":"product_cat","embeddable":true,"href":"https:\/\/www.houseluz.com\/index.php?rest_route=%2Fwp%2Fv2%2Fproduct_cat&post=911"},{"taxonomy":"product_tag","embeddable":true,"href":"https:\/\/www.houseluz.com\/index.php?rest_route=%2Fwp%2Fv2%2Fproduct_tag&post=911"}],"curies":[{"name":"wp","href":"https:\/\/api.w.org\/{rel}","templated":true}]}}