{"id":910,"date":"2024-06-13T16:33:38","date_gmt":"2024-06-13T16:33:38","guid":{"rendered":"https:\/\/www.houseluz.com\/?post_type=product&#038;p=910"},"modified":"2024-06-13T16:33:38","modified_gmt":"2024-06-13T16:33:38","slug":"wally-2-marron-oxido","status":"publish","type":"product","link":"https:\/\/www.houseluz.com\/?product=wally-2-marron-oxido","title":{"rendered":"Wally-2 Marr\u00f3n \u00f3xido"},"content":{"rendered":"<p>El aplique WALLY-2 en color marr\u00f3n \u00f3xido es una opci\u00f3n robusta y funcional para iluminaci\u00f3n exterior e interior. Dise\u00f1ado para montaje en pared, este modelo es compatible con voltajes de 100V a 240V y tiene una clasificaci\u00f3n IP44, ofreciendo protecci\u00f3n contra salpicaduras de agua y adecuado para \u00e1reas donde est\u00e9 expuesto a condiciones clim\u00e1ticas moderadas.<\/p>\n<p>Pertenece a la clase de protecci\u00f3n I, lo que significa que tiene conexi\u00f3n a tierra para una mayor seguridad el\u00e9ctrica. Con una potencia m\u00e1xima de 15W, utiliza una fuente de luz E27 (no incluida), lo que proporciona flexibilidad para elegir la bombilla adecuada seg\u00fan las necesidades de iluminaci\u00f3n.<\/p>\n<p>La orientaci\u00f3n de la luz es ambiental, ideal para crear una iluminaci\u00f3n suave y confortable que contribuye a la creaci\u00f3n de ambientes acogedores.<\/p>\n<p>Fabricado en acero con acabado marr\u00f3n \u00f3xido, el cuerpo del aplique WALLY-2 combina durabilidad con un dise\u00f1o est\u00e9tico que complementa diversos estilos decorativos, tanto modernos como tradicionales.<\/p>\n<p>No requiere de un driver adicional para su funcionamiento, lo que simplifica su instalaci\u00f3n y mantenimiento. Con frecuencia est\u00e1ndar de 50\/60Hz, es compatible con la mayor\u00eda de las instalaciones el\u00e9ctricas residenciales y comerciales.<\/p>\n<p>En resumen, el aplique WALLY-2 es una elecci\u00f3n vers\u00e1til y confiable para iluminar y decorar \u00e1reas exteriores e interiores, ofreciendo una combinaci\u00f3n de funcionalidad, resistencia y estilo en su dise\u00f1o.<\/p>\n","protected":false},"excerpt":{"rendered":"<p>El aplique WALLY-2 en color marr\u00f3n \u00f3xido es una opci\u00f3n robusta y funcional para iluminaci\u00f3n exterior e interior. Dise\u00f1ado para montaje en pared, este modelo es compatible con voltajes de 100V a 240V y tiene una clasificaci\u00f3n IP44, ofreciendo protecci\u00f3n contra salpicaduras de agua y adecuado para \u00e1reas donde est\u00e9 expuesto a condiciones clim\u00e1ticas moderadas. [&hellip;]<\/p>\n","protected":false},"featured_media":875,"comment_status":"open","ping_status":"closed","template":"","meta":[],"product_cat":[26,19],"product_tag":[],"_links":{"self":[{"href":"https:\/\/www.houseluz.com\/index.php?rest_route=\/wp\/v2\/product\/910"}],"collection":[{"href":"https:\/\/www.houseluz.com\/index.php?rest_route=\/wp\/v2\/product"}],"about":[{"href":"https:\/\/www.houseluz.com\/index.php?rest_route=\/wp\/v2\/types\/product"}],"replies":[{"embeddable":true,"href":"https:\/\/www.houseluz.com\/index.php?rest_route=%2Fwp%2Fv2%2Fcomments&post=910"}],"wp:featuredmedia":[{"embeddable":true,"href":"https:\/\/www.houseluz.com\/index.php?rest_route=\/wp\/v2\/media\/875"}],"wp:attachment":[{"href":"https:\/\/www.houseluz.com\/index.php?rest_route=%2Fwp%2Fv2%2Fmedia&parent=910"}],"wp:term":[{"taxonomy":"product_cat","embeddable":true,"href":"https:\/\/www.houseluz.com\/index.php?rest_route=%2Fwp%2Fv2%2Fproduct_cat&post=910"},{"taxonomy":"product_tag","embeddable":true,"href":"https:\/\/www.houseluz.com\/index.php?rest_route=%2Fwp%2Fv2%2Fproduct_tag&post=910"}],"curies":[{"name":"wp","href":"https:\/\/api.w.org\/{rel}","templated":true}]}}