{"id":909,"date":"2024-06-13T16:32:46","date_gmt":"2024-06-13T16:32:46","guid":{"rendered":"https:\/\/www.houseluz.com\/?post_type=product&#038;p=909"},"modified":"2024-06-13T16:32:46","modified_gmt":"2024-06-13T16:32:46","slug":"block","status":"publish","type":"product","link":"https:\/\/www.houseluz.com\/?product=block","title":{"rendered":"Block"},"content":{"rendered":"<p>El aplique\/sobremuro BLOCK, fabricado en cemento, ofrece una soluci\u00f3n robusta y contempor\u00e1nea para iluminaci\u00f3n exterior e interior. Dise\u00f1ado para montaje en pared, es compatible con un amplio rango de voltajes de 100V a 240V y cuenta con una alta protecci\u00f3n IP65, lo que lo hace resistente al polvo y chorros de agua, ideal para entornos exteriores exigentes.<\/p>\n<p>Este modelo pertenece a la clase de protecci\u00f3n I, lo cual indica un dispositivo con conexi\u00f3n a tierra para mayor seguridad el\u00e9ctrica. Con un \u00edndice de protecci\u00f3n IK06, ofrece una buena resistencia a impactos.<\/p>\n<p>El BLOCK utiliza una fuente de luz E27 (no incluida), permitiendo flexibilidad para elegir la bombilla que mejor se adapte a tus necesidades de iluminaci\u00f3n. Tiene una potencia m\u00e1xima de 15W, lo que proporciona una iluminaci\u00f3n eficiente y adecuada para diversos usos.<\/p>\n<p>La orientaci\u00f3n de la luz es ambiental, ideal para crear un ambiente acogedor y confortable. No requiere de un driver adicional para su funcionamiento.<\/p>\n<p>Fabricado en cemento, este aplique combina durabilidad con un dise\u00f1o industrial y moderno, agregando un toque de estilo a cualquier espacio donde se instale.<\/p>\n<p>En resumen, el aplique\/sobremuro BLOCK es una opci\u00f3n excelente para aquellos que buscan una iluminaci\u00f3n robusta y est\u00e9ticamente atractiva tanto para exteriores como interiores, proporcionando una iluminaci\u00f3n ambiental efectiva con un dise\u00f1o que complementa diversos estilos decorativos.<\/p>\n","protected":false},"excerpt":{"rendered":"<p>El aplique\/sobremuro BLOCK, fabricado en cemento, ofrece una soluci\u00f3n robusta y contempor\u00e1nea para iluminaci\u00f3n exterior e interior. Dise\u00f1ado para montaje en pared, es compatible con un amplio rango de voltajes de 100V a 240V y cuenta con una alta protecci\u00f3n IP65, lo que lo hace resistente al polvo y chorros de agua, ideal para entornos [&hellip;]<\/p>\n","protected":false},"featured_media":876,"comment_status":"open","ping_status":"closed","template":"","meta":[],"product_cat":[19,69],"product_tag":[],"_links":{"self":[{"href":"https:\/\/www.houseluz.com\/index.php?rest_route=\/wp\/v2\/product\/909"}],"collection":[{"href":"https:\/\/www.houseluz.com\/index.php?rest_route=\/wp\/v2\/product"}],"about":[{"href":"https:\/\/www.houseluz.com\/index.php?rest_route=\/wp\/v2\/types\/product"}],"replies":[{"embeddable":true,"href":"https:\/\/www.houseluz.com\/index.php?rest_route=%2Fwp%2Fv2%2Fcomments&post=909"}],"wp:featuredmedia":[{"embeddable":true,"href":"https:\/\/www.houseluz.com\/index.php?rest_route=\/wp\/v2\/media\/876"}],"wp:attachment":[{"href":"https:\/\/www.houseluz.com\/index.php?rest_route=%2Fwp%2Fv2%2Fmedia&parent=909"}],"wp:term":[{"taxonomy":"product_cat","embeddable":true,"href":"https:\/\/www.houseluz.com\/index.php?rest_route=%2Fwp%2Fv2%2Fproduct_cat&post=909"},{"taxonomy":"product_tag","embeddable":true,"href":"https:\/\/www.houseluz.com\/index.php?rest_route=%2Fwp%2Fv2%2Fproduct_tag&post=909"}],"curies":[{"name":"wp","href":"https:\/\/api.w.org\/{rel}","templated":true}]}}