{"id":908,"date":"2024-06-13T16:31:05","date_gmt":"2024-06-13T16:31:05","guid":{"rendered":"https:\/\/www.houseluz.com\/?post_type=product&#038;p=908"},"modified":"2024-06-13T16:31:05","modified_gmt":"2024-06-13T16:31:05","slug":"drak-laton","status":"publish","type":"product","link":"https:\/\/www.houseluz.com\/?product=drak-laton","title":{"rendered":"Drak Laton"},"content":{"rendered":"<p>El aplique DRAK LED en lat\u00f3n ofrece una soluci\u00f3n elegante y funcional para iluminaci\u00f3n interior. Dise\u00f1ado para fijaci\u00f3n en pared, este modelo es adecuado para una amplia gama de voltajes de 100V a 240V y cuenta con una protecci\u00f3n IP44, lo que lo hace resistente a salpicaduras de agua, ideal para \u00e1reas interiores donde pueda estar expuesto a la humedad moderada.<\/p>\n<p>Con una potencia m\u00e1xima de 4,5W y utilizando tecnolog\u00eda SMD LED, el DRAK proporciona una luz blanca c\u00e1lida con temperatura de color de 3000K, ideal para crear ambientes acogedores y confortables. El \u00edndice de reproducci\u00f3n crom\u00e1tica (CRI) superior a 80 asegura una reproducci\u00f3n fiel de los colores naturales del entorno.<\/p>\n<p>El aplique incluye la fuente de luz y emite hasta 160 l\u00famenes, con una orientaci\u00f3n de luz ambiental que contribuye a una iluminaci\u00f3n general suave y agradable.<\/p>\n<p>Clasificado en la clase de protecci\u00f3n I, el DRAK garantiza un alto nivel de seguridad el\u00e9ctrica. Tiene un \u00edndice de protecci\u00f3n IK08, indicando una buena resistencia al impacto.<\/p>\n<p>Con su acabado en lat\u00f3n, este aplique combina durabilidad con un dise\u00f1o est\u00e9tico que a\u00f1ade un toque de elegancia a cualquier espacio interior. Es una opci\u00f3n eficiente energ\u00e9ticamente, clasificado como clase energ\u00e9tica F para la fuente de luz, lo que significa un consumo moderado de electricidad.<\/p>\n<p>En resumen, el aplique DRAK es una excelente opci\u00f3n para quienes buscan una iluminaci\u00f3n decorativa y funcional con un dise\u00f1o elegante, adecuado para una variedad de aplicaciones residenciales y comerciales.<\/p>\n","protected":false},"excerpt":{"rendered":"<p>El aplique DRAK LED en lat\u00f3n ofrece una soluci\u00f3n elegante y funcional para iluminaci\u00f3n interior. Dise\u00f1ado para fijaci\u00f3n en pared, este modelo es adecuado para una amplia gama de voltajes de 100V a 240V y cuenta con una protecci\u00f3n IP44, lo que lo hace resistente a salpicaduras de agua, ideal para \u00e1reas interiores donde pueda [&hellip;]<\/p>\n","protected":false},"featured_media":877,"comment_status":"open","ping_status":"closed","template":"","meta":[],"product_cat":[26,19],"product_tag":[],"_links":{"self":[{"href":"https:\/\/www.houseluz.com\/index.php?rest_route=\/wp\/v2\/product\/908"}],"collection":[{"href":"https:\/\/www.houseluz.com\/index.php?rest_route=\/wp\/v2\/product"}],"about":[{"href":"https:\/\/www.houseluz.com\/index.php?rest_route=\/wp\/v2\/types\/product"}],"replies":[{"embeddable":true,"href":"https:\/\/www.houseluz.com\/index.php?rest_route=%2Fwp%2Fv2%2Fcomments&post=908"}],"wp:featuredmedia":[{"embeddable":true,"href":"https:\/\/www.houseluz.com\/index.php?rest_route=\/wp\/v2\/media\/877"}],"wp:attachment":[{"href":"https:\/\/www.houseluz.com\/index.php?rest_route=%2Fwp%2Fv2%2Fmedia&parent=908"}],"wp:term":[{"taxonomy":"product_cat","embeddable":true,"href":"https:\/\/www.houseluz.com\/index.php?rest_route=%2Fwp%2Fv2%2Fproduct_cat&post=908"},{"taxonomy":"product_tag","embeddable":true,"href":"https:\/\/www.houseluz.com\/index.php?rest_route=%2Fwp%2Fv2%2Fproduct_tag&post=908"}],"curies":[{"name":"wp","href":"https:\/\/api.w.org\/{rel}","templated":true}]}}