{"id":907,"date":"2024-06-13T16:30:04","date_gmt":"2024-06-13T16:30:04","guid":{"rendered":"https:\/\/www.houseluz.com\/?post_type=product&#038;p=907"},"modified":"2024-06-13T16:30:04","modified_gmt":"2024-06-13T16:30:04","slug":"cela-2-inox","status":"publish","type":"product","link":"https:\/\/www.houseluz.com\/?product=cela-2-inox","title":{"rendered":"Cela-2 Inox"},"content":{"rendered":"<p>El aplique CELA-2 en acero inoxidable ofrece una soluci\u00f3n robusta y est\u00e9tica para iluminaci\u00f3n tanto interior como exterior. Dise\u00f1ado para montaje en pared, este modelo funciona con un amplio rango de voltaje de 100V-240V y cuenta con una clasificaci\u00f3n IP54, lo que lo protege contra el polvo y las salpicaduras de agua, asegurando su durabilidad en diversos entornos.<\/p>\n<p>Utiliza una fuente de luz E27, la cual est\u00e1 incluida, facilitando su instalaci\u00f3n y funcionamiento inmediato. Con una potencia m\u00e1xima de 15W, este aplique proporciona una iluminaci\u00f3n ambiental con orientaci\u00f3n difusa, ideal para crear atm\u00f3sferas c\u00f3modas y acogedoras en cualquier espacio.<\/p>\n<p>El CELA-2 pertenece a la clase de protecci\u00f3n II, lo cual significa que cuenta con doble aislamiento para mayor seguridad el\u00e9ctrica, y no requiere de un driver adicional para su operaci\u00f3n normal.<\/p>\n<p>Fabricado en acero inoxidable 304, este aplique combina resistencia a la corrosi\u00f3n con un dise\u00f1o elegante y moderno, adecuado para entornos tanto residenciales como comerciales donde se valore la durabilidad y la est\u00e9tica.<\/p>\n<p>En resumen, el CELA-2 es una opci\u00f3n confiable y vers\u00e1til para iluminar y decorar diferentes tipos de espacios, proporcionando una iluminaci\u00f3n eficiente y decorativa con un dise\u00f1o que se adapta f\u00e1cilmente a diversos estilos y necesidades.<\/p>\n","protected":false},"excerpt":{"rendered":"<p>El aplique CELA-2 en acero inoxidable ofrece una soluci\u00f3n robusta y est\u00e9tica para iluminaci\u00f3n tanto interior como exterior. Dise\u00f1ado para montaje en pared, este modelo funciona con un amplio rango de voltaje de 100V-240V y cuenta con una clasificaci\u00f3n IP54, lo que lo protege contra el polvo y las salpicaduras de agua, asegurando su durabilidad [&hellip;]<\/p>\n","protected":false},"featured_media":878,"comment_status":"open","ping_status":"closed","template":"","meta":[],"product_cat":[26,19],"product_tag":[],"_links":{"self":[{"href":"https:\/\/www.houseluz.com\/index.php?rest_route=\/wp\/v2\/product\/907"}],"collection":[{"href":"https:\/\/www.houseluz.com\/index.php?rest_route=\/wp\/v2\/product"}],"about":[{"href":"https:\/\/www.houseluz.com\/index.php?rest_route=\/wp\/v2\/types\/product"}],"replies":[{"embeddable":true,"href":"https:\/\/www.houseluz.com\/index.php?rest_route=%2Fwp%2Fv2%2Fcomments&post=907"}],"wp:featuredmedia":[{"embeddable":true,"href":"https:\/\/www.houseluz.com\/index.php?rest_route=\/wp\/v2\/media\/878"}],"wp:attachment":[{"href":"https:\/\/www.houseluz.com\/index.php?rest_route=%2Fwp%2Fv2%2Fmedia&parent=907"}],"wp:term":[{"taxonomy":"product_cat","embeddable":true,"href":"https:\/\/www.houseluz.com\/index.php?rest_route=%2Fwp%2Fv2%2Fproduct_cat&post=907"},{"taxonomy":"product_tag","embeddable":true,"href":"https:\/\/www.houseluz.com\/index.php?rest_route=%2Fwp%2Fv2%2Fproduct_tag&post=907"}],"curies":[{"name":"wp","href":"https:\/\/api.w.org\/{rel}","templated":true}]}}