{"id":906,"date":"2024-06-13T16:28:42","date_gmt":"2024-06-13T16:28:42","guid":{"rendered":"https:\/\/www.houseluz.com\/?post_type=product&#038;p=906"},"modified":"2024-06-13T16:28:42","modified_gmt":"2024-06-13T16:28:42","slug":"cela-1-inox","status":"publish","type":"product","link":"https:\/\/www.houseluz.com\/?product=cela-1-inox","title":{"rendered":"Cela-1 Inox"},"content":{"rendered":"<p>El aplique CELA-1 en acero inoxidable est\u00e1 dise\u00f1ado para instalaci\u00f3n en pared, ofreciendo una soluci\u00f3n robusta y elegante para iluminaci\u00f3n exterior e interior. Funciona con un voltaje amplio de 100V-240V y tiene una protecci\u00f3n IP54, lo que lo hace resistente al polvo y a salpicaduras de agua, adecuado para \u00e1reas donde se necesite una luminaria duradera.<\/p>\n<p>Utiliza una fuente de luz E27, lo que permite utilizar una variedad de bombillas compatibles (no incluida), con una potencia m\u00e1xima de 15W. La orientaci\u00f3n de la luz es ambiental, ideal para iluminaci\u00f3n general que crea una atm\u00f3sfera confortable y acogedora.<\/p>\n<p>El aplique CELA-1 pertenece a la clase de protecci\u00f3n II, lo cual significa que tiene un aislamiento doble o reforzado para mayor seguridad el\u00e9ctrica. No requiere driver adicional para su funcionamiento.<\/p>\n<p>Fabricado en acero inoxidable 304, este aplique combina durabilidad con un dise\u00f1o moderno y resistente a la corrosi\u00f3n, ideal para aplicaciones tanto residenciales como comerciales donde se valore tanto la est\u00e9tica como la funcionalidad.<\/p>\n<p>En resumen, el CELA-1 es una opci\u00f3n vers\u00e1til y confiable para iluminar y decorar diferentes espacios, ofreciendo una iluminaci\u00f3n ambiental eficiente con un dise\u00f1o que se integra f\u00e1cilmente en diversos entornos decorativos.<\/p>\n","protected":false},"excerpt":{"rendered":"<p>El aplique CELA-1 en acero inoxidable est\u00e1 dise\u00f1ado para instalaci\u00f3n en pared, ofreciendo una soluci\u00f3n robusta y elegante para iluminaci\u00f3n exterior e interior. Funciona con un voltaje amplio de 100V-240V y tiene una protecci\u00f3n IP54, lo que lo hace resistente al polvo y a salpicaduras de agua, adecuado para \u00e1reas donde se necesite una luminaria [&hellip;]<\/p>\n","protected":false},"featured_media":879,"comment_status":"open","ping_status":"closed","template":"","meta":[],"product_cat":[26,19],"product_tag":[],"_links":{"self":[{"href":"https:\/\/www.houseluz.com\/index.php?rest_route=\/wp\/v2\/product\/906"}],"collection":[{"href":"https:\/\/www.houseluz.com\/index.php?rest_route=\/wp\/v2\/product"}],"about":[{"href":"https:\/\/www.houseluz.com\/index.php?rest_route=\/wp\/v2\/types\/product"}],"replies":[{"embeddable":true,"href":"https:\/\/www.houseluz.com\/index.php?rest_route=%2Fwp%2Fv2%2Fcomments&post=906"}],"wp:featuredmedia":[{"embeddable":true,"href":"https:\/\/www.houseluz.com\/index.php?rest_route=\/wp\/v2\/media\/879"}],"wp:attachment":[{"href":"https:\/\/www.houseluz.com\/index.php?rest_route=%2Fwp%2Fv2%2Fmedia&parent=906"}],"wp:term":[{"taxonomy":"product_cat","embeddable":true,"href":"https:\/\/www.houseluz.com\/index.php?rest_route=%2Fwp%2Fv2%2Fproduct_cat&post=906"},{"taxonomy":"product_tag","embeddable":true,"href":"https:\/\/www.houseluz.com\/index.php?rest_route=%2Fwp%2Fv2%2Fproduct_tag&post=906"}],"curies":[{"name":"wp","href":"https:\/\/api.w.org\/{rel}","templated":true}]}}