{"id":904,"date":"2024-06-13T16:26:11","date_gmt":"2024-06-13T16:26:11","guid":{"rendered":"https:\/\/www.houseluz.com\/?post_type=product&#038;p=904"},"modified":"2024-06-13T16:26:11","modified_gmt":"2024-06-13T16:26:11","slug":"tane-gris-oscuro","status":"publish","type":"product","link":"https:\/\/www.houseluz.com\/?product=tane-gris-oscuro","title":{"rendered":"Tane Gris Oscuro"},"content":{"rendered":"<p>El aplique TANE LED en color gris oscuro es una opci\u00f3n vers\u00e1til y eficiente para iluminaci\u00f3n interior. Dise\u00f1ado para montaje en pared, se adapta a una amplia gama de entornos gracias a su voltaje de operaci\u00f3n de 100V-240V.<\/p>\n<p>Con una clasificaci\u00f3n IP44, est\u00e1 protegido contra salpicaduras de agua y es adecuado para \u00e1reas interiores donde no est\u00e9 expuesto directamente a la humedad intensa.<\/p>\n<p>Cada fuente de luz tiene una potencia m\u00e1xima de 3,5W, totalizando 7W para el aplique. Emiten una luz blanca c\u00e1lida con temperatura de color de 3000K, ideal para crear ambientes acogedores. Equipado con tecnolog\u00eda SMD LED, garantiza un alto rendimiento lum\u00ednico con un \u00edndice de reproducci\u00f3n crom\u00e1tica (CRI) superior a 80, que asegura una reproducci\u00f3n natural de los colores.<\/p>\n<p>Cada fuente de luz proporciona hasta 140 l\u00famenes, con un \u00e1ngulo de apertura de 100 grados que permite una distribuci\u00f3n amplia y uniforme de la luz ambiental. La orientaci\u00f3n de la luz es principalmente ambiental, adecuada para iluminaci\u00f3n general y decorativa.<\/p>\n<p>El aplique TANE tiene una clasificaci\u00f3n energ\u00e9tica clase E para la fuente de luz, indicando un consumo eficiente de energ\u00eda. Opera a una frecuencia est\u00e1ndar de 50\/60Hz, compatible con la mayor\u00eda de las instalaciones el\u00e9ctricas.<\/p>\n<p>Con su dise\u00f1o en gris oscuro, el aplique TANE combina funcionalidad y est\u00e9tica, ofreciendo una soluci\u00f3n pr\u00e1ctica y elegante para espacios residenciales y comerciales donde se requiera una iluminaci\u00f3n eficiente y agradable.<\/p>\n","protected":false},"excerpt":{"rendered":"<p>El aplique TANE LED en color gris oscuro es una opci\u00f3n vers\u00e1til y eficiente para iluminaci\u00f3n interior. Dise\u00f1ado para montaje en pared, se adapta a una amplia gama de entornos gracias a su voltaje de operaci\u00f3n de 100V-240V. Con una clasificaci\u00f3n IP44, est\u00e1 protegido contra salpicaduras de agua y es adecuado para \u00e1reas interiores donde [&hellip;]<\/p>\n","protected":false},"featured_media":881,"comment_status":"open","ping_status":"closed","template":"","meta":[],"product_cat":[26,19],"product_tag":[],"_links":{"self":[{"href":"https:\/\/www.houseluz.com\/index.php?rest_route=\/wp\/v2\/product\/904"}],"collection":[{"href":"https:\/\/www.houseluz.com\/index.php?rest_route=\/wp\/v2\/product"}],"about":[{"href":"https:\/\/www.houseluz.com\/index.php?rest_route=\/wp\/v2\/types\/product"}],"replies":[{"embeddable":true,"href":"https:\/\/www.houseluz.com\/index.php?rest_route=%2Fwp%2Fv2%2Fcomments&post=904"}],"wp:featuredmedia":[{"embeddable":true,"href":"https:\/\/www.houseluz.com\/index.php?rest_route=\/wp\/v2\/media\/881"}],"wp:attachment":[{"href":"https:\/\/www.houseluz.com\/index.php?rest_route=%2Fwp%2Fv2%2Fmedia&parent=904"}],"wp:term":[{"taxonomy":"product_cat","embeddable":true,"href":"https:\/\/www.houseluz.com\/index.php?rest_route=%2Fwp%2Fv2%2Fproduct_cat&post=904"},{"taxonomy":"product_tag","embeddable":true,"href":"https:\/\/www.houseluz.com\/index.php?rest_route=%2Fwp%2Fv2%2Fproduct_tag&post=904"}],"curies":[{"name":"wp","href":"https:\/\/api.w.org\/{rel}","templated":true}]}}