{"id":903,"date":"2024-06-13T16:24:59","date_gmt":"2024-06-13T16:24:59","guid":{"rendered":"https:\/\/www.houseluz.com\/?post_type=product&#038;p=903"},"modified":"2024-06-13T16:24:59","modified_gmt":"2024-06-13T16:24:59","slug":"nine-gris-oscuro","status":"publish","type":"product","link":"https:\/\/www.houseluz.com\/?product=nine-gris-oscuro","title":{"rendered":"Nine Gris Oscuro"},"content":{"rendered":"<p>El aplique NINE LED de 7W en color gris oscuro es una opci\u00f3n robusta y eficiente para iluminaci\u00f3n exterior e interior. Dise\u00f1ado para montaje en pared, cuenta con una clasificaci\u00f3n IP65 que lo protege contra el polvo y chorros de agua, asegurando durabilidad y resistencia en entornos adversos.<\/p>\n<p>Ofrece una luz blanca c\u00e1lida con temperatura de color de 3000K, ideal para crear ambientes acogedores y confortables. Equipado con tecnolog\u00eda SMD LED, garantiza un alto rendimiento lum\u00ednico con un \u00edndice de reproducci\u00f3n crom\u00e1tica (CRI) superior a 80, que asegura una reproducci\u00f3n natural y fiel de los colores.<\/p>\n<p>El aplique no incluye tensor y tiene una potencia m\u00e1xima de 7W, con un \u00e1ngulo de orientaci\u00f3n de la luz indirecta, ideal para iluminaci\u00f3n ambiental y decorativa. Con un voltaje est\u00e1ndar de 220V-240V y frecuencia de operaci\u00f3n de 50\/60Hz, se adapta f\u00e1cilmente a diversas instalaciones el\u00e9ctricas.<\/p>\n<p>Adem\u00e1s, cuenta con un alto nivel de protecci\u00f3n IK10, indicando una gran resistencia a impactos, perfecto para \u00e1reas donde se requiera una luminaria robusta y duradera.<\/p>\n<p>Con su dise\u00f1o en gris oscuro, el aplique NINE combina funcionalidad y estilo, ofreciendo una soluci\u00f3n efectiva tanto en t\u00e9rminos de iluminaci\u00f3n como de est\u00e9tica para cualquier espacio residencial o comercial.<\/p>\n","protected":false},"excerpt":{"rendered":"<p>El aplique NINE LED de 7W en color gris oscuro es una opci\u00f3n robusta y eficiente para iluminaci\u00f3n exterior e interior. Dise\u00f1ado para montaje en pared, cuenta con una clasificaci\u00f3n IP65 que lo protege contra el polvo y chorros de agua, asegurando durabilidad y resistencia en entornos adversos. Ofrece una luz blanca c\u00e1lida con temperatura [&hellip;]<\/p>\n","protected":false},"featured_media":882,"comment_status":"open","ping_status":"closed","template":"","meta":[],"product_cat":[26,19],"product_tag":[],"_links":{"self":[{"href":"https:\/\/www.houseluz.com\/index.php?rest_route=\/wp\/v2\/product\/903"}],"collection":[{"href":"https:\/\/www.houseluz.com\/index.php?rest_route=\/wp\/v2\/product"}],"about":[{"href":"https:\/\/www.houseluz.com\/index.php?rest_route=\/wp\/v2\/types\/product"}],"replies":[{"embeddable":true,"href":"https:\/\/www.houseluz.com\/index.php?rest_route=%2Fwp%2Fv2%2Fcomments&post=903"}],"wp:featuredmedia":[{"embeddable":true,"href":"https:\/\/www.houseluz.com\/index.php?rest_route=\/wp\/v2\/media\/882"}],"wp:attachment":[{"href":"https:\/\/www.houseluz.com\/index.php?rest_route=%2Fwp%2Fv2%2Fmedia&parent=903"}],"wp:term":[{"taxonomy":"product_cat","embeddable":true,"href":"https:\/\/www.houseluz.com\/index.php?rest_route=%2Fwp%2Fv2%2Fproduct_cat&post=903"},{"taxonomy":"product_tag","embeddable":true,"href":"https:\/\/www.houseluz.com\/index.php?rest_route=%2Fwp%2Fv2%2Fproduct_tag&post=903"}],"curies":[{"name":"wp","href":"https:\/\/api.w.org\/{rel}","templated":true}]}}