{"id":901,"date":"2024-06-13T16:21:56","date_gmt":"2024-06-13T16:21:56","guid":{"rendered":"https:\/\/www.houseluz.com\/?post_type=product&#038;p=901"},"modified":"2024-06-13T16:21:56","modified_gmt":"2024-06-13T16:21:56","slug":"lako-gris-oscuro","status":"publish","type":"product","link":"https:\/\/www.houseluz.com\/?product=lako-gris-oscuro","title":{"rendered":"Lako Gris Oscuro"},"content":{"rendered":"<p>El aplique LED LAKO de 8W en color gris oscuro ofrece una iluminaci\u00f3n eficiente y duradera para aplicaciones tanto en interiores como exteriores. Su dise\u00f1o est\u00e1 pensado para montaje en pared, siendo ideal para \u00e1reas donde se requiere resistencia al polvo y chorros de agua, con una clasificaci\u00f3n IP65.<\/p>\n<p>Con una temperatura de color de 3000K, este aplique proporciona una luz blanca c\u00e1lida que contribuye a crear ambientes acogedores y confortables. Equipado con tecnolog\u00eda SMD LED integrada, garantiza un alto rendimiento lum\u00ednico con un \u00edndice de reproducci\u00f3n crom\u00e1tica (CRI) superior a 80, asegurando una reproducci\u00f3n fiel de los colores naturales.<\/p>\n<p>Ofrece un m\u00e1ximo de 600 l\u00famenes de intensidad lum\u00ednica, con un \u00e1ngulo de apertura de 90 grados que permite una distribuci\u00f3n uniforme de la luz. Su orientaci\u00f3n de luz es indirecta, ideal para iluminaci\u00f3n ambiental y decorativa.<\/p>\n","protected":false},"excerpt":{"rendered":"<p>El aplique LED LAKO de 8W en color gris oscuro ofrece una iluminaci\u00f3n eficiente y duradera para aplicaciones tanto en interiores como exteriores. Su dise\u00f1o est\u00e1 pensado para montaje en pared, siendo ideal para \u00e1reas donde se requiere resistencia al polvo y chorros de agua, con una clasificaci\u00f3n IP65. Con una temperatura de color de [&hellip;]<\/p>\n","protected":false},"featured_media":884,"comment_status":"open","ping_status":"closed","template":"","meta":[],"product_cat":[26,19],"product_tag":[],"_links":{"self":[{"href":"https:\/\/www.houseluz.com\/index.php?rest_route=\/wp\/v2\/product\/901"}],"collection":[{"href":"https:\/\/www.houseluz.com\/index.php?rest_route=\/wp\/v2\/product"}],"about":[{"href":"https:\/\/www.houseluz.com\/index.php?rest_route=\/wp\/v2\/types\/product"}],"replies":[{"embeddable":true,"href":"https:\/\/www.houseluz.com\/index.php?rest_route=%2Fwp%2Fv2%2Fcomments&post=901"}],"wp:featuredmedia":[{"embeddable":true,"href":"https:\/\/www.houseluz.com\/index.php?rest_route=\/wp\/v2\/media\/884"}],"wp:attachment":[{"href":"https:\/\/www.houseluz.com\/index.php?rest_route=%2Fwp%2Fv2%2Fmedia&parent=901"}],"wp:term":[{"taxonomy":"product_cat","embeddable":true,"href":"https:\/\/www.houseluz.com\/index.php?rest_route=%2Fwp%2Fv2%2Fproduct_cat&post=901"},{"taxonomy":"product_tag","embeddable":true,"href":"https:\/\/www.houseluz.com\/index.php?rest_route=%2Fwp%2Fv2%2Fproduct_tag&post=901"}],"curies":[{"name":"wp","href":"https:\/\/api.w.org\/{rel}","templated":true}]}}