{"id":899,"date":"2024-06-13T16:19:38","date_gmt":"2024-06-13T16:19:38","guid":{"rendered":"https:\/\/www.houseluz.com\/?post_type=product&#038;p=899"},"modified":"2024-06-13T16:19:38","modified_gmt":"2024-06-13T16:19:38","slug":"doro-28-blanco","status":"publish","type":"product","link":"https:\/\/www.houseluz.com\/?product=doro-28-blanco","title":{"rendered":"Doro-28 Blanco"},"content":{"rendered":"<div class=\"flex flex-grow flex-col max-w-full\">\n<div class=\"min-h-[20px] text-message flex flex-col items-start whitespace-pre-wrap break-words [.text-message+&amp;]:mt-5 juice:w-full juice:items-end overflow-x-auto gap-2\" dir=\"auto\" data-message-author-role=\"assistant\" data-message-id=\"7ceaeb79-7e56-40e1-8111-0205582674a3\">\n<div class=\"flex w-full flex-col gap-1 juice:empty:hidden juice:first:pt-[3px]\">\n<div class=\"markdown prose w-full break-words dark:prose-invert light\">\n<p>El aplique LED DORO-28 de 2x14W emite luz blanca c\u00e1lida (3000K) con una potencia m\u00e1xima de 1350 l\u00famenes por fuente de luz. Est\u00e1 dise\u00f1ado para montaje en pared, con protecci\u00f3n IP65 contra polvo y agua, ideal para uso exterior. La fuente de luz es integrada (SMD LED) y tiene un \u00edndice de reproducci\u00f3n crom\u00e1tica (CRI) mayor a 80, asegurando colores naturales y vivos. Funciona con voltaje de 220V-240V y tiene una frecuencia de operaci\u00f3n de 50\/60Hz, con clasificaci\u00f3n energ\u00e9tica clase F.<\/p>\n<\/div>\n<\/div>\n<\/div>\n<\/div>\n","protected":false},"excerpt":{"rendered":"<p>El aplique LED DORO-28 de 2x14W emite luz blanca c\u00e1lida (3000K) con una potencia m\u00e1xima de 1350 l\u00famenes por fuente de luz. Est\u00e1 dise\u00f1ado para montaje en pared, con protecci\u00f3n IP65 contra polvo y agua, ideal para uso exterior. La fuente de luz es integrada (SMD LED) y tiene un \u00edndice de reproducci\u00f3n crom\u00e1tica (CRI) [&hellip;]<\/p>\n","protected":false},"featured_media":888,"comment_status":"open","ping_status":"closed","template":"","meta":[],"product_cat":[26,19],"product_tag":[],"_links":{"self":[{"href":"https:\/\/www.houseluz.com\/index.php?rest_route=\/wp\/v2\/product\/899"}],"collection":[{"href":"https:\/\/www.houseluz.com\/index.php?rest_route=\/wp\/v2\/product"}],"about":[{"href":"https:\/\/www.houseluz.com\/index.php?rest_route=\/wp\/v2\/types\/product"}],"replies":[{"embeddable":true,"href":"https:\/\/www.houseluz.com\/index.php?rest_route=%2Fwp%2Fv2%2Fcomments&post=899"}],"wp:featuredmedia":[{"embeddable":true,"href":"https:\/\/www.houseluz.com\/index.php?rest_route=\/wp\/v2\/media\/888"}],"wp:attachment":[{"href":"https:\/\/www.houseluz.com\/index.php?rest_route=%2Fwp%2Fv2%2Fmedia&parent=899"}],"wp:term":[{"taxonomy":"product_cat","embeddable":true,"href":"https:\/\/www.houseluz.com\/index.php?rest_route=%2Fwp%2Fv2%2Fproduct_cat&post=899"},{"taxonomy":"product_tag","embeddable":true,"href":"https:\/\/www.houseluz.com\/index.php?rest_route=%2Fwp%2Fv2%2Fproduct_tag&post=899"}],"curies":[{"name":"wp","href":"https:\/\/api.w.org\/{rel}","templated":true}]}}