{"id":898,"date":"2024-06-13T16:18:54","date_gmt":"2024-06-13T16:18:54","guid":{"rendered":"https:\/\/www.houseluz.com\/?post_type=product&#038;p=898"},"modified":"2024-06-13T16:18:54","modified_gmt":"2024-06-13T16:18:54","slug":"doro-28-gris-oscuro","status":"publish","type":"product","link":"https:\/\/www.houseluz.com\/?product=doro-28-gris-oscuro","title":{"rendered":"Doro-28 Gris Oscuro"},"content":{"rendered":"<p>El\u00a0<strong>aplique de pared Doro-28<\/strong>\u00a0es una excelente opci\u00f3n para iluminaci\u00f3n exterior. Est\u00e1 fabricado en aluminio con un difusor de cristal y est\u00e1 disponible en varios acabados, incluyendo\u00a0<strong>gris oscuro<\/strong>. Aqu\u00ed tienes las caracter\u00edsticas clave:<\/p>\n<ul>\n<li><strong>Voltaje<\/strong>: Funciona con 220V-240V.<\/li>\n<li><strong>Protecci\u00f3n IP<\/strong>: Tiene una clasificaci\u00f3n IP65, lo que significa que est\u00e1 altamente protegido contra la lluvia y los cuerpos s\u00f3lidos.<\/li>\n<li><strong>Clase<\/strong>: Pertenece a la Clase I.<\/li>\n<li><strong>Fijaci\u00f3n<\/strong>: Se monta en la pared.<\/li>\n<li><strong>Potencia M\u00e1xima<\/strong>: Cuenta con una potencia m\u00e1xima de\u00a0<strong>2x14W<\/strong>.<\/li>\n<li><strong>Resistencia al impacto (IK)<\/strong>: IK07.<\/li>\n<li><strong>Frecuencia<\/strong>: Opera a 50\/60Hz.<\/li>\n<\/ul>\n<p>En cuanto a las caracter\u00edsticas lum\u00ednicas:<\/p>\n<ul>\n<li><strong>Fuente de luz<\/strong>: Utiliza tecnolog\u00eda SMD LED.<\/li>\n<li><strong>Temperatura de color<\/strong>: Proporciona una luz c\u00e1lida con\u00a0<strong>3000K<\/strong>.<\/li>\n<\/ul>\n","protected":false},"excerpt":{"rendered":"<p>El\u00a0aplique de pared Doro-28\u00a0es una excelente opci\u00f3n para iluminaci\u00f3n exterior. Est\u00e1 fabricado en aluminio con un difusor de cristal y est\u00e1 disponible en varios acabados, incluyendo\u00a0gris oscuro. Aqu\u00ed tienes las caracter\u00edsticas clave: Voltaje: Funciona con 220V-240V. Protecci\u00f3n IP: Tiene una clasificaci\u00f3n IP65, lo que significa que est\u00e1 altamente protegido contra la lluvia y los cuerpos [&hellip;]<\/p>\n","protected":false},"featured_media":887,"comment_status":"open","ping_status":"closed","template":"","meta":[],"product_cat":[26,19],"product_tag":[],"_links":{"self":[{"href":"https:\/\/www.houseluz.com\/index.php?rest_route=\/wp\/v2\/product\/898"}],"collection":[{"href":"https:\/\/www.houseluz.com\/index.php?rest_route=\/wp\/v2\/product"}],"about":[{"href":"https:\/\/www.houseluz.com\/index.php?rest_route=\/wp\/v2\/types\/product"}],"replies":[{"embeddable":true,"href":"https:\/\/www.houseluz.com\/index.php?rest_route=%2Fwp%2Fv2%2Fcomments&post=898"}],"wp:featuredmedia":[{"embeddable":true,"href":"https:\/\/www.houseluz.com\/index.php?rest_route=\/wp\/v2\/media\/887"}],"wp:attachment":[{"href":"https:\/\/www.houseluz.com\/index.php?rest_route=%2Fwp%2Fv2%2Fmedia&parent=898"}],"wp:term":[{"taxonomy":"product_cat","embeddable":true,"href":"https:\/\/www.houseluz.com\/index.php?rest_route=%2Fwp%2Fv2%2Fproduct_cat&post=898"},{"taxonomy":"product_tag","embeddable":true,"href":"https:\/\/www.houseluz.com\/index.php?rest_route=%2Fwp%2Fv2%2Fproduct_tag&post=898"}],"curies":[{"name":"wp","href":"https:\/\/api.w.org\/{rel}","templated":true}]}}