{"id":897,"date":"2024-06-13T16:14:13","date_gmt":"2024-06-13T16:14:13","guid":{"rendered":"https:\/\/www.houseluz.com\/?post_type=product&#038;p=897"},"modified":"2024-06-13T16:14:14","modified_gmt":"2024-06-13T16:14:14","slug":"doro-28-marron-oxido","status":"publish","type":"product","link":"https:\/\/www.houseluz.com\/?product=doro-28-marron-oxido","title":{"rendered":"Doro-28 Marr\u00f3n \u00f3xido"},"content":{"rendered":"<p>El\u00a0<strong>DORO-28 APLIQUE LED 2x14W 3000K MARRON OXIDO<\/strong>\u00a0es un aplique de iluminaci\u00f3n exterior fabricado en aluminio con un difusor de cristal. Aqu\u00ed tienes las caracter\u00edsticas clave:<\/p>\n<ul>\n<li><strong>Voltaje<\/strong>: Funciona con 220V-240V.<\/li>\n<li><strong>Protecci\u00f3n IP<\/strong>: Tiene una clasificaci\u00f3n IP65, lo que significa que est\u00e1 altamente protegido contra la lluvia y los cuerpos s\u00f3lidos.<\/li>\n<li><strong>Clase de seguridad<\/strong>: Pertenece a la Clase I.<\/li>\n<li><strong>Fijaci\u00f3n<\/strong>: Se monta en la pared.<\/li>\n<li><strong>Potencia m\u00e1xima<\/strong>: Cuenta con dos fuentes de luz de 14W cada una, para un total de 28W.<\/li>\n<li><strong>Resistencia al impacto (IK)<\/strong>: IK07, lo que indica una resistencia moderada al impacto.<\/li>\n<li><strong>Frecuencia<\/strong>: Funciona a 50\/60Hz.<\/li>\n<\/ul>\n<p>En cuanto a las caracter\u00edsticas lum\u00ednicas:<\/p>\n<ul>\n<li><strong>Fuente de luz<\/strong>: Utiliza SMD LED.<\/li>\n<li><strong>Incluye fuente de luz<\/strong>: S\u00ed, viene con la fuente de luz LED.<\/li>\n<li><strong>Temperatura de color<\/strong>: Proporciona una luz c\u00e1lida de 3000K.<\/li>\n<li><strong>\u00cdndice de reproducci\u00f3n crom\u00e1tica (CRI)<\/strong>: Mayor al 80, lo que garantiza una buena representaci\u00f3n de los colores.<\/li>\n<li><strong>L\u00famenes m\u00e1ximos<\/strong>: Ofrece hasta 1350 l\u00famenes.<\/li>\n<li><strong>Orientaci\u00f3n de la luz<\/strong>: La luz se proyecta de forma indirecta.<\/li>\n<li><strong>Clase energ\u00e9tica de la fuente de luz<\/strong>: Clasificaci\u00f3n F.<\/li>\n<\/ul>\n","protected":false},"excerpt":{"rendered":"<p>El\u00a0DORO-28 APLIQUE LED 2x14W 3000K MARRON OXIDO\u00a0es un aplique de iluminaci\u00f3n exterior fabricado en aluminio con un difusor de cristal. Aqu\u00ed tienes las caracter\u00edsticas clave: Voltaje: Funciona con 220V-240V. Protecci\u00f3n IP: Tiene una clasificaci\u00f3n IP65, lo que significa que est\u00e1 altamente protegido contra la lluvia y los cuerpos s\u00f3lidos. Clase de seguridad: Pertenece a la [&hellip;]<\/p>\n","protected":false},"featured_media":886,"comment_status":"open","ping_status":"closed","template":"","meta":[],"product_cat":[26,19],"product_tag":[],"_links":{"self":[{"href":"https:\/\/www.houseluz.com\/index.php?rest_route=\/wp\/v2\/product\/897"}],"collection":[{"href":"https:\/\/www.houseluz.com\/index.php?rest_route=\/wp\/v2\/product"}],"about":[{"href":"https:\/\/www.houseluz.com\/index.php?rest_route=\/wp\/v2\/types\/product"}],"replies":[{"embeddable":true,"href":"https:\/\/www.houseluz.com\/index.php?rest_route=%2Fwp%2Fv2%2Fcomments&post=897"}],"wp:featuredmedia":[{"embeddable":true,"href":"https:\/\/www.houseluz.com\/index.php?rest_route=\/wp\/v2\/media\/886"}],"wp:attachment":[{"href":"https:\/\/www.houseluz.com\/index.php?rest_route=%2Fwp%2Fv2%2Fmedia&parent=897"}],"wp:term":[{"taxonomy":"product_cat","embeddable":true,"href":"https:\/\/www.houseluz.com\/index.php?rest_route=%2Fwp%2Fv2%2Fproduct_cat&post=897"},{"taxonomy":"product_tag","embeddable":true,"href":"https:\/\/www.houseluz.com\/index.php?rest_route=%2Fwp%2Fv2%2Fproduct_tag&post=897"}],"curies":[{"name":"wp","href":"https:\/\/api.w.org\/{rel}","templated":true}]}}