{"id":894,"date":"2024-06-13T16:05:45","date_gmt":"2024-06-13T16:05:45","guid":{"rendered":"https:\/\/www.houseluz.com\/?post_type=product&#038;p=894"},"modified":"2024-06-13T16:05:45","modified_gmt":"2024-06-13T16:05:45","slug":"kov-blanco","status":"publish","type":"product","link":"https:\/\/www.houseluz.com\/?product=kov-blanco","title":{"rendered":"Kov Blanco"},"content":{"rendered":"<p><span>El KOV Aplique Cuadrado Blanco LED 2x6W es una luminaria moderna y eficiente, dise\u00f1ada para instalaci\u00f3n en pared. Este aplique combina un dise\u00f1o elegante con tecnolog\u00eda avanzada, ofreciendo una soluci\u00f3n de iluminaci\u00f3n ideal para interiores.<\/span><\/p>\n<p><span>Funciona con un voltaje de 220V-240V y soporta una potencia m\u00e1xima de 2x6W. Tiene un \u00edndice de protecci\u00f3n IP65, lo que garantiza su resistencia al polvo y al agua, siendo perfecto para uso en exteriores. Adem\u00e1s, cuenta con un \u00edndice IK05 que le proporciona resistencia.<\/span><\/p>\n<p><span>El aplique KOV utiliza tecnolog\u00eda COB LED, conocida por su alta eficiencia y durabilidad, con una vida \u00fatil de hasta 50.000 horas. La temperatura de color de 3000K proporciona una luz c\u00e1lida y acogedora, con un CRI (\u00edndice de reproducci\u00f3n crom\u00e1tica) superior a 80, asegurando una reproducci\u00f3n precisa de los colores. La luminaria ofrece una salida de luz de hasta 1214 l\u00famenes, con un \u00e1ngulo de apertura de 14\u00b0, ideal para una iluminaci\u00f3n direccional y acentua.<\/span><\/p>\n<p><span>Este aplique no es regulable en intensidad ni en temperatura de color, pero su clase energ\u00e9tica F y la fuente de luz incluida lo convierten en una opci\u00f3n eficiente y lista para usar. Su dise\u00f1o cuadrado y acabado en blanco complementan cualquier decoraci\u00f3n, a\u00f1adiendo un toque de modernidad y elegancia.<\/span><\/p>\n","protected":false},"excerpt":{"rendered":"<p>El KOV Aplique Cuadrado Blanco LED 2x6W es una luminaria moderna y eficiente, dise\u00f1ada para instalaci\u00f3n en pared. Este aplique combina un dise\u00f1o elegante con tecnolog\u00eda avanzada, ofreciendo una soluci\u00f3n de iluminaci\u00f3n ideal para interiores. Funciona con un voltaje de 220V-240V y soporta una potencia m\u00e1xima de 2x6W. Tiene un \u00edndice de protecci\u00f3n IP65, lo [&hellip;]<\/p>\n","protected":false},"featured_media":891,"comment_status":"open","ping_status":"closed","template":"","meta":[],"product_cat":[26,19],"product_tag":[],"_links":{"self":[{"href":"https:\/\/www.houseluz.com\/index.php?rest_route=\/wp\/v2\/product\/894"}],"collection":[{"href":"https:\/\/www.houseluz.com\/index.php?rest_route=\/wp\/v2\/product"}],"about":[{"href":"https:\/\/www.houseluz.com\/index.php?rest_route=\/wp\/v2\/types\/product"}],"replies":[{"embeddable":true,"href":"https:\/\/www.houseluz.com\/index.php?rest_route=%2Fwp%2Fv2%2Fcomments&post=894"}],"wp:featuredmedia":[{"embeddable":true,"href":"https:\/\/www.houseluz.com\/index.php?rest_route=\/wp\/v2\/media\/891"}],"wp:attachment":[{"href":"https:\/\/www.houseluz.com\/index.php?rest_route=%2Fwp%2Fv2%2Fmedia&parent=894"}],"wp:term":[{"taxonomy":"product_cat","embeddable":true,"href":"https:\/\/www.houseluz.com\/index.php?rest_route=%2Fwp%2Fv2%2Fproduct_cat&post=894"},{"taxonomy":"product_tag","embeddable":true,"href":"https:\/\/www.houseluz.com\/index.php?rest_route=%2Fwp%2Fv2%2Fproduct_tag&post=894"}],"curies":[{"name":"wp","href":"https:\/\/api.w.org\/{rel}","templated":true}]}}