{"id":893,"date":"2024-06-13T15:57:11","date_gmt":"2024-06-13T15:57:11","guid":{"rendered":"https:\/\/www.houseluz.com\/?post_type=product&#038;p=893"},"modified":"2024-06-13T15:57:11","modified_gmt":"2024-06-13T15:57:11","slug":"kila-cristal-ambar","status":"publish","type":"product","link":"https:\/\/www.houseluz.com\/?product=kila-cristal-ambar","title":{"rendered":"Kila (Cristal Ambar)"},"content":{"rendered":"<p><span>El KILA Aplique E27 Gris Oscuro con Cristal \u00c1mbar es una soluci\u00f3n de iluminaci\u00f3n elegante y funcional para interiores y exteriores. Este aplique de pared se destaca por su dise\u00f1o contempor\u00e1neo y su construcci\u00f3n robusta. Funciona con un voltaje de 100V-240V y soporta una potencia m\u00e1xima de 15W, ofreciendo flexibilidad para diferentes aplicaciones de iluminaci\u00f3n.<\/span><\/p>\n<p><span>Con un \u00edndice de protecci\u00f3n IP65, el KILA Aplique E27 es resistente al polvo y a los chorros de agua, lo que lo hace ideal para exteriores. Su cuerpo est\u00e1 fabricado en aluminio de alta calidad, garantizando durabilidad y resistencia a las condiciones ambientales adversas. El acabado en gris oscuro, combinado con el cristal \u00e1mbar, proporciona un toque de sofisticaci\u00f3n y calidez al<\/span><\/p>\n<p><span>Este aplique viene con la bombilla incluida, lo que facilita su uso inmediato tras la instalaci\u00f3n. Es perfecto para aquellos que buscan una iluminaci\u00f3n decorativa y funcional, adecuada tanto para espacios residenciales como comerciales.<\/span><\/p>\n","protected":false},"excerpt":{"rendered":"<p>El KILA Aplique E27 Gris Oscuro con Cristal \u00c1mbar es una soluci\u00f3n de iluminaci\u00f3n elegante y funcional para interiores y exteriores. Este aplique de pared se destaca por su dise\u00f1o contempor\u00e1neo y su construcci\u00f3n robusta. Funciona con un voltaje de 100V-240V y soporta una potencia m\u00e1xima de 15W, ofreciendo flexibilidad para diferentes aplicaciones de iluminaci\u00f3n. [&hellip;]<\/p>\n","protected":false},"featured_media":872,"comment_status":"open","ping_status":"closed","template":"","meta":[],"product_cat":[26,19],"product_tag":[],"_links":{"self":[{"href":"https:\/\/www.houseluz.com\/index.php?rest_route=\/wp\/v2\/product\/893"}],"collection":[{"href":"https:\/\/www.houseluz.com\/index.php?rest_route=\/wp\/v2\/product"}],"about":[{"href":"https:\/\/www.houseluz.com\/index.php?rest_route=\/wp\/v2\/types\/product"}],"replies":[{"embeddable":true,"href":"https:\/\/www.houseluz.com\/index.php?rest_route=%2Fwp%2Fv2%2Fcomments&post=893"}],"wp:featuredmedia":[{"embeddable":true,"href":"https:\/\/www.houseluz.com\/index.php?rest_route=\/wp\/v2\/media\/872"}],"wp:attachment":[{"href":"https:\/\/www.houseluz.com\/index.php?rest_route=%2Fwp%2Fv2%2Fmedia&parent=893"}],"wp:term":[{"taxonomy":"product_cat","embeddable":true,"href":"https:\/\/www.houseluz.com\/index.php?rest_route=%2Fwp%2Fv2%2Fproduct_cat&post=893"},{"taxonomy":"product_tag","embeddable":true,"href":"https:\/\/www.houseluz.com\/index.php?rest_route=%2Fwp%2Fv2%2Fproduct_tag&post=893"}],"curies":[{"name":"wp","href":"https:\/\/api.w.org\/{rel}","templated":true}]}}