{"id":892,"date":"2024-06-13T15:55:26","date_gmt":"2024-06-13T15:55:26","guid":{"rendered":"https:\/\/www.houseluz.com\/?post_type=product&#038;p=892"},"modified":"2024-06-13T15:55:26","modified_gmt":"2024-06-13T15:55:26","slug":"kila-cristal-fume","status":"publish","type":"product","link":"https:\/\/www.houseluz.com\/?product=kila-cristal-fume","title":{"rendered":"Kila (Cristal Fume)"},"content":{"rendered":"<p><span>El KILA Aplique E27 Gris Oscuro con Cristal Fum\u00e9 es una soluci\u00f3n elegante y funcional para la iluminaci\u00f3n de espacios exteriores e interiores. Dise\u00f1ado para ser montado en la pared, este aplique ofrece una combinaci\u00f3n de estilo moderno y robusto. Funciona con un voltaje de 100V-240V y tiene una potencia m\u00e1xima de 15W, lo que lo hace adecuado para diversas aplicaciones de iluminaci\u00f3n. El \u00edndice de protecci\u00f3n IP65 garantiza su resistencia al polvo y a los chorros de agua, lo que lo hace ideal para exteriores.<\/span><\/p>\n<p><span>El cuerpo principal est\u00e1 fabricado en aluminio de alta calidad, asegurando durabilidad y resistencia a las condiciones ambientales. El acabado en gris oscuro con cristal fum\u00e9 a\u00f1ade un toque de sofisticaci\u00f3n y modernidad al dise\u00f1o y adem\u00e1s la fuente de luz E27 si que est\u00e1 incluida.<\/span><\/p>\n","protected":false},"excerpt":{"rendered":"<p>El KILA Aplique E27 Gris Oscuro con Cristal Fum\u00e9 es una soluci\u00f3n elegante y funcional para la iluminaci\u00f3n de espacios exteriores e interiores. Dise\u00f1ado para ser montado en la pared, este aplique ofrece una combinaci\u00f3n de estilo moderno y robusto. Funciona con un voltaje de 100V-240V y tiene una potencia m\u00e1xima de 15W, lo que [&hellip;]<\/p>\n","protected":false},"featured_media":871,"comment_status":"open","ping_status":"closed","template":"","meta":[],"product_cat":[26,19],"product_tag":[],"_links":{"self":[{"href":"https:\/\/www.houseluz.com\/index.php?rest_route=\/wp\/v2\/product\/892"}],"collection":[{"href":"https:\/\/www.houseluz.com\/index.php?rest_route=\/wp\/v2\/product"}],"about":[{"href":"https:\/\/www.houseluz.com\/index.php?rest_route=\/wp\/v2\/types\/product"}],"replies":[{"embeddable":true,"href":"https:\/\/www.houseluz.com\/index.php?rest_route=%2Fwp%2Fv2%2Fcomments&post=892"}],"wp:featuredmedia":[{"embeddable":true,"href":"https:\/\/www.houseluz.com\/index.php?rest_route=\/wp\/v2\/media\/871"}],"wp:attachment":[{"href":"https:\/\/www.houseluz.com\/index.php?rest_route=%2Fwp%2Fv2%2Fmedia&parent=892"}],"wp:term":[{"taxonomy":"product_cat","embeddable":true,"href":"https:\/\/www.houseluz.com\/index.php?rest_route=%2Fwp%2Fv2%2Fproduct_cat&post=892"},{"taxonomy":"product_tag","embeddable":true,"href":"https:\/\/www.houseluz.com\/index.php?rest_route=%2Fwp%2Fv2%2Fproduct_tag&post=892"}],"curies":[{"name":"wp","href":"https:\/\/api.w.org\/{rel}","templated":true}]}}