{"id":859,"date":"2024-06-13T15:52:41","date_gmt":"2024-06-13T15:52:41","guid":{"rendered":"https:\/\/www.houseluz.com\/?post_type=product&#038;p=859"},"modified":"2024-06-13T15:52:41","modified_gmt":"2024-06-13T15:52:41","slug":"kila-cristal-transparente","status":"publish","type":"product","link":"https:\/\/www.houseluz.com\/?product=kila-cristal-transparente","title":{"rendered":"Kila (Cristal Transparente)"},"content":{"rendered":"<p><span>El KILA Aplique E27 Gris Oscuro con Cristal Transparente es la elecci\u00f3n perfecta para iluminar y embellecer tus espacios exteriores e interiores con estilo y eficiencia. Dise\u00f1ado para ser instalado<\/span><\/p>\n<ul>\n<li><strong><span>Voltaje<\/span><\/strong><span> : 100V-240V<\/span><\/li>\n<li><strong><span>\u00cdndice de Protecci\u00f3n (IP)<\/span><\/strong><span> : 65 (resistente al polvo y chorros de agua)<\/span><\/li>\n<li><strong><span>clase<\/span><\/strong><span> : yo<\/span><\/li>\n<li><strong><span>Fijaci\u00f3n<\/span><\/strong><span> : Pared<\/span><\/li>\n<li><strong><span>Potencia m\u00e1xima<\/span><\/strong><span> : 15W<\/span><\/li>\n<li><strong><span>Frecuencia<\/span><\/strong><span> : 50\/60Hz<\/span><\/li>\n<li><strong><span>Fuente de Luz<\/span><\/strong><span> : E27<\/span><\/li>\n<li><strong><span>Fuente de Luz Incluida<\/span><\/strong><span> : No (bombilla no incluida)<\/span><\/li>\n<li><strong><span>Cuerpo Principal<\/span><\/strong><span> : Aluminio de alta calidad.<\/span><\/li>\n<li><strong><span>Acabado<\/span><\/strong><span> : Gris Oscuro con cristal transparente, ofreciendo una est\u00e9tica elegante y moderna.<\/span><\/li>\n<li><strong><span>Bombilla Incluida<\/span><\/strong><span> : S\u00ed, facilitando su uso inmediato tras la instalaci\u00f3n.<\/span><\/li>\n<\/ul>\n<p><span>El KILA Aplique E27 es ideal para aquellos que buscan una iluminaci\u00f3n funcional y decorativa. Su dise\u00f1o en gris oscuro con cristal transparente se adapta perfectamente a cualquier ambiente, proporcionando una luz clara y brillante. Gracias a su alta protecci\u00f3n IP65, es especialmente adecuado para uso en exteriores, soportando diversas condiciones clim\u00e1ticas. A\u00f1ade un toque de sofisticaci\u00f3n y modernidad a tus espacios con el KILA Aplique E27.<\/span><\/p>\n","protected":false},"excerpt":{"rendered":"<p>El KILA Aplique E27 Gris Oscuro con Cristal Transparente es la elecci\u00f3n perfecta para iluminar y embellecer tus espacios exteriores e interiores con estilo y eficiencia. Dise\u00f1ado para ser instalado Voltaje : 100V-240V \u00cdndice de Protecci\u00f3n (IP) : 65 (resistente al polvo y chorros de agua) clase : yo Fijaci\u00f3n : Pared Potencia m\u00e1xima : [&hellip;]<\/p>\n","protected":false},"featured_media":870,"comment_status":"open","ping_status":"closed","template":"","meta":[],"product_cat":[26,19],"product_tag":[],"_links":{"self":[{"href":"https:\/\/www.houseluz.com\/index.php?rest_route=\/wp\/v2\/product\/859"}],"collection":[{"href":"https:\/\/www.houseluz.com\/index.php?rest_route=\/wp\/v2\/product"}],"about":[{"href":"https:\/\/www.houseluz.com\/index.php?rest_route=\/wp\/v2\/types\/product"}],"replies":[{"embeddable":true,"href":"https:\/\/www.houseluz.com\/index.php?rest_route=%2Fwp%2Fv2%2Fcomments&post=859"}],"wp:featuredmedia":[{"embeddable":true,"href":"https:\/\/www.houseluz.com\/index.php?rest_route=\/wp\/v2\/media\/870"}],"wp:attachment":[{"href":"https:\/\/www.houseluz.com\/index.php?rest_route=%2Fwp%2Fv2%2Fmedia&parent=859"}],"wp:term":[{"taxonomy":"product_cat","embeddable":true,"href":"https:\/\/www.houseluz.com\/index.php?rest_route=%2Fwp%2Fv2%2Fproduct_cat&post=859"},{"taxonomy":"product_tag","embeddable":true,"href":"https:\/\/www.houseluz.com\/index.php?rest_route=%2Fwp%2Fv2%2Fproduct_tag&post=859"}],"curies":[{"name":"wp","href":"https:\/\/api.w.org\/{rel}","templated":true}]}}