{"id":846,"date":"2024-06-11T16:39:31","date_gmt":"2024-06-11T16:39:31","guid":{"rendered":"https:\/\/www.houseluz.com\/?post_type=product&#038;p=846"},"modified":"2024-06-11T17:19:04","modified_gmt":"2024-06-11T17:19:04","slug":"thon-2-gris-oscuro","status":"publish","type":"product","link":"https:\/\/www.houseluz.com\/?product=thon-2-gris-oscuro","title":{"rendered":"Thon-2 Gris Oscuro"},"content":{"rendered":"<p><span>Con un voltaje de 220V-240V y un grado de protecci\u00f3n IP55, este aplique es ideal para uso tanto en interiores como en exteriores, resistiendo el polvo y las salpicaduras de agua. Su clase I garantiza una seguridad el\u00e9ctrica confiable, mientras que su dise\u00f1o de fijaci\u00f3n en la pared permite una instalaci\u00f3n sencilla y segura y con bombilla incluida.<\/span><\/p>\n<p><span>Con una potencia m\u00e1xima de 2x15W, este aplique ofrece una iluminaci\u00f3n potente y uniforme. Equipado con una fuente de luz COB LED incluida, emite una luz c\u00e1lida y acogedora de 3000K, perfecta para crear ambientes acogedores y confortables. Con un \u00edndice de reproducci\u00f3n crom\u00e1tica (CRI) superior a 80, los colores se presentan de manera natural y v\u00edvida.<\/span><\/p>\n<p><span>Con un m\u00e1ximo de 2x769lm, este aplique proporciona una iluminaci\u00f3n brillante y funcional. Sus 18\u00b0 de grados de apertura son ideales para resaltar detalles espec\u00edficos, mientras que su orientaci\u00f3n de la luz hacia el acento agrega un toque de estilo y sofisticaci\u00f3n a cualquier espacio.<\/span><\/p>\n","protected":false},"excerpt":{"rendered":"<p>Con un voltaje de 220V-240V y un grado de protecci\u00f3n IP55, este aplique es ideal para uso tanto en interiores como en exteriores, resistiendo el polvo y las salpicaduras de agua. Su clase I garantiza una seguridad el\u00e9ctrica confiable, mientras que su dise\u00f1o de fijaci\u00f3n en la pared permite una instalaci\u00f3n sencilla y segura y [&hellip;]<\/p>\n","protected":false},"featured_media":809,"comment_status":"open","ping_status":"closed","template":"","meta":[],"product_cat":[26,19],"product_tag":[],"_links":{"self":[{"href":"https:\/\/www.houseluz.com\/index.php?rest_route=\/wp\/v2\/product\/846"}],"collection":[{"href":"https:\/\/www.houseluz.com\/index.php?rest_route=\/wp\/v2\/product"}],"about":[{"href":"https:\/\/www.houseluz.com\/index.php?rest_route=\/wp\/v2\/types\/product"}],"replies":[{"embeddable":true,"href":"https:\/\/www.houseluz.com\/index.php?rest_route=%2Fwp%2Fv2%2Fcomments&post=846"}],"wp:featuredmedia":[{"embeddable":true,"href":"https:\/\/www.houseluz.com\/index.php?rest_route=\/wp\/v2\/media\/809"}],"wp:attachment":[{"href":"https:\/\/www.houseluz.com\/index.php?rest_route=%2Fwp%2Fv2%2Fmedia&parent=846"}],"wp:term":[{"taxonomy":"product_cat","embeddable":true,"href":"https:\/\/www.houseluz.com\/index.php?rest_route=%2Fwp%2Fv2%2Fproduct_cat&post=846"},{"taxonomy":"product_tag","embeddable":true,"href":"https:\/\/www.houseluz.com\/index.php?rest_route=%2Fwp%2Fv2%2Fproduct_tag&post=846"}],"curies":[{"name":"wp","href":"https:\/\/api.w.org\/{rel}","templated":true}]}}