{"id":845,"date":"2024-06-11T16:37:53","date_gmt":"2024-06-11T16:37:53","guid":{"rendered":"https:\/\/www.houseluz.com\/?post_type=product&#038;p=845"},"modified":"2024-06-11T17:19:14","modified_gmt":"2024-06-11T17:19:14","slug":"thon-1-gris-oscuro","status":"publish","type":"product","link":"https:\/\/www.houseluz.com\/?product=thon-1-gris-oscuro","title":{"rendered":"Thon-1 Gris Oscuro"},"content":{"rendered":"<div class=\"flex-shrink-0 flex flex-col relative items-end\">\n<div>\n<div class=\"pt-0.5 juice:pt-0\">\n<div class=\"gizmo-bot-avatar flex h-6 w-6 items-center justify-center overflow-hidden rounded-full juice:h-8 juice:w-8\">\n<div class=\"relative p-1 rounded-sm flex items-center justify-center bg-token-main-surface-primary text-token-text-primary h-6 w-6\">Descubre la elegancia moderna con nuestro aplique THON-1 en gris oscuro. Dise\u00f1ado para agregar un toque de sofisticaci\u00f3n a cualquier espacio, este aplique combina estilo y funcionalidad de manera impecable. Con un voltaje de 220V-240V, es compatible con una amplia gama de instalaciones, mientras que su grado de protecci\u00f3n IP55 lo hace resistente al polvo y salpicaduras de agua, ideal tanto para interiores como exteriores. Su dise\u00f1o de fijaci\u00f3n en pared facilita la instalaci\u00f3n, mientras que su potencia m\u00e1xima de 15W ofrece una iluminaci\u00f3n potente y eficiente.<\/div>\n<div><\/div>\n<div class=\"relative p-1 rounded-sm flex items-center justify-center bg-token-main-surface-primary text-token-text-primary h-6 w-6\">Con una fuente de luz LED COB incluida, emite una luz c\u00e1lida y acogedora de 3000K, perfecta para crear atm\u00f3sferas confortables. Con un \u00edndice de reproducci\u00f3n crom\u00e1tica (CRI) superior a 80, los colores se presentan de manera natural y v\u00edvida. Con un m\u00e1ximo de 825lm, proporciona una iluminaci\u00f3n potente, mientras que sus 18\u00b0 de grados de apertura son ideales para resaltar detalles espec\u00edficos. Su orientaci\u00f3n de la luz acent\u00faa los puntos de inter\u00e9s, a\u00f1adiendo un toque de estilo a cualquier espacio. Con una clase energ\u00e9tica de la fuente de luz F, combina eficiencia energ\u00e9tica con un rendimiento \u00f3ptimo<\/div>\n<\/div>\n<\/div>\n<\/div>\n<\/div>\n","protected":false},"excerpt":{"rendered":"<p>Descubre la elegancia moderna con nuestro aplique THON-1 en gris oscuro. Dise\u00f1ado para agregar un toque de sofisticaci\u00f3n a cualquier espacio, este aplique combina estilo y funcionalidad de manera impecable. Con un voltaje de 220V-240V, es compatible con una amplia gama de instalaciones, mientras que su grado de protecci\u00f3n IP55 lo hace resistente al polvo [&hellip;]<\/p>\n","protected":false},"featured_media":805,"comment_status":"open","ping_status":"closed","template":"","meta":[],"product_cat":[26,19],"product_tag":[],"_links":{"self":[{"href":"https:\/\/www.houseluz.com\/index.php?rest_route=\/wp\/v2\/product\/845"}],"collection":[{"href":"https:\/\/www.houseluz.com\/index.php?rest_route=\/wp\/v2\/product"}],"about":[{"href":"https:\/\/www.houseluz.com\/index.php?rest_route=\/wp\/v2\/types\/product"}],"replies":[{"embeddable":true,"href":"https:\/\/www.houseluz.com\/index.php?rest_route=%2Fwp%2Fv2%2Fcomments&post=845"}],"wp:featuredmedia":[{"embeddable":true,"href":"https:\/\/www.houseluz.com\/index.php?rest_route=\/wp\/v2\/media\/805"}],"wp:attachment":[{"href":"https:\/\/www.houseluz.com\/index.php?rest_route=%2Fwp%2Fv2%2Fmedia&parent=845"}],"wp:term":[{"taxonomy":"product_cat","embeddable":true,"href":"https:\/\/www.houseluz.com\/index.php?rest_route=%2Fwp%2Fv2%2Fproduct_cat&post=845"},{"taxonomy":"product_tag","embeddable":true,"href":"https:\/\/www.houseluz.com\/index.php?rest_route=%2Fwp%2Fv2%2Fproduct_tag&post=845"}],"curies":[{"name":"wp","href":"https:\/\/api.w.org\/{rel}","templated":true}]}}