{"id":843,"date":"2024-06-11T16:27:47","date_gmt":"2024-06-11T16:27:47","guid":{"rendered":"https:\/\/www.houseluz.com\/?post_type=product&#038;p=843"},"modified":"2024-06-11T17:18:08","modified_gmt":"2024-06-11T17:18:08","slug":"blind-marron","status":"publish","type":"product","link":"https:\/\/www.houseluz.com\/?product=blind-marron","title":{"rendered":"Blind Marr\u00f3n"},"content":{"rendered":"<p><span>Haz que tu espacio brille con un toque de distinci\u00f3n y calidez con aplicaci\u00f3n nuestro LED marr\u00f3n \u00f3xido. Con una potencia total de 6W y una temperatura de color de 3000K, este accesorio de iluminaci\u00f3n ofrece una luz suave y acogedora, perfecta para crear ambientes relajantes en cualquier entorno.<\/span><\/p>\n<p><strong><span>Caracter\u00edsticas principales:<\/span><\/strong><\/p>\n<ul>\n<li><strong><span>Dise\u00f1o Sofisticado:<\/span><\/strong><span> Su acabado en marr\u00f3n \u00f3xido agrega un toque de elegancia r\u00fastica a cualquier pared, convirti\u00e9ndolo en un elemento decorativo y funcional.<\/span><\/li>\n<li><strong><span>Tecnolog\u00eda COB LED:<\/span><\/strong><span> Equipado con la innovadora tecnolog\u00eda COB LED, este aplique garantiza una iluminaci\u00f3n uniforme y potente, con una vida \u00fatil prolongada y un bajo consumo de energ\u00eda.<\/span><\/li>\n<li><strong><span>Orientaci\u00f3n indirecta:<\/span><\/strong><span> Gracias a su dise\u00f1o de luz indirecta, este aplique crea una atm\u00f3sfera envolvente y relajante, perfecta para iluminar pasillos, entradas, salas de estar y dormitorios.<\/span><\/li>\n<\/ul>\n<p><strong><span>Especificaciones T\u00e9cnicas:<\/span><\/strong><\/p>\n<ul>\n<li><strong><span>Voltaje:<\/span><\/strong><span> 220V-240V<\/span><\/li>\n<li><strong><span>Grado de Protecci\u00f3n IP:<\/span><\/strong><span> 65<\/span><\/li>\n<li><strong><span>Resistencia al Impacto IK:<\/span><\/strong><span> 06<\/span><\/li>\n<li><strong><span>Potencia m\u00e1xima:<\/span><\/strong><span> 2x3W<\/span><\/li>\n<li><strong><span>Fuente de Luz:<\/span><\/strong><span> COB LED<\/span><\/li>\n<li><strong><span>L\u00famenes M\u00e1ximos:<\/span><\/strong><span> 2x90lm<\/span><\/li>\n<li><strong><span>\u00cdndice de Reproducci\u00f3n Crom\u00e1tica (CRI):<\/span><\/strong><span> Mayor a 80<\/span><\/li>\n<li><strong><span>Fuente de Luz Incluida:<\/span><\/strong><span> S\u00ed<\/span><\/li>\n<li><strong>Bombilla incluida:<\/strong> S\u00ed<\/li>\n<\/ul>\n","protected":false},"excerpt":{"rendered":"<p>Haz que tu espacio brille con un toque de distinci\u00f3n y calidez con aplicaci\u00f3n nuestro LED marr\u00f3n \u00f3xido. Con una potencia total de 6W y una temperatura de color de 3000K, este accesorio de iluminaci\u00f3n ofrece una luz suave y acogedora, perfecta para crear ambientes relajantes en cualquier entorno. Caracter\u00edsticas principales: Dise\u00f1o Sofisticado: Su acabado [&hellip;]<\/p>\n","protected":false},"featured_media":804,"comment_status":"open","ping_status":"closed","template":"","meta":[],"product_cat":[26,19],"product_tag":[],"_links":{"self":[{"href":"https:\/\/www.houseluz.com\/index.php?rest_route=\/wp\/v2\/product\/843"}],"collection":[{"href":"https:\/\/www.houseluz.com\/index.php?rest_route=\/wp\/v2\/product"}],"about":[{"href":"https:\/\/www.houseluz.com\/index.php?rest_route=\/wp\/v2\/types\/product"}],"replies":[{"embeddable":true,"href":"https:\/\/www.houseluz.com\/index.php?rest_route=%2Fwp%2Fv2%2Fcomments&post=843"}],"wp:featuredmedia":[{"embeddable":true,"href":"https:\/\/www.houseluz.com\/index.php?rest_route=\/wp\/v2\/media\/804"}],"wp:attachment":[{"href":"https:\/\/www.houseluz.com\/index.php?rest_route=%2Fwp%2Fv2%2Fmedia&parent=843"}],"wp:term":[{"taxonomy":"product_cat","embeddable":true,"href":"https:\/\/www.houseluz.com\/index.php?rest_route=%2Fwp%2Fv2%2Fproduct_cat&post=843"},{"taxonomy":"product_tag","embeddable":true,"href":"https:\/\/www.houseluz.com\/index.php?rest_route=%2Fwp%2Fv2%2Fproduct_tag&post=843"}],"curies":[{"name":"wp","href":"https:\/\/api.w.org\/{rel}","templated":true}]}}