{"id":839,"date":"2024-06-11T16:16:59","date_gmt":"2024-06-11T16:16:59","guid":{"rendered":"https:\/\/www.houseluz.com\/?post_type=product&#038;p=839"},"modified":"2024-06-11T17:31:55","modified_gmt":"2024-06-11T17:31:55","slug":"doro-13-madera","status":"publish","type":"product","link":"https:\/\/www.houseluz.com\/?product=doro-13-madera","title":{"rendered":"Doro-13 Madera"},"content":{"rendered":"<p>El aplique DORO-13 combina elegancia y funcionalidad para ofrecerte una iluminaci\u00f3n sofisticada en tus espacios exteriores. Con su dise\u00f1o en madera y tecnolog\u00eda LED de vanguardia, este aplique proporciona una luz c\u00e1lida y acogedora que realza la belleza de su entorno al aire libre.<\/p>\n<p>Con un \u00edndice de protecci\u00f3n IP65, el aplique DORO-13 es resistente al polvo y al agua, lo que lo hace perfecto para iluminar tus \u00e1reas exteriores con confianza y durabilidad. Su dise\u00f1o en madera a\u00f1ade un toque de calidez y naturalidad, complementando cualquier estilo de decoraci\u00f3n exterior.<\/p>\n<p>Equipado con LEDs SMD de alta eficiencia, el DORO-13 ofrece una iluminaci\u00f3n potente y uniforme con una temperatura de color de 3000K, creando una atm\u00f3sfera acogedora y relajante en tu jard\u00edn, terraza o patio. Adem\u00e1s, con un \u00edndice de reproducci\u00f3n crom\u00e1tica superior a 80, los colores se ven de manera natural y vibrante.<\/p>\n<p>Con una potencia m\u00e1xima de 2&#215;6,5W y l\u00famenes m\u00e1ximos de 2x500lm, este aplique proporciona una iluminaci\u00f3n eficaz y bien distribuida para tus espacios exteriores. Los 95 grados de apertura garantizan una cobertura amplia y uniforme, mientras que la orientaci\u00f3n de la luz indirecta a\u00f1ade un toque de suavidad y elegancia a tu entorno exterior.<\/p>\n","protected":false},"excerpt":{"rendered":"<p>El aplique DORO-13 combina elegancia y funcionalidad para ofrecerte una iluminaci\u00f3n sofisticada en tus espacios exteriores. Con su dise\u00f1o en madera y tecnolog\u00eda LED de vanguardia, este aplique proporciona una luz c\u00e1lida y acogedora que realza la belleza de su entorno al aire libre. Con un \u00edndice de protecci\u00f3n IP65, el aplique DORO-13 es resistente [&hellip;]<\/p>\n","protected":false},"featured_media":840,"comment_status":"open","ping_status":"closed","template":"","meta":[],"product_cat":[26,19],"product_tag":[],"_links":{"self":[{"href":"https:\/\/www.houseluz.com\/index.php?rest_route=\/wp\/v2\/product\/839"}],"collection":[{"href":"https:\/\/www.houseluz.com\/index.php?rest_route=\/wp\/v2\/product"}],"about":[{"href":"https:\/\/www.houseluz.com\/index.php?rest_route=\/wp\/v2\/types\/product"}],"replies":[{"embeddable":true,"href":"https:\/\/www.houseluz.com\/index.php?rest_route=%2Fwp%2Fv2%2Fcomments&post=839"}],"wp:featuredmedia":[{"embeddable":true,"href":"https:\/\/www.houseluz.com\/index.php?rest_route=\/wp\/v2\/media\/840"}],"wp:attachment":[{"href":"https:\/\/www.houseluz.com\/index.php?rest_route=%2Fwp%2Fv2%2Fmedia&parent=839"}],"wp:term":[{"taxonomy":"product_cat","embeddable":true,"href":"https:\/\/www.houseluz.com\/index.php?rest_route=%2Fwp%2Fv2%2Fproduct_cat&post=839"},{"taxonomy":"product_tag","embeddable":true,"href":"https:\/\/www.houseluz.com\/index.php?rest_route=%2Fwp%2Fv2%2Fproduct_tag&post=839"}],"curies":[{"name":"wp","href":"https:\/\/api.w.org\/{rel}","templated":true}]}}