{"id":837,"date":"2024-06-11T16:12:50","date_gmt":"2024-06-11T16:12:50","guid":{"rendered":"https:\/\/www.houseluz.com\/?post_type=product&#038;p=837"},"modified":"2024-06-11T17:31:30","modified_gmt":"2024-06-11T17:31:30","slug":"lako-madera","status":"publish","type":"product","link":"https:\/\/www.houseluz.com\/?product=lako-madera","title":{"rendered":"Lako Madera"},"content":{"rendered":"<p><span>El aplique LAKO en madera ofrece una soluci\u00f3n de iluminaci\u00f3n exterior elegante y funcional para tus espacios al aire libre. Con un dise\u00f1o distintivo y materiales de alta calidad, este aplique combina estilo y rendimiento para realzar la belleza de su entorno exterior.<\/span><\/p>\n<p><span>El aplique LAKO presenta un dise\u00f1o \u00fanico con acabado en madera que agrega un toque de calidez y naturalidad a tus espacios exteriores. Con un \u00edndice de protecci\u00f3n IP65, este aplique es resistente al polvo y al agua, lo que lo hace ideal para su uso en patios, jardines o terrazas.<\/span><\/p>\n<p><span>Equipado con LEDs SMD de alta eficiencia, el LAKO ofrece una iluminaci\u00f3n potente y uniforme con una temperatura de color de 3000K, que crea una atm\u00f3sfera acogedora y relajante en tus exteriores. Adem\u00e1s, con un \u00edndice de reproducci\u00f3n crom\u00e1tica superior a 80, los colores se ven de manera natural y vibrante.<\/span><\/p>\n<p><span>Los 600 l\u00famenes m\u00e1ximos y los 90 grados de apertura proporcionan una iluminaci\u00f3n eficaz y bien distribuida, mientras que la orientaci\u00f3n de la luz indirecta a\u00f1ade un toque de suavidad y elegancia a tu entorno exterior.<\/span><\/p>\n","protected":false},"excerpt":{"rendered":"<p>El aplique LAKO en madera ofrece una soluci\u00f3n de iluminaci\u00f3n exterior elegante y funcional para tus espacios al aire libre. Con un dise\u00f1o distintivo y materiales de alta calidad, este aplique combina estilo y rendimiento para realzar la belleza de su entorno exterior. El aplique LAKO presenta un dise\u00f1o \u00fanico con acabado en madera que [&hellip;]<\/p>\n","protected":false},"featured_media":838,"comment_status":"open","ping_status":"closed","template":"","meta":[],"product_cat":[26,19],"product_tag":[],"_links":{"self":[{"href":"https:\/\/www.houseluz.com\/index.php?rest_route=\/wp\/v2\/product\/837"}],"collection":[{"href":"https:\/\/www.houseluz.com\/index.php?rest_route=\/wp\/v2\/product"}],"about":[{"href":"https:\/\/www.houseluz.com\/index.php?rest_route=\/wp\/v2\/types\/product"}],"replies":[{"embeddable":true,"href":"https:\/\/www.houseluz.com\/index.php?rest_route=%2Fwp%2Fv2%2Fcomments&post=837"}],"wp:featuredmedia":[{"embeddable":true,"href":"https:\/\/www.houseluz.com\/index.php?rest_route=\/wp\/v2\/media\/838"}],"wp:attachment":[{"href":"https:\/\/www.houseluz.com\/index.php?rest_route=%2Fwp%2Fv2%2Fmedia&parent=837"}],"wp:term":[{"taxonomy":"product_cat","embeddable":true,"href":"https:\/\/www.houseluz.com\/index.php?rest_route=%2Fwp%2Fv2%2Fproduct_cat&post=837"},{"taxonomy":"product_tag","embeddable":true,"href":"https:\/\/www.houseluz.com\/index.php?rest_route=%2Fwp%2Fv2%2Fproduct_tag&post=837"}],"curies":[{"name":"wp","href":"https:\/\/api.w.org\/{rel}","templated":true}]}}