{"id":835,"date":"2024-06-11T16:08:00","date_gmt":"2024-06-11T16:08:00","guid":{"rendered":"https:\/\/www.houseluz.com\/?post_type=product&#038;p=835"},"modified":"2024-06-11T17:31:13","modified_gmt":"2024-06-11T17:31:13","slug":"kov-c-negro","status":"publish","type":"product","link":"https:\/\/www.houseluz.com\/?product=kov-c-negro","title":{"rendered":"Kov-C Negro"},"content":{"rendered":"<p><span>El aplique KOV en negro ofrece una soluci\u00f3n de iluminaci\u00f3n potente y sofisticada para tus espacios exteriores. Con un dise\u00f1o cuadrado moderno y elegante, este aplique proporciona una iluminaci\u00f3n de alta calidad que realza la belleza y funcionalidad de cualquier entorno ext.<\/span><\/p>\n<p><span>Con un \u00edndice de protecci\u00f3n IP65, este aplique es resistente al polvo y al agua, lo que lo hace perfecto para su uso en exteriores. Su dise\u00f1o cuadrado y negro le confiere un aspecto moderno y elegante que complementar\u00e1 cualquier estilo de decoraci\u00f3n exterior.<\/span><\/p>\n<p><span>Equipado con LEDs de alta calidad, el aplique KOV ofrece una iluminaci\u00f3n potente y duradera con una vida \u00fatil excepcional de 50.000 horas. Con una temperatura de color de 3000K y un \u00edndice de reproducci\u00f3n crom\u00e1tica superior a 80, proporciona una luz natural y vibrante que realza los colores y detalles de tu espacio exterior.<\/span><\/p>\n<p><span>Los 1301 l\u00famenes m\u00e1ximos garantizan una iluminaci\u00f3n brillante y uniforme, mientras que los grados de apertura de 30\/14\u00b0 ofrecen una haz de luz concentrada y dirigida para resaltar \u00e1reas espec\u00edficas de tu jard\u00edn, terraza o entrada.<\/span><\/p>\n","protected":false},"excerpt":{"rendered":"<p>El aplique KOV en negro ofrece una soluci\u00f3n de iluminaci\u00f3n potente y sofisticada para tus espacios exteriores. Con un dise\u00f1o cuadrado moderno y elegante, este aplique proporciona una iluminaci\u00f3n de alta calidad que realza la belleza y funcionalidad de cualquier entorno ext. Con un \u00edndice de protecci\u00f3n IP65, este aplique es resistente al polvo y [&hellip;]<\/p>\n","protected":false},"featured_media":836,"comment_status":"open","ping_status":"closed","template":"","meta":[],"product_cat":[26,19],"product_tag":[],"_links":{"self":[{"href":"https:\/\/www.houseluz.com\/index.php?rest_route=\/wp\/v2\/product\/835"}],"collection":[{"href":"https:\/\/www.houseluz.com\/index.php?rest_route=\/wp\/v2\/product"}],"about":[{"href":"https:\/\/www.houseluz.com\/index.php?rest_route=\/wp\/v2\/types\/product"}],"replies":[{"embeddable":true,"href":"https:\/\/www.houseluz.com\/index.php?rest_route=%2Fwp%2Fv2%2Fcomments&post=835"}],"wp:featuredmedia":[{"embeddable":true,"href":"https:\/\/www.houseluz.com\/index.php?rest_route=\/wp\/v2\/media\/836"}],"wp:attachment":[{"href":"https:\/\/www.houseluz.com\/index.php?rest_route=%2Fwp%2Fv2%2Fmedia&parent=835"}],"wp:term":[{"taxonomy":"product_cat","embeddable":true,"href":"https:\/\/www.houseluz.com\/index.php?rest_route=%2Fwp%2Fv2%2Fproduct_cat&post=835"},{"taxonomy":"product_tag","embeddable":true,"href":"https:\/\/www.houseluz.com\/index.php?rest_route=%2Fwp%2Fv2%2Fproduct_tag&post=835"}],"curies":[{"name":"wp","href":"https:\/\/api.w.org\/{rel}","templated":true}]}}