{"id":827,"date":"2024-06-11T15:40:56","date_gmt":"2024-06-11T15:40:56","guid":{"rendered":"https:\/\/www.houseluz.com\/?post_type=product&#038;p=827"},"modified":"2024-06-11T17:29:59","modified_gmt":"2024-06-11T17:29:59","slug":"grant-c","status":"publish","type":"product","link":"https:\/\/www.houseluz.com\/?product=grant-c","title":{"rendered":"Grant-C Gris Oscuro"},"content":{"rendered":"<p><span>El aplique Grant-c opera con un amplio rango de voltaje de 100V-240V y cuenta con un \u00edndice de protecci\u00f3n IP65, lo que asegura su resistencia contra el polvo y el agua, haciendo que sea perfecto para cualquier condici\u00f3n exterior. Clasificado como Clase II, garantiza una instalaci\u00f3n segura y confiable en paredes, sin necesidad de conexi\u00f3n a tierra.<\/span><\/p>\n<p><span>Este aplique cuenta con una potencia m\u00e1xima de 1W y una clasificaci\u00f3n IK10, lo que indica su capacidad para soportar impactos fuertes, asegurando su durabilidad en entornos exteriores exigentes. Funcionando a frecuencias de 50\/60Hz, el Grant-c proporciona un rendimiento estable y confiable en diversas condiciones clim\u00e1ticas.<\/span><\/p>\n<p><span>Equipado con LEDs SMD de alta calidad, el aplique Grant-c incluye la fuente de luz, eliminando la necesidad de bombillas adicionales. Emite una luz c\u00e1lida con una temperatura de color de 3000K, creando un ambiente acogedor y agradable. Con un \u00edndice de reproducci\u00f3n crom\u00e1tica (CRI) superior a 80, asegura que los colores se perciban de manera natural y precisa.<\/span><\/p>\n","protected":false},"excerpt":{"rendered":"<p>El aplique Grant-c opera con un amplio rango de voltaje de 100V-240V y cuenta con un \u00edndice de protecci\u00f3n IP65, lo que asegura su resistencia contra el polvo y el agua, haciendo que sea perfecto para cualquier condici\u00f3n exterior. Clasificado como Clase II, garantiza una instalaci\u00f3n segura y confiable en paredes, sin necesidad de conexi\u00f3n [&hellip;]<\/p>\n","protected":false},"featured_media":825,"comment_status":"open","ping_status":"closed","template":"","meta":[],"product_cat":[26,19],"product_tag":[],"_links":{"self":[{"href":"https:\/\/www.houseluz.com\/index.php?rest_route=\/wp\/v2\/product\/827"}],"collection":[{"href":"https:\/\/www.houseluz.com\/index.php?rest_route=\/wp\/v2\/product"}],"about":[{"href":"https:\/\/www.houseluz.com\/index.php?rest_route=\/wp\/v2\/types\/product"}],"replies":[{"embeddable":true,"href":"https:\/\/www.houseluz.com\/index.php?rest_route=%2Fwp%2Fv2%2Fcomments&post=827"}],"wp:featuredmedia":[{"embeddable":true,"href":"https:\/\/www.houseluz.com\/index.php?rest_route=\/wp\/v2\/media\/825"}],"wp:attachment":[{"href":"https:\/\/www.houseluz.com\/index.php?rest_route=%2Fwp%2Fv2%2Fmedia&parent=827"}],"wp:term":[{"taxonomy":"product_cat","embeddable":true,"href":"https:\/\/www.houseluz.com\/index.php?rest_route=%2Fwp%2Fv2%2Fproduct_cat&post=827"},{"taxonomy":"product_tag","embeddable":true,"href":"https:\/\/www.houseluz.com\/index.php?rest_route=%2Fwp%2Fv2%2Fproduct_tag&post=827"}],"curies":[{"name":"wp","href":"https:\/\/api.w.org\/{rel}","templated":true}]}}