{"id":816,"date":"2024-06-11T15:30:03","date_gmt":"2024-06-11T15:30:03","guid":{"rendered":"https:\/\/www.houseluz.com\/?post_type=product&#038;p=816"},"modified":"2024-06-11T17:18:44","modified_gmt":"2024-06-11T17:18:44","slug":"olan-gris-oscuro","status":"publish","type":"product","link":"https:\/\/www.houseluz.com\/?product=olan-gris-oscuro","title":{"rendered":"Olan Gris Oscuro"},"content":{"rendered":"<p><span>Mejora tus espacios exteriores con el aplique de pared Olan Gris Oscuro, una luminaria que combina dise\u00f1o contempor\u00e1neo y tecnolog\u00eda avanzada para ofrecer una iluminaci\u00f3n \u00f3ptima y duradera. Este aplique est\u00e1 especialmente dise\u00f1ado para resistir las condiciones exteriores, manteniendo su rendimiento y est\u00e9tica interna.<\/span><\/p>\n<p><span>Funcionando con un voltaje de 220V-240V y clasificado con un \u00edndice de protecci\u00f3n IP65, el aplique Olan garantiza resistencia contra el polvo y el agua.<\/span><\/p>\n<p><span>Con una potencia m\u00e1xima de 2x3W y una clasificaci\u00f3n IK06, el aplique Olan est\u00e1 preparado para soportar impactos moderados, asegurando su durabilidad en exteriores. Su frecuencia de operaci\u00f3n de 50\/60Hz garantiza un rendimiento estable en diversas condiciones clim\u00e1ticas.<\/span><\/p>\n<p><span>Equipado con LED SMD de alta calidad, el aplique Olan incluye una fuente de luz con una vida \u00fatil certificada LM80, proporcionando una iluminaci\u00f3n duradera. Emite una luz c\u00e1lida con una temperatura de color de 3000K, creando un ambiente acogedor y agradable. Con un \u00edndice de reproducci\u00f3n crom\u00e1tica (CRI) superior a 80, asegura que los colores se perciban de manera natural y vibrante.<\/span><\/p>\n<p><span>La fuente de luz del aplique Olan tiene una eficiencia energ\u00e9tica clasificada como F y produce un m\u00e1ximo de 2&#215;100 l\u00famenes, suficiente para iluminar eficientemente \u00e1reas espec\u00edficas. Su luz indirecta proporciona una iluminaci\u00f3n suave y difusa, perfecta para crear un ambiente acogedor y sin deslumbramientos.<\/span><\/p>\n","protected":false},"excerpt":{"rendered":"<p>Mejora tus espacios exteriores con el aplique de pared Olan Gris Oscuro, una luminaria que combina dise\u00f1o contempor\u00e1neo y tecnolog\u00eda avanzada para ofrecer una iluminaci\u00f3n \u00f3ptima y duradera. Este aplique est\u00e1 especialmente dise\u00f1ado para resistir las condiciones exteriores, manteniendo su rendimiento y est\u00e9tica interna. Funcionando con un voltaje de 220V-240V y clasificado con un \u00edndice [&hellip;]<\/p>\n","protected":false},"featured_media":817,"comment_status":"open","ping_status":"closed","template":"","meta":[],"product_cat":[26,19],"product_tag":[],"_links":{"self":[{"href":"https:\/\/www.houseluz.com\/index.php?rest_route=\/wp\/v2\/product\/816"}],"collection":[{"href":"https:\/\/www.houseluz.com\/index.php?rest_route=\/wp\/v2\/product"}],"about":[{"href":"https:\/\/www.houseluz.com\/index.php?rest_route=\/wp\/v2\/types\/product"}],"replies":[{"embeddable":true,"href":"https:\/\/www.houseluz.com\/index.php?rest_route=%2Fwp%2Fv2%2Fcomments&post=816"}],"wp:featuredmedia":[{"embeddable":true,"href":"https:\/\/www.houseluz.com\/index.php?rest_route=\/wp\/v2\/media\/817"}],"wp:attachment":[{"href":"https:\/\/www.houseluz.com\/index.php?rest_route=%2Fwp%2Fv2%2Fmedia&parent=816"}],"wp:term":[{"taxonomy":"product_cat","embeddable":true,"href":"https:\/\/www.houseluz.com\/index.php?rest_route=%2Fwp%2Fv2%2Fproduct_cat&post=816"},{"taxonomy":"product_tag","embeddable":true,"href":"https:\/\/www.houseluz.com\/index.php?rest_route=%2Fwp%2Fv2%2Fproduct_tag&post=816"}],"curies":[{"name":"wp","href":"https:\/\/api.w.org\/{rel}","templated":true}]}}