{"id":801,"date":"2024-06-11T15:23:48","date_gmt":"2024-06-11T15:23:48","guid":{"rendered":"https:\/\/www.houseluz.com\/?post_type=product&#038;p=801"},"modified":"2024-06-11T17:17:19","modified_gmt":"2024-06-11T17:17:19","slug":"hudson","status":"publish","type":"product","link":"https:\/\/www.houseluz.com\/?product=hudson","title":{"rendered":"Hudson"},"content":{"rendered":"<p><span>Descubra el aplique de pared HUDSON, una soluci\u00f3n de iluminaci\u00f3n que combina estilo contempor\u00e1neo y eficiencia energ\u00e9tica para cualquier espacio interior. Dise\u00f1ado con un enfoque en la calidad y la durabilidad, el HUDSON est\u00e1 fabricado en acero, ofreciendo una apariencia elegante y moderna que se integra perfectamente en cualquier decoraci\u00f3n.<\/span><\/p>\n<p><span>El aplique HUDSON funciona con un rango de voltaje de 100V-240V y est\u00e1 clasificado con un \u00edndice de protecci\u00f3n IP20, adecuado para interiores. Como dispositivo de Clase I, garantiza una instalaci\u00f3n segura y fiable. Se fija f\u00e1cilmente a la pared, proporcionando una iluminaci\u00f3n ambiental ideal para salones, dormitorios o pasillos.<\/span><\/p>\n<p><span>Equipado con un portal\u00e1mparas E27, el HUDSON es compatible con una amplia variedad de bombillas, d\u00e1ndote la flexibilidad de elegir la intensidad y el tono de luz que mejor se adapta a tu espacio. Aunque la fuente de luz no est\u00e1 incluida, este aplique puede soportar una potencia m\u00e1xima de 15W, ofreciendo una iluminaci\u00f3n eficiente y econ\u00f3mica. Adem\u00e1s, opera a frecuencias de 50\/60Hz, asegurando un rendimiento.<\/span><\/p>\n","protected":false},"excerpt":{"rendered":"<p>Descubra el aplique de pared HUDSON, una soluci\u00f3n de iluminaci\u00f3n que combina estilo contempor\u00e1neo y eficiencia energ\u00e9tica para cualquier espacio interior. Dise\u00f1ado con un enfoque en la calidad y la durabilidad, el HUDSON est\u00e1 fabricado en acero, ofreciendo una apariencia elegante y moderna que se integra perfectamente en cualquier decoraci\u00f3n. El aplique HUDSON funciona con [&hellip;]<\/p>\n","protected":false},"featured_media":811,"comment_status":"open","ping_status":"closed","template":"","meta":[],"product_cat":[26,19],"product_tag":[],"_links":{"self":[{"href":"https:\/\/www.houseluz.com\/index.php?rest_route=\/wp\/v2\/product\/801"}],"collection":[{"href":"https:\/\/www.houseluz.com\/index.php?rest_route=\/wp\/v2\/product"}],"about":[{"href":"https:\/\/www.houseluz.com\/index.php?rest_route=\/wp\/v2\/types\/product"}],"replies":[{"embeddable":true,"href":"https:\/\/www.houseluz.com\/index.php?rest_route=%2Fwp%2Fv2%2Fcomments&post=801"}],"wp:featuredmedia":[{"embeddable":true,"href":"https:\/\/www.houseluz.com\/index.php?rest_route=\/wp\/v2\/media\/811"}],"wp:attachment":[{"href":"https:\/\/www.houseluz.com\/index.php?rest_route=%2Fwp%2Fv2%2Fmedia&parent=801"}],"wp:term":[{"taxonomy":"product_cat","embeddable":true,"href":"https:\/\/www.houseluz.com\/index.php?rest_route=%2Fwp%2Fv2%2Fproduct_cat&post=801"},{"taxonomy":"product_tag","embeddable":true,"href":"https:\/\/www.houseluz.com\/index.php?rest_route=%2Fwp%2Fv2%2Fproduct_tag&post=801"}],"curies":[{"name":"wp","href":"https:\/\/api.w.org\/{rel}","templated":true}]}}