{"id":770,"date":"2024-06-10T16:00:33","date_gmt":"2024-06-10T16:00:33","guid":{"rendered":"https:\/\/www.houseluz.com\/?post_type=product&#038;p=770"},"modified":"2024-06-11T17:04:14","modified_gmt":"2024-06-11T17:04:14","slug":"espelta","status":"publish","type":"product","link":"https:\/\/www.houseluz.com\/?product=espelta","title":{"rendered":"Espelta Gris"},"content":{"rendered":"<p>Ilumina tus exteriores con el aplique de la serie ESPELTA, una soluci\u00f3n de iluminaci\u00f3n moderna y duradera dise\u00f1ada para realzar cualquier espacio al aire libre. Fabricado en policarbonato de color gris, este aplique combina estilo y funcionalidad en un dise\u00f1o elegante y contempor\u00e1neo.<\/p>\n<p>Con unas dimensiones de 32&#215;12,9&#215;13 cm y un peso neto de 550 gramos, el aplique ESPELTA es compacto y ligero, facilitando su instalaci\u00f3n en diversas superficies exteriores. Equipado con un portal\u00e1mparas E27 y bombilla incluida, proporciona una iluminaci\u00f3n eficiente y uniforme, perfecta para jardines, terrazas y entradas.<\/p>\n<p>Recomendado para exteriores, el aplique ESPELTA cuenta con un \u00edndice de protecci\u00f3n IP65, garantizando su durabilidad y resistencia frente a las condiciones clim\u00e1ticas adversas. Adem\u00e1s, est\u00e1 disponible en un sofisticado color negro, ofreciendo una opci\u00f3n adicional para combinar con la decoraci\u00f3n de tu hogar.<\/p>\n","protected":false},"excerpt":{"rendered":"<p>Ilumina tus exteriores con el aplique de la serie ESPELTA, una soluci\u00f3n de iluminaci\u00f3n moderna y duradera dise\u00f1ada para realzar cualquier espacio al aire libre. Fabricado en policarbonato de color gris, este aplique combina estilo y funcionalidad en un dise\u00f1o elegante y contempor\u00e1neo. Con unas dimensiones de 32&#215;12,9&#215;13 cm y un peso neto de 550 [&hellip;]<\/p>\n","protected":false},"featured_media":773,"comment_status":"open","ping_status":"closed","template":"","meta":[],"product_cat":[26,19],"product_tag":[],"_links":{"self":[{"href":"https:\/\/www.houseluz.com\/index.php?rest_route=\/wp\/v2\/product\/770"}],"collection":[{"href":"https:\/\/www.houseluz.com\/index.php?rest_route=\/wp\/v2\/product"}],"about":[{"href":"https:\/\/www.houseluz.com\/index.php?rest_route=\/wp\/v2\/types\/product"}],"replies":[{"embeddable":true,"href":"https:\/\/www.houseluz.com\/index.php?rest_route=%2Fwp%2Fv2%2Fcomments&post=770"}],"wp:featuredmedia":[{"embeddable":true,"href":"https:\/\/www.houseluz.com\/index.php?rest_route=\/wp\/v2\/media\/773"}],"wp:attachment":[{"href":"https:\/\/www.houseluz.com\/index.php?rest_route=%2Fwp%2Fv2%2Fmedia&parent=770"}],"wp:term":[{"taxonomy":"product_cat","embeddable":true,"href":"https:\/\/www.houseluz.com\/index.php?rest_route=%2Fwp%2Fv2%2Fproduct_cat&post=770"},{"taxonomy":"product_tag","embeddable":true,"href":"https:\/\/www.houseluz.com\/index.php?rest_route=%2Fwp%2Fv2%2Fproduct_tag&post=770"}],"curies":[{"name":"wp","href":"https:\/\/api.w.org\/{rel}","templated":true}]}}