{"id":769,"date":"2024-06-10T15:48:09","date_gmt":"2024-06-10T15:48:09","guid":{"rendered":"https:\/\/www.houseluz.com\/?post_type=product&#038;p=769"},"modified":"2024-06-10T15:56:19","modified_gmt":"2024-06-10T15:56:19","slug":"hadar","status":"publish","type":"product","link":"https:\/\/www.houseluz.com\/?product=hadar","title":{"rendered":"Hadar"},"content":{"rendered":"<p>Descubre el aplique de exterior HADAR, una combinaci\u00f3n perfecta de estilo moderno y dise\u00f1o original que transforma cualquier espacio al aire libre. Fabricado en resistente aluminio de color negro y con un difusor blanco, este aplique aporta un toque de sofisticaci\u00f3n y funcionalidad.<\/p>\n<p>Con unas medidas de 13x25x12 cm y un peso neto de 675 gramos, el aplique HADAR es compacto y robusto, facilitando su instalaci\u00f3n en diversas superficies exteriores. Equipado con un portal\u00e1mparas E27 y bombilla incluida, proporciona una iluminaci\u00f3n eficiente y suave, ideal para jardines, terrazas y entradas.<\/p>\n<p>El aplique HADAR est\u00e1 especialmente dise\u00f1ado para exteriores, con un \u00edndice de protecci\u00f3n IP44 que garantiza su durabilidad y resistencia frente a las inclemencias del tiempo. Adem\u00e1s, est\u00e1 disponible en un elegante color gris, ofreciendo una opci\u00f3n adicional para adaptarse a la decoraci\u00f3n de tu hogar.<\/p>\n","protected":false},"excerpt":{"rendered":"<p>Descubre el aplique de exterior HADAR, una combinaci\u00f3n perfecta de estilo moderno y dise\u00f1o original que transforma cualquier espacio al aire libre. Fabricado en resistente aluminio de color negro y con un difusor blanco, este aplique aporta un toque de sofisticaci\u00f3n y funcionalidad. Con unas medidas de 13x25x12 cm y un peso neto de 675 [&hellip;]<\/p>\n","protected":false},"featured_media":754,"comment_status":"open","ping_status":"closed","template":"","meta":[],"product_cat":[26,19],"product_tag":[],"_links":{"self":[{"href":"https:\/\/www.houseluz.com\/index.php?rest_route=\/wp\/v2\/product\/769"}],"collection":[{"href":"https:\/\/www.houseluz.com\/index.php?rest_route=\/wp\/v2\/product"}],"about":[{"href":"https:\/\/www.houseluz.com\/index.php?rest_route=\/wp\/v2\/types\/product"}],"replies":[{"embeddable":true,"href":"https:\/\/www.houseluz.com\/index.php?rest_route=%2Fwp%2Fv2%2Fcomments&post=769"}],"wp:featuredmedia":[{"embeddable":true,"href":"https:\/\/www.houseluz.com\/index.php?rest_route=\/wp\/v2\/media\/754"}],"wp:attachment":[{"href":"https:\/\/www.houseluz.com\/index.php?rest_route=%2Fwp%2Fv2%2Fmedia&parent=769"}],"wp:term":[{"taxonomy":"product_cat","embeddable":true,"href":"https:\/\/www.houseluz.com\/index.php?rest_route=%2Fwp%2Fv2%2Fproduct_cat&post=769"},{"taxonomy":"product_tag","embeddable":true,"href":"https:\/\/www.houseluz.com\/index.php?rest_route=%2Fwp%2Fv2%2Fproduct_tag&post=769"}],"curies":[{"name":"wp","href":"https:\/\/api.w.org\/{rel}","templated":true}]}}