{"id":767,"date":"2024-06-10T15:45:35","date_gmt":"2024-06-10T15:45:35","guid":{"rendered":"https:\/\/www.houseluz.com\/?post_type=product&#038;p=767"},"modified":"2024-06-10T15:45:35","modified_gmt":"2024-06-10T15:45:35","slug":"daikon","status":"publish","type":"product","link":"https:\/\/www.houseluz.com\/?product=daikon","title":{"rendered":"Daikon"},"content":{"rendered":"<p>Descubre el aplique de exterior de la serie DAIKON, una pieza de iluminaci\u00f3n que combina a la perfecci\u00f3n un dise\u00f1o moderno con materiales de alta calidad. Fabricado en policarbonato de color negro, este aplique a\u00f1ade un toque de sofisticaci\u00f3n y funcionalidad a cualquier entorno exterior.<\/p>\n<p>Con unas dimensiones de 13,2x32x13 cm y un peso neto de 520 gramos, el aplique DAIKON es compacto y ligero, facilitando su instalaci\u00f3n en diversas superficies exteriores. Equipado con un portal\u00e1mpara E27 y bombilla incluida, proporciona una iluminaci\u00f3n eficiente y uniforme, ideal para jardines, terrazas y entradas.<\/p>\n<p>Este aplique est\u00e1 especialmente dise\u00f1ado para exteriores, con un \u00edndice de protecci\u00f3n IP65 que garantiza su durabilidad y resistencia ante las condiciones clim\u00e1ticas adversas. Adem\u00e1s, est\u00e1 disponible en un elegante color gris, ofreciendo una opci\u00f3n adicional para combinar con la decoraci\u00f3n de tu hogar.<\/p>\n","protected":false},"excerpt":{"rendered":"<p>Descubre el aplique de exterior de la serie DAIKON, una pieza de iluminaci\u00f3n que combina a la perfecci\u00f3n un dise\u00f1o moderno con materiales de alta calidad. Fabricado en policarbonato de color negro, este aplique a\u00f1ade un toque de sofisticaci\u00f3n y funcionalidad a cualquier entorno exterior. Con unas dimensiones de 13,2x32x13 cm y un peso neto [&hellip;]<\/p>\n","protected":false},"featured_media":758,"comment_status":"open","ping_status":"closed","template":"","meta":[],"product_cat":[26,19],"product_tag":[],"_links":{"self":[{"href":"https:\/\/www.houseluz.com\/index.php?rest_route=\/wp\/v2\/product\/767"}],"collection":[{"href":"https:\/\/www.houseluz.com\/index.php?rest_route=\/wp\/v2\/product"}],"about":[{"href":"https:\/\/www.houseluz.com\/index.php?rest_route=\/wp\/v2\/types\/product"}],"replies":[{"embeddable":true,"href":"https:\/\/www.houseluz.com\/index.php?rest_route=%2Fwp%2Fv2%2Fcomments&post=767"}],"wp:featuredmedia":[{"embeddable":true,"href":"https:\/\/www.houseluz.com\/index.php?rest_route=\/wp\/v2\/media\/758"}],"wp:attachment":[{"href":"https:\/\/www.houseluz.com\/index.php?rest_route=%2Fwp%2Fv2%2Fmedia&parent=767"}],"wp:term":[{"taxonomy":"product_cat","embeddable":true,"href":"https:\/\/www.houseluz.com\/index.php?rest_route=%2Fwp%2Fv2%2Fproduct_cat&post=767"},{"taxonomy":"product_tag","embeddable":true,"href":"https:\/\/www.houseluz.com\/index.php?rest_route=%2Fwp%2Fv2%2Fproduct_tag&post=767"}],"curies":[{"name":"wp","href":"https:\/\/api.w.org\/{rel}","templated":true}]}}