{"id":747,"date":"2024-06-07T17:29:18","date_gmt":"2024-06-07T17:29:18","guid":{"rendered":"https:\/\/www.houseluz.com\/?post_type=product&#038;p=747"},"modified":"2024-06-07T17:29:18","modified_gmt":"2024-06-07T17:29:18","slug":"aquila-grande","status":"publish","type":"product","link":"https:\/\/www.houseluz.com\/?product=aquila-grande","title":{"rendered":"Aquila Grande"},"content":{"rendered":"<p>Ilumina tus espacios exteriores con distinci\u00f3n gracias al aplique de exterior AQUILA grande. Su dise\u00f1o original en aluminio negro y cristal aporta un toque de elegancia a pasillos, jardines y patios. Con un \u00edndice de protecci\u00f3n IP44, est\u00e1 preparado para resistir las inclemencias del tiempo. Incluye un portal\u00e1mparas E27 y bombilla, garantizando una instalaci\u00f3n r\u00e1pida y c\u00f3moda. Disponible tambi\u00e9n en blanco y en una versi\u00f3n m\u00e1s peque\u00f1a.<\/p>\n","protected":false},"excerpt":{"rendered":"<p>Ilumina tus espacios exteriores con distinci\u00f3n gracias al aplique de exterior AQUILA grande. Su dise\u00f1o original en aluminio negro y cristal aporta un toque de elegancia a pasillos, jardines y patios. Con un \u00edndice de protecci\u00f3n IP44, est\u00e1 preparado para resistir las inclemencias del tiempo. Incluye un portal\u00e1mparas E27 y bombilla, garantizando una instalaci\u00f3n r\u00e1pida [&hellip;]<\/p>\n","protected":false},"featured_media":728,"comment_status":"open","ping_status":"closed","template":"","meta":[],"product_cat":[26,19],"product_tag":[],"_links":{"self":[{"href":"https:\/\/www.houseluz.com\/index.php?rest_route=\/wp\/v2\/product\/747"}],"collection":[{"href":"https:\/\/www.houseluz.com\/index.php?rest_route=\/wp\/v2\/product"}],"about":[{"href":"https:\/\/www.houseluz.com\/index.php?rest_route=\/wp\/v2\/types\/product"}],"replies":[{"embeddable":true,"href":"https:\/\/www.houseluz.com\/index.php?rest_route=%2Fwp%2Fv2%2Fcomments&post=747"}],"wp:featuredmedia":[{"embeddable":true,"href":"https:\/\/www.houseluz.com\/index.php?rest_route=\/wp\/v2\/media\/728"}],"wp:attachment":[{"href":"https:\/\/www.houseluz.com\/index.php?rest_route=%2Fwp%2Fv2%2Fmedia&parent=747"}],"wp:term":[{"taxonomy":"product_cat","embeddable":true,"href":"https:\/\/www.houseluz.com\/index.php?rest_route=%2Fwp%2Fv2%2Fproduct_cat&post=747"},{"taxonomy":"product_tag","embeddable":true,"href":"https:\/\/www.houseluz.com\/index.php?rest_route=%2Fwp%2Fv2%2Fproduct_tag&post=747"}],"curies":[{"name":"wp","href":"https:\/\/api.w.org\/{rel}","templated":true}]}}