{"id":745,"date":"2024-06-07T17:25:07","date_gmt":"2024-06-07T17:25:07","guid":{"rendered":"https:\/\/www.houseluz.com\/?post_type=product&#038;p=745"},"modified":"2024-06-07T17:28:01","modified_gmt":"2024-06-07T17:28:01","slug":"aquila-oval-pequeno","status":"publish","type":"product","link":"https:\/\/www.houseluz.com\/?product=aquila-oval-pequeno","title":{"rendered":"Aquila Oval Peque\u00f1o"},"content":{"rendered":"<p>Descubre la fusi\u00f3n perfecta de originalidad, simplicidad y elegancia con el aplique de exterior AQUILA peque\u00f1o. Fabricado en aluminio blanco y cristal, este aplique ofrece un dise\u00f1o \u00fanico que iluminar\u00e1 tus espacios exteriores con estilo y distinci\u00f3n.<\/p>\n<p>Con dimensiones de 10,5x22x14 cm, el aplique AQUILA peque\u00f1o presenta un dise\u00f1o que destaca por su originalidad y elegancia. Su combinaci\u00f3n de aluminio blanco y cristal crea una apariencia sofisticada que se adapta perfectamente a cualquier entorno exterior, ya sea un pasillo, jard\u00edn o patio.<\/p>\n<p>Preparado para resistir los elementos, este aplique cuenta con un \u00edndice de protecci\u00f3n IP44, lo que lo hace adecuado para su uso en exteriores. Su construcci\u00f3n en aluminio garantiza durabilidad y fiabilidad a lo largo del tiempo, asegurando una iluminaci\u00f3n confiable incluso en condiciones clim\u00e1ticas adversas.<\/p>\n<p>Equipado con un portal\u00e1mparas E27 y una bombilla incluida, este aplique ofrece una instalaci\u00f3n r\u00e1pida y sencilla. La bombilla incluida te permite disfrutar de una iluminaci\u00f3n \u00f3ptima desde el primer momento, mientras que el portal\u00e1mparas E27 te ofrece la libertad de elegir la bombilla que mejor se adapte a tus necesidades.<\/p>\n","protected":false},"excerpt":{"rendered":"<p>Descubre la fusi\u00f3n perfecta de originalidad, simplicidad y elegancia con el aplique de exterior AQUILA peque\u00f1o. Fabricado en aluminio blanco y cristal, este aplique ofrece un dise\u00f1o \u00fanico que iluminar\u00e1 tus espacios exteriores con estilo y distinci\u00f3n. Con dimensiones de 10,5x22x14 cm, el aplique AQUILA peque\u00f1o presenta un dise\u00f1o que destaca por su originalidad y [&hellip;]<\/p>\n","protected":false},"featured_media":729,"comment_status":"open","ping_status":"closed","template":"","meta":[],"product_cat":[26,19],"product_tag":[],"_links":{"self":[{"href":"https:\/\/www.houseluz.com\/index.php?rest_route=\/wp\/v2\/product\/745"}],"collection":[{"href":"https:\/\/www.houseluz.com\/index.php?rest_route=\/wp\/v2\/product"}],"about":[{"href":"https:\/\/www.houseluz.com\/index.php?rest_route=\/wp\/v2\/types\/product"}],"replies":[{"embeddable":true,"href":"https:\/\/www.houseluz.com\/index.php?rest_route=%2Fwp%2Fv2%2Fcomments&post=745"}],"wp:featuredmedia":[{"embeddable":true,"href":"https:\/\/www.houseluz.com\/index.php?rest_route=\/wp\/v2\/media\/729"}],"wp:attachment":[{"href":"https:\/\/www.houseluz.com\/index.php?rest_route=%2Fwp%2Fv2%2Fmedia&parent=745"}],"wp:term":[{"taxonomy":"product_cat","embeddable":true,"href":"https:\/\/www.houseluz.com\/index.php?rest_route=%2Fwp%2Fv2%2Fproduct_cat&post=745"},{"taxonomy":"product_tag","embeddable":true,"href":"https:\/\/www.houseluz.com\/index.php?rest_route=%2Fwp%2Fv2%2Fproduct_tag&post=745"}],"curies":[{"name":"wp","href":"https:\/\/api.w.org\/{rel}","templated":true}]}}