{"id":744,"date":"2024-06-07T17:22:42","date_gmt":"2024-06-07T17:22:42","guid":{"rendered":"https:\/\/www.houseluz.com\/?post_type=product&#038;p=744"},"modified":"2024-06-07T17:25:43","modified_gmt":"2024-06-07T17:25:43","slug":"vega-grande","status":"publish","type":"product","link":"https:\/\/www.houseluz.com\/?product=vega-grande","title":{"rendered":"Vega Grande"},"content":{"rendered":"<p>Sum\u00e9rgete en un mar de luz difusa con el aplique exterior que redefine la iluminaci\u00f3n exterior con su dise\u00f1o cuidadosamente elaborado y su funcionalidad excepcional. Confeccionado en aluminio y cristal blanco, este aplique ofrece una experiencia de iluminaci\u00f3n envolvente y elegante, perfecta para realzar cualquier espacio al aire libre.<\/p>\n<p>Con una proyecci\u00f3n de luz difusa general, este aplique crea un ambiente c\u00e1lido y acogedor, ideal para iluminar patios, jardines y \u00e1reas exteriores de tu hogar. Las bombillas est\u00e1n incluidas para que puedas disfrutar de una iluminaci\u00f3n \u00f3ptima desde el primer momento.<\/p>\n<p>Recomendado para uso en exteriores, este aplique se instala f\u00e1cilmente en superficie, lo que lo hace perfecto para su uso en patios, terrazas o porches. Su dise\u00f1o dom\u00e9stico lo convierte en la opci\u00f3n ideal para uso residencial, aunque su elegancia tambi\u00e9n lo hace adecuado para entornos profesionales que buscan una iluminaci\u00f3n distintiva.<\/p>\n<p>Con unas dimensiones de 11x32x20,5 cm y un peso neto de 1365 gramos, este aplique ofrece un equilibrio perfecto entre tama\u00f1o y rendimiento. Su \u00edndice de protecci\u00f3n IP44 y su voltaje de 220-240 V garantizan un funcionamiento \u00f3ptimo y seguro en cualquier entorno exterior.<\/p>\n","protected":false},"excerpt":{"rendered":"<p>Sum\u00e9rgete en un mar de luz difusa con el aplique exterior que redefine la iluminaci\u00f3n exterior con su dise\u00f1o cuidadosamente elaborado y su funcionalidad excepcional. Confeccionado en aluminio y cristal blanco, este aplique ofrece una experiencia de iluminaci\u00f3n envolvente y elegante, perfecta para realzar cualquier espacio al aire libre. Con una proyecci\u00f3n de luz difusa [&hellip;]<\/p>\n","protected":false},"featured_media":732,"comment_status":"open","ping_status":"closed","template":"","meta":[],"product_cat":[26,19],"product_tag":[],"_links":{"self":[{"href":"https:\/\/www.houseluz.com\/index.php?rest_route=\/wp\/v2\/product\/744"}],"collection":[{"href":"https:\/\/www.houseluz.com\/index.php?rest_route=\/wp\/v2\/product"}],"about":[{"href":"https:\/\/www.houseluz.com\/index.php?rest_route=\/wp\/v2\/types\/product"}],"replies":[{"embeddable":true,"href":"https:\/\/www.houseluz.com\/index.php?rest_route=%2Fwp%2Fv2%2Fcomments&post=744"}],"wp:featuredmedia":[{"embeddable":true,"href":"https:\/\/www.houseluz.com\/index.php?rest_route=\/wp\/v2\/media\/732"}],"wp:attachment":[{"href":"https:\/\/www.houseluz.com\/index.php?rest_route=%2Fwp%2Fv2%2Fmedia&parent=744"}],"wp:term":[{"taxonomy":"product_cat","embeddable":true,"href":"https:\/\/www.houseluz.com\/index.php?rest_route=%2Fwp%2Fv2%2Fproduct_cat&post=744"},{"taxonomy":"product_tag","embeddable":true,"href":"https:\/\/www.houseluz.com\/index.php?rest_route=%2Fwp%2Fv2%2Fproduct_tag&post=744"}],"curies":[{"name":"wp","href":"https:\/\/api.w.org\/{rel}","templated":true}]}}