{"id":743,"date":"2024-06-07T17:20:59","date_gmt":"2024-06-07T17:20:59","guid":{"rendered":"https:\/\/www.houseluz.com\/?post_type=product&#038;p=743"},"modified":"2024-06-07T17:26:12","modified_gmt":"2024-06-07T17:26:12","slug":"vega-pequeno","status":"publish","type":"product","link":"https:\/\/www.houseluz.com\/?product=vega-pequeno","title":{"rendered":"Vega Peque\u00f1o"},"content":{"rendered":"<p>Descubre la armon\u00eda entre simplicidad y sofisticaci\u00f3n con el aplique de exterior VEGA peque\u00f1o. Elaborado en aluminio blanco y cristal, este aplique fusiona un dise\u00f1o sencillo con un toque de elegancia, creando una iluminaci\u00f3n vers\u00e1til tanto para interiores como para exteriores.<\/p>\n<p>Con dimensiones de 10x22x14 cm, el aplique VEGA peque\u00f1o presenta un dise\u00f1o compacto que se integra a la perfecci\u00f3n en cualquier entorno. Su acabado en aluminio blanco y cristal transmite una sensaci\u00f3n de frescura y claridad, ideal para realzar pasillos, jardines y patios con un toque de elegancia discreta.<\/p>\n<p>Preparado para enfrentarse a las condiciones exteriores, este aplique cuenta con un \u00edndice de protecci\u00f3n IP44, lo que lo hace resistente a la intemperie y adecuado para su uso en exteriores. Su construcci\u00f3n en aluminio garantiza durabilidad y fiabilidad a lo largo del tiempo, asegurando una iluminaci\u00f3n confiable en cualquier situaci\u00f3n.<\/p>\n<p>Equipado con un portal\u00e1mparas E27, este aplique ofrece flexibilidad para elegir la bombilla que mejor se adapte a tus necesidades de iluminaci\u00f3n. Adem\u00e1s la bombilla est\u00e1 incluida, su instalaci\u00f3n es sencilla y r\u00e1pida, permiti\u00e9ndote disfrutar de una iluminaci\u00f3n personalizada con facilidad.<\/p>\n","protected":false},"excerpt":{"rendered":"<p>Descubre la armon\u00eda entre simplicidad y sofisticaci\u00f3n con el aplique de exterior VEGA peque\u00f1o. Elaborado en aluminio blanco y cristal, este aplique fusiona un dise\u00f1o sencillo con un toque de elegancia, creando una iluminaci\u00f3n vers\u00e1til tanto para interiores como para exteriores. Con dimensiones de 10x22x14 cm, el aplique VEGA peque\u00f1o presenta un dise\u00f1o compacto que [&hellip;]<\/p>\n","protected":false},"featured_media":734,"comment_status":"open","ping_status":"closed","template":"","meta":[],"product_cat":[26,19],"product_tag":[],"_links":{"self":[{"href":"https:\/\/www.houseluz.com\/index.php?rest_route=\/wp\/v2\/product\/743"}],"collection":[{"href":"https:\/\/www.houseluz.com\/index.php?rest_route=\/wp\/v2\/product"}],"about":[{"href":"https:\/\/www.houseluz.com\/index.php?rest_route=\/wp\/v2\/types\/product"}],"replies":[{"embeddable":true,"href":"https:\/\/www.houseluz.com\/index.php?rest_route=%2Fwp%2Fv2%2Fcomments&post=743"}],"wp:featuredmedia":[{"embeddable":true,"href":"https:\/\/www.houseluz.com\/index.php?rest_route=\/wp\/v2\/media\/734"}],"wp:attachment":[{"href":"https:\/\/www.houseluz.com\/index.php?rest_route=%2Fwp%2Fv2%2Fmedia&parent=743"}],"wp:term":[{"taxonomy":"product_cat","embeddable":true,"href":"https:\/\/www.houseluz.com\/index.php?rest_route=%2Fwp%2Fv2%2Fproduct_cat&post=743"},{"taxonomy":"product_tag","embeddable":true,"href":"https:\/\/www.houseluz.com\/index.php?rest_route=%2Fwp%2Fv2%2Fproduct_tag&post=743"}],"curies":[{"name":"wp","href":"https:\/\/api.w.org\/{rel}","templated":true}]}}