{"id":742,"date":"2024-06-07T17:19:54","date_gmt":"2024-06-07T17:19:54","guid":{"rendered":"https:\/\/www.houseluz.com\/?post_type=product&#038;p=742"},"modified":"2024-06-07T17:26:29","modified_gmt":"2024-06-07T17:26:29","slug":"canopus-oval-grande","status":"publish","type":"product","link":"https:\/\/www.houseluz.com\/?product=canopus-oval-grande","title":{"rendered":"Canopus Oval Grande"},"content":{"rendered":"<p>Ad\u00e9ntrate en la sofisticaci\u00f3n y la resistencia con el aplique exterior oval CANOPUS grande. Elaborado en policarbonato negro, este aplique redefinir\u00e1 tu iluminaci\u00f3n exterior con su dise\u00f1o elegante y su construcci\u00f3n de primera calidad.<\/p>\n<p>Con unas dimensiones de 10x26x15 cm, este aplique presenta una forma ovalada que a\u00f1ade un toque de distinci\u00f3n a cualquier espacio al aire libre. Su acabado en policarbonato negro le confiere una apariencia de lujo y exclusividad, elevando la est\u00e9tica de tu hogar con un toque de elegancia atemporal.<\/p>\n<p>Fabricado con materiales de alta resistencia, este aplique ofrece una durabilidad excepcional que lo hace perfecto para resistir los rigores del clima exterior. Su \u00edndice de protecci\u00f3n IP44 lo protege de las salpicaduras de agua y el polvo, asegurando un rendimiento fiable y duradero incluso en las condiciones m\u00e1s adversas. Bombilla incluida.<\/p>\n","protected":false},"excerpt":{"rendered":"<p>Ad\u00e9ntrate en la sofisticaci\u00f3n y la resistencia con el aplique exterior oval CANOPUS grande. Elaborado en policarbonato negro, este aplique redefinir\u00e1 tu iluminaci\u00f3n exterior con su dise\u00f1o elegante y su construcci\u00f3n de primera calidad. Con unas dimensiones de 10x26x15 cm, este aplique presenta una forma ovalada que a\u00f1ade un toque de distinci\u00f3n a cualquier espacio [&hellip;]<\/p>\n","protected":false},"featured_media":736,"comment_status":"open","ping_status":"closed","template":"","meta":[],"product_cat":[26,19],"product_tag":[],"_links":{"self":[{"href":"https:\/\/www.houseluz.com\/index.php?rest_route=\/wp\/v2\/product\/742"}],"collection":[{"href":"https:\/\/www.houseluz.com\/index.php?rest_route=\/wp\/v2\/product"}],"about":[{"href":"https:\/\/www.houseluz.com\/index.php?rest_route=\/wp\/v2\/types\/product"}],"replies":[{"embeddable":true,"href":"https:\/\/www.houseluz.com\/index.php?rest_route=%2Fwp%2Fv2%2Fcomments&post=742"}],"wp:featuredmedia":[{"embeddable":true,"href":"https:\/\/www.houseluz.com\/index.php?rest_route=\/wp\/v2\/media\/736"}],"wp:attachment":[{"href":"https:\/\/www.houseluz.com\/index.php?rest_route=%2Fwp%2Fv2%2Fmedia&parent=742"}],"wp:term":[{"taxonomy":"product_cat","embeddable":true,"href":"https:\/\/www.houseluz.com\/index.php?rest_route=%2Fwp%2Fv2%2Fproduct_cat&post=742"},{"taxonomy":"product_tag","embeddable":true,"href":"https:\/\/www.houseluz.com\/index.php?rest_route=%2Fwp%2Fv2%2Fproduct_tag&post=742"}],"curies":[{"name":"wp","href":"https:\/\/api.w.org\/{rel}","templated":true}]}}