{"id":722,"date":"2024-06-07T17:16:03","date_gmt":"2024-06-07T17:16:03","guid":{"rendered":"https:\/\/www.houseluz.com\/?post_type=product&#038;p=722"},"modified":"2024-06-07T17:25:28","modified_gmt":"2024-06-07T17:25:28","slug":"canopus-grande","status":"publish","type":"product","link":"https:\/\/www.houseluz.com\/?product=canopus-grande","title":{"rendered":"Canopus Grande"},"content":{"rendered":"<p>Explora la combinaci\u00f3n perfecta de durabilidad y elegancia con el aplique exterior redondo CANOPUS. Fabricado en policarbonato negro, este aplique redefine la iluminaci\u00f3n exterior con su dise\u00f1o moderno y prestaciones de primera calidad.<\/p>\n<p>Con unas dimensiones de 18,5&#215;18,5&#215;9,5 cm, este aplique presenta una forma redonda que a\u00f1ade un toque de sofisticaci\u00f3n a cualquier \u00e1rea exterior. Su construcci\u00f3n en policarbonato garantiza resistencia y durabilidad, asegurando un rendimiento excepcional incluso en condiciones clim\u00e1ticas adversas.<\/p>\n<p>Equipado con un portal\u00e1mparas E27 y una bombilla incluida, este aplique ofrece una instalaci\u00f3n r\u00e1pida y sencilla. Adem\u00e1s, con un \u00edndice de protecci\u00f3n IP44, est\u00e1 dise\u00f1ado para resistir salpicaduras de agua y polvo, garantizando un rendimiento \u00f3ptimo a lo largo del tiempo.<\/p>\n<p>La serie CANOPUS ofrece una variedad de opciones para adaptarse a tus necesidades y preferencias. Adem\u00e1s del aplique redondo, tambi\u00e9n puedes encontrar apliques grandes y peque\u00f1os en forma oval, todos disponibles en negro y blanco. Esta versatilidad te permite personalizar tu iluminaci\u00f3n exterior seg\u00fan tu estilo y entorno.<\/p>\n","protected":false},"excerpt":{"rendered":"<p>Explora la combinaci\u00f3n perfecta de durabilidad y elegancia con el aplique exterior redondo CANOPUS. Fabricado en policarbonato negro, este aplique redefine la iluminaci\u00f3n exterior con su dise\u00f1o moderno y prestaciones de primera calidad. Con unas dimensiones de 18,5&#215;18,5&#215;9,5 cm, este aplique presenta una forma redonda que a\u00f1ade un toque de sofisticaci\u00f3n a cualquier \u00e1rea exterior. [&hellip;]<\/p>\n","protected":false},"featured_media":739,"comment_status":"open","ping_status":"closed","template":"","meta":[],"product_cat":[26,19],"product_tag":[],"_links":{"self":[{"href":"https:\/\/www.houseluz.com\/index.php?rest_route=\/wp\/v2\/product\/722"}],"collection":[{"href":"https:\/\/www.houseluz.com\/index.php?rest_route=\/wp\/v2\/product"}],"about":[{"href":"https:\/\/www.houseluz.com\/index.php?rest_route=\/wp\/v2\/types\/product"}],"replies":[{"embeddable":true,"href":"https:\/\/www.houseluz.com\/index.php?rest_route=%2Fwp%2Fv2%2Fcomments&post=722"}],"wp:featuredmedia":[{"embeddable":true,"href":"https:\/\/www.houseluz.com\/index.php?rest_route=\/wp\/v2\/media\/739"}],"wp:attachment":[{"href":"https:\/\/www.houseluz.com\/index.php?rest_route=%2Fwp%2Fv2%2Fmedia&parent=722"}],"wp:term":[{"taxonomy":"product_cat","embeddable":true,"href":"https:\/\/www.houseluz.com\/index.php?rest_route=%2Fwp%2Fv2%2Fproduct_cat&post=722"},{"taxonomy":"product_tag","embeddable":true,"href":"https:\/\/www.houseluz.com\/index.php?rest_route=%2Fwp%2Fv2%2Fproduct_tag&post=722"}],"curies":[{"name":"wp","href":"https:\/\/api.w.org\/{rel}","templated":true}]}}