{"id":721,"date":"2024-06-07T16:48:28","date_gmt":"2024-06-07T16:48:28","guid":{"rendered":"https:\/\/www.houseluz.com\/?post_type=product&#038;p=721"},"modified":"2024-06-07T16:48:28","modified_gmt":"2024-06-07T16:48:28","slug":"apus-oval-grande","status":"publish","type":"product","link":"https:\/\/www.houseluz.com\/?product=apus-oval-grande","title":{"rendered":"Apus Oval Grande"},"content":{"rendered":"<p>Explora la elegancia atemporal con el aplique de exterior oval de la serie APUS. Confeccionado en aluminio negro y cristal, este aplique combina estilo y funcionalidad para iluminar tus espacios exteriores con distinci\u00f3n.<\/p>\n<p>Con unas dimensiones de 11,5&#215;27,5&#215;15,5 cm, este aplique presenta una forma ovalada que a\u00f1ade un toque de sofisticaci\u00f3n a cualquier \u00e1rea exterior. Su dise\u00f1o minimalista y su acabado en aluminio y cristal crean una apariencia moderna y atemporal que se integra f\u00e1cilmente en cualquier entorno.<\/p>\n<p>Equipado con un portal\u00e1mparas E27 y una bombilla incluida, este aplique ofrece una instalaci\u00f3n r\u00e1pida y sencilla. Adem\u00e1s, con un \u00edndice de protecci\u00f3n IP44, est\u00e1 dise\u00f1ado para resistir salpicaduras de agua y polvo, garantizando un rendimiento \u00f3ptimo incluso en condiciones clim\u00e1ticas adversas.<\/p>\n<p>La serie APUS ofrece una variedad de opciones para adaptarse a tus necesidades y preferencias. Adem\u00e1s del dise\u00f1o ovalado grande, tambi\u00e9n puedes encontrar apliques oval peque\u00f1os y apliques redondos en dos tama\u00f1os diferentes. Todos los modelos est\u00e1n disponibles tanto en blanco como en negro, ofreci\u00e9ndote la flexibilidad de elegir el que mejor se adapte a tu estilo y entorno.<\/p>\n","protected":false},"excerpt":{"rendered":"<p>Explora la elegancia atemporal con el aplique de exterior oval de la serie APUS. Confeccionado en aluminio negro y cristal, este aplique combina estilo y funcionalidad para iluminar tus espacios exteriores con distinci\u00f3n. Con unas dimensiones de 11,5&#215;27,5&#215;15,5 cm, este aplique presenta una forma ovalada que a\u00f1ade un toque de sofisticaci\u00f3n a cualquier \u00e1rea exterior. [&hellip;]<\/p>\n","protected":false},"featured_media":698,"comment_status":"open","ping_status":"closed","template":"","meta":[],"product_cat":[26,19],"product_tag":[],"_links":{"self":[{"href":"https:\/\/www.houseluz.com\/index.php?rest_route=\/wp\/v2\/product\/721"}],"collection":[{"href":"https:\/\/www.houseluz.com\/index.php?rest_route=\/wp\/v2\/product"}],"about":[{"href":"https:\/\/www.houseluz.com\/index.php?rest_route=\/wp\/v2\/types\/product"}],"replies":[{"embeddable":true,"href":"https:\/\/www.houseluz.com\/index.php?rest_route=%2Fwp%2Fv2%2Fcomments&post=721"}],"wp:featuredmedia":[{"embeddable":true,"href":"https:\/\/www.houseluz.com\/index.php?rest_route=\/wp\/v2\/media\/698"}],"wp:attachment":[{"href":"https:\/\/www.houseluz.com\/index.php?rest_route=%2Fwp%2Fv2%2Fmedia&parent=721"}],"wp:term":[{"taxonomy":"product_cat","embeddable":true,"href":"https:\/\/www.houseluz.com\/index.php?rest_route=%2Fwp%2Fv2%2Fproduct_cat&post=721"},{"taxonomy":"product_tag","embeddable":true,"href":"https:\/\/www.houseluz.com\/index.php?rest_route=%2Fwp%2Fv2%2Fproduct_tag&post=721"}],"curies":[{"name":"wp","href":"https:\/\/api.w.org\/{rel}","templated":true}]}}