{"id":719,"date":"2024-06-07T16:37:18","date_gmt":"2024-06-07T16:37:18","guid":{"rendered":"https:\/\/www.houseluz.com\/?post_type=product&#038;p=719"},"modified":"2024-06-07T16:37:18","modified_gmt":"2024-06-07T16:37:18","slug":"apus-grande","status":"publish","type":"product","link":"https:\/\/www.houseluz.com\/?product=apus-grande","title":{"rendered":"Apus Grande"},"content":{"rendered":"<p>Sum\u00e9rgete en un mundo de elegancia y funcionalidad con el aplique exterior redondo de la serie APUS. En un tono blanco que irradia pureza y sofisticaci\u00f3n, este aplique redefine la iluminaci\u00f3n exterior con su dise\u00f1o \u00fanico y sus prestaciones de primera categor\u00eda.<\/p>\n<p>Con unas dimensiones de 11x25x25 cm, este aplique presenta una presencia imponente pero elegante. Su forma redonda y su acabado en aluminio y cristal se combinan para crear una pieza que destaca por su estilo atemporal y su capacidad para realzar cualquier espacio exterior.<\/p>\n<p>Equipado con un portal\u00e1mparas E27 y una bombilla incluida, este aplique no solo ofrece una instalaci\u00f3n r\u00e1pida y f\u00e1cil, sino tambi\u00e9n una iluminaci\u00f3n potente y eficiente. Su \u00edndice de protecci\u00f3n IP44 garantiza una resistencia \u00f3ptima a las inclemencias del tiempo, asegurando un rendimiento fiable incluso en las condiciones m\u00e1s exigentes.<\/p>\n<p>La serie APUS va m\u00e1s all\u00e1 de este aplique. Adem\u00e1s del dise\u00f1o redondo grande, tambi\u00e9n puedes encontrar un aplique redondo m\u00e1s peque\u00f1o de 17,5 cm de di\u00e1metro y dise\u00f1os ovales en dos tama\u00f1os diferentes. Todos los modelos est\u00e1n disponibles tanto en blanco como en negro, ofreci\u00e9ndote una amplia variedad de opciones para adaptarse a tu estilo y preferencias.<\/p>\n","protected":false},"excerpt":{"rendered":"<p>Sum\u00e9rgete en un mundo de elegancia y funcionalidad con el aplique exterior redondo de la serie APUS. En un tono blanco que irradia pureza y sofisticaci\u00f3n, este aplique redefine la iluminaci\u00f3n exterior con su dise\u00f1o \u00fanico y sus prestaciones de primera categor\u00eda. Con unas dimensiones de 11x25x25 cm, este aplique presenta una presencia imponente pero [&hellip;]<\/p>\n","protected":false},"featured_media":702,"comment_status":"open","ping_status":"closed","template":"","meta":[],"product_cat":[26,19],"product_tag":[],"_links":{"self":[{"href":"https:\/\/www.houseluz.com\/index.php?rest_route=\/wp\/v2\/product\/719"}],"collection":[{"href":"https:\/\/www.houseluz.com\/index.php?rest_route=\/wp\/v2\/product"}],"about":[{"href":"https:\/\/www.houseluz.com\/index.php?rest_route=\/wp\/v2\/types\/product"}],"replies":[{"embeddable":true,"href":"https:\/\/www.houseluz.com\/index.php?rest_route=%2Fwp%2Fv2%2Fcomments&post=719"}],"wp:featuredmedia":[{"embeddable":true,"href":"https:\/\/www.houseluz.com\/index.php?rest_route=\/wp\/v2\/media\/702"}],"wp:attachment":[{"href":"https:\/\/www.houseluz.com\/index.php?rest_route=%2Fwp%2Fv2%2Fmedia&parent=719"}],"wp:term":[{"taxonomy":"product_cat","embeddable":true,"href":"https:\/\/www.houseluz.com\/index.php?rest_route=%2Fwp%2Fv2%2Fproduct_cat&post=719"},{"taxonomy":"product_tag","embeddable":true,"href":"https:\/\/www.houseluz.com\/index.php?rest_route=%2Fwp%2Fv2%2Fproduct_tag&post=719"}],"curies":[{"name":"wp","href":"https:\/\/api.w.org\/{rel}","templated":true}]}}