{"id":718,"date":"2024-06-07T16:35:41","date_gmt":"2024-06-07T16:35:41","guid":{"rendered":"https:\/\/www.houseluz.com\/?post_type=product&#038;p=718"},"modified":"2024-06-07T16:35:41","modified_gmt":"2024-06-07T16:35:41","slug":"apus-pequeno","status":"publish","type":"product","link":"https:\/\/www.houseluz.com\/?product=apus-pequeno","title":{"rendered":"Apus Peque\u00f1o"},"content":{"rendered":"<p>Transforma tus espacios exteriores con el elegante aplique redondo de la serie APUS. Dise\u00f1ado para combinar estilo y funcionalidad, este aplique es la opci\u00f3n perfecta para aquellos que buscan iluminar con distinci\u00f3n.<\/p>\n<p>Fabricado en aluminio de color negro y cristal, el aplique APUS ofrece una est\u00e9tica moderna y duradera. Sus dimensiones compactas de 9&#215;17,5&#215;17,5 cm lo hacen ideal para cualquier \u00e1rea exterior, proporcionando una presencia discreta pero efectiva.<\/p>\n<p>Este aplique cuenta con un portal\u00e1mparas E27 y viene con la bombilla incluida, lo que facilita su instalaci\u00f3n y uso inmediato. Con un \u00edndice de protecci\u00f3n IP44, es resistente a salpicaduras de agua y al polvo, garantizando un rendimiento \u00f3ptimo en exteriores.<\/p>\n<p>La serie APUS no se limita a un solo dise\u00f1o. Adem\u00e1s del modelo redondo peque\u00f1o, est\u00e1 disponible en un formato redondo grande con 25 cm de di\u00e1metro y en un dise\u00f1o oval en dos tama\u00f1os diferentes. Todos los modelos est\u00e1n disponibles en colores blanco y negro, permitiendo una mayor personalizaci\u00f3n seg\u00fan tus necesidades y gustos est\u00e9ticos.<\/p>\n","protected":false},"excerpt":{"rendered":"<p>Transforma tus espacios exteriores con el elegante aplique redondo de la serie APUS. Dise\u00f1ado para combinar estilo y funcionalidad, este aplique es la opci\u00f3n perfecta para aquellos que buscan iluminar con distinci\u00f3n. Fabricado en aluminio de color negro y cristal, el aplique APUS ofrece una est\u00e9tica moderna y duradera. Sus dimensiones compactas de 9&#215;17,5&#215;17,5 cm [&hellip;]<\/p>\n","protected":false},"featured_media":703,"comment_status":"open","ping_status":"closed","template":"","meta":[],"product_cat":[26,19],"product_tag":[],"_links":{"self":[{"href":"https:\/\/www.houseluz.com\/index.php?rest_route=\/wp\/v2\/product\/718"}],"collection":[{"href":"https:\/\/www.houseluz.com\/index.php?rest_route=\/wp\/v2\/product"}],"about":[{"href":"https:\/\/www.houseluz.com\/index.php?rest_route=\/wp\/v2\/types\/product"}],"replies":[{"embeddable":true,"href":"https:\/\/www.houseluz.com\/index.php?rest_route=%2Fwp%2Fv2%2Fcomments&post=718"}],"wp:featuredmedia":[{"embeddable":true,"href":"https:\/\/www.houseluz.com\/index.php?rest_route=\/wp\/v2\/media\/703"}],"wp:attachment":[{"href":"https:\/\/www.houseluz.com\/index.php?rest_route=%2Fwp%2Fv2%2Fmedia&parent=718"}],"wp:term":[{"taxonomy":"product_cat","embeddable":true,"href":"https:\/\/www.houseluz.com\/index.php?rest_route=%2Fwp%2Fv2%2Fproduct_cat&post=718"},{"taxonomy":"product_tag","embeddable":true,"href":"https:\/\/www.houseluz.com\/index.php?rest_route=%2Fwp%2Fv2%2Fproduct_tag&post=718"}],"curies":[{"name":"wp","href":"https:\/\/api.w.org\/{rel}","templated":true}]}}