{"id":717,"date":"2024-06-07T16:34:02","date_gmt":"2024-06-07T16:34:02","guid":{"rendered":"https:\/\/www.houseluz.com\/?post_type=product&#038;p=717"},"modified":"2024-06-07T16:34:02","modified_gmt":"2024-06-07T16:34:02","slug":"shaula-grande","status":"publish","type":"product","link":"https:\/\/www.houseluz.com\/?product=shaula-grande","title":{"rendered":"Shaula Grande"},"content":{"rendered":"<p>Presentamos el aplique de luz directa, dise\u00f1ado para transformar tus espacios exteriores con un toque de elegancia y eficiencia. Con una sofisticada combinaci\u00f3n de blanco y negro, este aplique no solo ilumina, sino que tambi\u00e9n decora tus \u00e1reas al aire libre.<\/p>\n<p>Este aplique est\u00e1 fabricado en aluminio y cristal, materiales que aseguran una gran durabilidad y un aspecto elegante. Sus dimensiones de 38,5x22x12,5 cm lo hacen perfecto para proporcionar una iluminaci\u00f3n efectiva sin ocupar demasiado espacio. Adem\u00e1s, viene con dos portal\u00e1mparas E27 y las bombillas incluidas, para que puedas disfrutar de su luz desde el primer momento.<\/p>\n<p>Recomendado para exteriores, este aplique cuenta con un \u00edndice de protecci\u00f3n IP44, que lo hace resistente a las salpicaduras de agua y al polvo. Su instalaci\u00f3n en superficie es sencilla y r\u00e1pida, ideal para porches, entradas y cualquier \u00e1rea exterior que necesite una iluminaci\u00f3n directa y confiable. Funciona con un voltaje de 220-240 V, asegurando compatibilidad con la mayor\u00eda de los sistemas el\u00e9ctricos.<\/p>\n","protected":false},"excerpt":{"rendered":"<p>Presentamos el aplique de luz directa, dise\u00f1ado para transformar tus espacios exteriores con un toque de elegancia y eficiencia. Con una sofisticada combinaci\u00f3n de blanco y negro, este aplique no solo ilumina, sino que tambi\u00e9n decora tus \u00e1reas al aire libre. Este aplique est\u00e1 fabricado en aluminio y cristal, materiales que aseguran una gran durabilidad [&hellip;]<\/p>\n","protected":false},"featured_media":706,"comment_status":"open","ping_status":"closed","template":"","meta":[],"product_cat":[26,19],"product_tag":[],"_links":{"self":[{"href":"https:\/\/www.houseluz.com\/index.php?rest_route=\/wp\/v2\/product\/717"}],"collection":[{"href":"https:\/\/www.houseluz.com\/index.php?rest_route=\/wp\/v2\/product"}],"about":[{"href":"https:\/\/www.houseluz.com\/index.php?rest_route=\/wp\/v2\/types\/product"}],"replies":[{"embeddable":true,"href":"https:\/\/www.houseluz.com\/index.php?rest_route=%2Fwp%2Fv2%2Fcomments&post=717"}],"wp:featuredmedia":[{"embeddable":true,"href":"https:\/\/www.houseluz.com\/index.php?rest_route=\/wp\/v2\/media\/706"}],"wp:attachment":[{"href":"https:\/\/www.houseluz.com\/index.php?rest_route=%2Fwp%2Fv2%2Fmedia&parent=717"}],"wp:term":[{"taxonomy":"product_cat","embeddable":true,"href":"https:\/\/www.houseluz.com\/index.php?rest_route=%2Fwp%2Fv2%2Fproduct_cat&post=717"},{"taxonomy":"product_tag","embeddable":true,"href":"https:\/\/www.houseluz.com\/index.php?rest_route=%2Fwp%2Fv2%2Fproduct_tag&post=717"}],"curies":[{"name":"wp","href":"https:\/\/api.w.org\/{rel}","templated":true}]}}